{"id":10445,"date":"2024-07-27T11:14:03","date_gmt":"2024-07-27T09:14:03","guid":{"rendered":"https:\/\/www.cheminsdereves.fr\/?page_id=10445"},"modified":"2024-09-15T10:57:12","modified_gmt":"2024-09-15T08:57:12","slug":"trottoirs-et-bordures-de-trottoirs","status":"publish","type":"page","link":"https:\/\/www.cheminsdereves.fr\/index.php\/accueil-boutique\/murs-barrieres-et-trottoirs\/trottoirs-et-bordures-de-trottoirs\/","title":{"rendered":"Trottoirs et bordures de trottoirs"},"content":{"rendered":"\t\t<div data-elementor-type=\"wp-page\" data-elementor-id=\"10445\" class=\"elementor elementor-10445\" data-elementor-post-type=\"page\">\n\t\t\t\t\t\t<section class=\"has_eae_slider elementor-section elementor-top-section elementor-element elementor-element-74877c9 elementor-section-full_width elementor-section-stretched elementor-section-height-default elementor-section-height-default\" data-eae-slider=\"44146\" data-id=\"74877c9\" data-element_type=\"section\" data-e-type=\"section\" data-settings=\"{&quot;stretch_section&quot;:&quot;section-stretched&quot;}\">\n\t\t\t\t\t\t<div class=\"elementor-container elementor-column-gap-default\">\n\t\t\t\t\t<div class=\"has_eae_slider elementor-column elementor-col-100 elementor-top-column elementor-element elementor-element-8cccf9e\" data-eae-slider=\"94007\" data-id=\"8cccf9e\" data-element_type=\"column\" data-e-type=\"column\">\n\t\t\t<div class=\"elementor-widget-wrap elementor-element-populated\">\n\t\t\t\t\t\t<div class=\"elementor-element elementor-element-92eac2d elementor-widget elementor-widget-heading\" data-id=\"92eac2d\" data-element_type=\"widget\" data-e-type=\"widget\" data-widget_type=\"heading.default\">\n\t\t\t\t<div class=\"elementor-widget-container\">\n\t\t\t\t\t<h2 class=\"elementor-heading-title elementor-size-default\">Trottoirs et bordures de trottoirs<\/h2>\t\t\t\t<\/div>\n\t\t\t\t<\/div>\n\t\t\t\t<section class=\"has_eae_slider elementor-section elementor-inner-section elementor-element elementor-element-7f6de6c elementor-section-boxed elementor-section-height-default elementor-section-height-default\" data-eae-slider=\"52352\" data-id=\"7f6de6c\" data-element_type=\"section\" data-e-type=\"section\" data-settings=\"{&quot;background_background&quot;:&quot;classic&quot;}\">\n\t\t\t\t\t\t\t<div class=\"elementor-background-overlay\"><\/div>\n\t\t\t\t\t\t\t<div class=\"elementor-container elementor-column-gap-default\">\n\t\t\t\t\t<div class=\"has_eae_slider elementor-column elementor-col-100 elementor-inner-column elementor-element elementor-element-228cf59\" data-eae-slider=\"83820\" data-id=\"228cf59\" data-element_type=\"column\" data-e-type=\"column\">\n\t\t\t<div class=\"elementor-widget-wrap elementor-element-populated\">\n\t\t\t\t\t\t<div class=\"elementor-element elementor-element-8ab97fa elementor-widget elementor-widget-text-editor\" data-id=\"8ab97fa\" data-element_type=\"widget\" data-e-type=\"widget\" data-widget_type=\"text-editor.default\">\n\t\t\t\t<div class=\"elementor-widget-container\">\n\t\t\t\t\t\t\t\t\t<p>Quelques articles pour fabriquer et d\u00e9tailler vos sols<\/p>\t\t\t\t\t\t\t\t<\/div>\n\t\t\t\t<\/div>\n\t\t\t\t\t<\/div>\n\t\t<\/div>\n\t\t\t\t\t<\/div>\n\t\t<\/section>\n\t\t\t\t<section class=\"has_eae_slider elementor-section elementor-inner-section elementor-element elementor-element-e5a1169 elementor-section-boxed elementor-section-height-default elementor-section-height-default\" data-eae-slider=\"12226\" data-id=\"e5a1169\" data-element_type=\"section\" data-e-type=\"section\" data-settings=\"{&quot;background_background&quot;:&quot;classic&quot;}\">\n\t\t\t\t\t\t<div class=\"elementor-container elementor-column-gap-default\">\n\t\t\t\t\t<div class=\"has_eae_slider elementor-column elementor-col-100 elementor-inner-column elementor-element elementor-element-11e696f\" data-eae-slider=\"12058\" data-id=\"11e696f\" data-element_type=\"column\" data-e-type=\"column\">\n\t\t\t<div class=\"elementor-widget-wrap elementor-element-populated\">\n\t\t\t\t\t\t<div class=\"elementor-element elementor-element-e656b82 elementor-widget elementor-widget-woocommerce-breadcrumb\" data-id=\"e656b82\" data-element_type=\"widget\" data-e-type=\"widget\" data-widget_type=\"woocommerce-breadcrumb.default\">\n\t\t\t\t<div class=\"elementor-widget-container\">\n\t\t\t\t\t<div class=\"site-breadcrumbs woocommerce-breadcrumbs clr\">Accueil<\/div>\t\t\t\t<\/div>\n\t\t\t\t<\/div>\n\t\t\t\t\t<\/div>\n\t\t<\/div>\n\t\t\t\t\t<\/div>\n\t\t<\/section>\n\t\t\t\t\t<\/div>\n\t\t<\/div>\n\t\t\t\t\t<\/div>\n\t\t<\/section>\n\t\t\t\t<section class=\"has_eae_slider elementor-section elementor-top-section elementor-element elementor-element-5b86dbf elementor-section-boxed elementor-section-height-default elementor-section-height-default\" data-eae-slider=\"30787\" data-id=\"5b86dbf\" data-element_type=\"section\" data-e-type=\"section\">\n\t\t\t\t\t\t<div class=\"elementor-container elementor-column-gap-default\">\n\t\t\t\t\t<div class=\"has_eae_slider elementor-column elementor-col-100 elementor-top-column elementor-element elementor-element-762a4c3\" data-eae-slider=\"66030\" data-id=\"762a4c3\" data-element_type=\"column\" data-e-type=\"column\">\n\t\t\t<div class=\"elementor-widget-wrap elementor-element-populated\">\n\t\t\t\t\t\t<div class=\"elementor-element elementor-element-1fca226 elementor-grid-4 elementor-grid-tablet-3 elementor-grid-mobile-2 elementor-products-grid elementor-wc-products elementor-show-pagination-border-yes elementor-widget elementor-widget-woocommerce-products\" data-id=\"1fca226\" data-element_type=\"widget\" data-e-type=\"widget\" data-widget_type=\"woocommerce-products.default\">\n\t\t\t\t<div class=\"elementor-widget-container\">\n\t\t\t\t\t<div class=\"woocommerce columns-4 \"><div class=\"woocommerce-notices-wrapper\"><\/div><div class=\"oceanwp-toolbar clr\"><form class=\"woocommerce-ordering\" method=\"get\">\n\t\t<select\n\t\tname=\"orderby\"\n\t\tclass=\"orderby\"\n\t\t\t\t\taria-label=\"Commande\"\n\t\t\t>\n\t\t\t\t\t<option value=\"menu_order\"  selected='selected'>Tri par d\u00e9faut<\/option>\n\t\t\t\t\t<option value=\"popularity\" >Tri par popularit\u00e9<\/option>\n\t\t\t\t\t<option value=\"rating\" >Tri par notes moyennes<\/option>\n\t\t\t\t\t<option value=\"date\" >Tri du plus r\u00e9cent au plus ancien<\/option>\n\t\t\t\t\t<option value=\"price\" >Tri par tarif croissant<\/option>\n\t\t\t\t\t<option value=\"price-desc\" >Tri par tarif d\u00e9croissant<\/option>\n\t\t\t<\/select>\n\t<input type=\"hidden\" name=\"paged\" value=\"1\" \/>\n\t<\/form>\n<\/div>\r\n<ul class=\"products elementor-grid oceanwp-row clr grid\">\r\n<li class=\"entry has-media has-product-nav col span_1_of_4 owp-content-center owp-thumbs-layout-horizontal owp-btn-normal owp-tabs-layout-horizontal product type-product post-10244 status-publish first instock product_cat-fabrique-en-france product_cat-trottoirs-et-bordures-de-trottoirs product_tag-environnement-ferroviaire-ou-industriel product_tag-environnement-rural product_tag-environnement-urbain product_tag-tout-type-denvironnement has-post-thumbnail taxable shipping-taxable purchasable product-type-variable\">\n\t<div class=\"product-inner clr\">\r\n\t<div class=\"woo-entry-image-swap woo-entry-image clr\">\r\n\t\t<a href=\"https:\/\/www.cheminsdereves.fr\/index.php\/produit\/bordures-de-trottoirs\/\" class=\"woocommerce-LoopProduct-link\"><img fetchpriority=\"high\" decoding=\"async\" width=\"300\" height=\"240\" src=\"https:\/\/www.cheminsdereves.fr\/wp-content\/uploads\/2024\/07\/bordure-trottoir-1-300x240.jpg\" class=\"woo-entry-image-main\" alt=\"Bordures de trottoirs\" itemprop=\"image\" \/><img decoding=\"async\" width=\"300\" height=\"240\" src=\"https:\/\/www.cheminsdereves.fr\/wp-content\/uploads\/2024\/07\/Bordure-trottoir-2-300x240.jpg\" class=\"woo-entry-image-secondary\" alt=\"Bordures de trottoirs\" itemprop=\"image\" \/><\/a><a href=\"#\" id=\"product_id_10244\" class=\"owp-quick-view\" data-product_id=\"10244\" aria-label=\"Pr\u00e9visualiser rapidement le produit Bordures de trottoirs\"><i class=\" icon-eye\" aria-hidden=\"true\" role=\"img\"><\/i> Vue rapide<\/a>\t<\/div><!-- .woo-entry-image-swap -->\r\n\r\n<ul class=\"woo-entry-inner clr\"><li class=\"image-wrap\">\r\n\t<div class=\"woo-entry-image-swap woo-entry-image clr\">\r\n\t\t<a href=\"https:\/\/www.cheminsdereves.fr\/index.php\/produit\/bordures-de-trottoirs\/\" class=\"woocommerce-LoopProduct-link\"><img fetchpriority=\"high\" decoding=\"async\" width=\"300\" height=\"240\" src=\"https:\/\/www.cheminsdereves.fr\/wp-content\/uploads\/2024\/07\/bordure-trottoir-1-300x240.jpg\" class=\"woo-entry-image-main\" alt=\"Bordures de trottoirs\" itemprop=\"image\" \/><img decoding=\"async\" width=\"300\" height=\"240\" src=\"https:\/\/www.cheminsdereves.fr\/wp-content\/uploads\/2024\/07\/Bordure-trottoir-2-300x240.jpg\" class=\"woo-entry-image-secondary\" alt=\"Bordures de trottoirs\" itemprop=\"image\" \/><\/a><a href=\"#\" id=\"product_id_10244\" class=\"owp-quick-view\" data-product_id=\"10244\" aria-label=\"Pr\u00e9visualiser rapidement le produit Bordures de trottoirs\"><i class=\" icon-eye\" aria-hidden=\"true\" role=\"img\"><\/i> Vue rapide<\/a>\t<\/div><!-- .woo-entry-image-swap -->\r\n\r\n<\/li><li class=\"category\"><a href=\"https:\/\/www.cheminsdereves.fr\/index.php\/categorie-produit\/fabrique-en-france\/\" rel=\"tag\">Fabriqu\u00e9 en France<\/a>, <a href=\"https:\/\/www.cheminsdereves.fr\/index.php\/categorie-produit\/murs-barrieres-et-clotures\/trottoirs-et-bordures-de-trottoirs\/\" rel=\"tag\">Trottoirs et bordures de trottoirs<\/a><\/li><li class=\"title\"><h2><a href=\"https:\/\/www.cheminsdereves.fr\/index.php\/produit\/bordures-de-trottoirs\/\">Bordures de trottoirs<\/a><\/h2><\/li><li class=\"price-wrap\">\n\t<span class=\"price\"><span class=\"woocommerce-Price-amount amount\"><bdi>6,9<span class=\"woocommerce-Price-currencySymbol\">&euro;<\/span><\/bdi><\/span><\/span>\n<\/li><li class=\"rating\"><\/li><li class=\"btn-wrap clr\"><a href=\"https:\/\/www.cheminsdereves.fr\/index.php\/produit\/bordures-de-trottoirs\/\" aria-describedby=\"woocommerce_loop_add_to_cart_link_describedby_10244\" data-quantity=\"1\" class=\"button product_type_variable add_to_cart_button\" data-product_id=\"10244\" data-product_sku=\"\" aria-label=\"S\u00e9lectionner les options pour &ldquo;Bordures de trottoirs&rdquo;\" rel=\"nofollow\">Choix des options<\/a>\t<span id=\"woocommerce_loop_add_to_cart_link_describedby_10244\" class=\"screen-reader-text\">\n\t\tCe produit a plusieurs variations. Les options peuvent \u00eatre choisies sur la page du produit\t<\/span>\n<\/li><\/ul><\/div><!-- .product-inner .clr --><\/li>\n<\/ul>\n<\/div>\t\t\t\t<\/div>\n\t\t\t\t<\/div>\n\t\t\t\t\t<\/div>\n\t\t<\/div>\n\t\t\t\t\t<\/div>\n\t\t<\/section>\n\t\t\t\t<\/div>\n\t\t","protected":false},"excerpt":{"rendered":"<p>Quelques articles pour fabriquer et d\u00e9tailler vos sols<\/p>\n","protected":false},"author":2,"featured_media":0,"parent":10360,"menu_order":0,"comment_status":"closed","ping_status":"closed","template":"elementor_header_footer","meta":{"ocean_post_layout":"","ocean_both_sidebars_style":"","ocean_both_sidebars_content_width":0,"ocean_both_sidebars_sidebars_width":0,"ocean_sidebar":"","ocean_second_sidebar":"","ocean_disable_margins":"enable","ocean_add_body_class":"","ocean_shortcode_before_top_bar":"","ocean_shortcode_after_top_bar":"","ocean_shortcode_before_header":"","ocean_shortcode_after_header":"","ocean_has_shortcode":"","ocean_shortcode_after_title":"","ocean_shortcode_before_footer_widgets":"","ocean_shortcode_after_footer_widgets":"","ocean_shortcode_before_footer_bottom":"","ocean_shortcode_after_footer_bottom":"","ocean_display_top_bar":"default","ocean_display_header":"default","ocean_header_style":"","ocean_center_header_left_menu":"","ocean_custom_header_template":"","ocean_custom_logo":0,"ocean_custom_retina_logo":0,"ocean_custom_logo_max_width":0,"ocean_custom_logo_tablet_max_width":0,"ocean_custom_logo_mobile_max_width":0,"ocean_custom_logo_max_height":0,"ocean_custom_logo_tablet_max_height":0,"ocean_custom_logo_mobile_max_height":0,"ocean_header_custom_menu":"","ocean_menu_typo_font_family":"","ocean_menu_typo_font_subset":"","ocean_menu_typo_font_size":0,"ocean_menu_typo_font_size_tablet":0,"ocean_menu_typo_font_size_mobile":0,"ocean_menu_typo_font_size_unit":"px","ocean_menu_typo_font_weight":"","ocean_menu_typo_font_weight_tablet":"","ocean_menu_typo_font_weight_mobile":"","ocean_menu_typo_transform":"","ocean_menu_typo_transform_tablet":"","ocean_menu_typo_transform_mobile":"","ocean_menu_typo_line_height":0,"ocean_menu_typo_line_height_tablet":0,"ocean_menu_typo_line_height_mobile":0,"ocean_menu_typo_line_height_unit":"","ocean_menu_typo_spacing":0,"ocean_menu_typo_spacing_tablet":0,"ocean_menu_typo_spacing_mobile":0,"ocean_menu_typo_spacing_unit":"","ocean_menu_link_color":"","ocean_menu_link_color_hover":"","ocean_menu_link_color_active":"","ocean_menu_link_background":"","ocean_menu_link_hover_background":"","ocean_menu_link_active_background":"","ocean_menu_social_links_bg":"","ocean_menu_social_hover_links_bg":"","ocean_menu_social_links_color":"","ocean_menu_social_hover_links_color":"","ocean_disable_title":"default","ocean_disable_heading":"default","ocean_post_title":"","ocean_post_subheading":"","ocean_post_title_style":"","ocean_post_title_background_color":"","ocean_post_title_background":0,"ocean_post_title_bg_image_position":"","ocean_post_title_bg_image_attachment":"","ocean_post_title_bg_image_repeat":"","ocean_post_title_bg_image_size":"","ocean_post_title_height":0,"ocean_post_title_bg_overlay":0.5,"ocean_post_title_bg_overlay_color":"","ocean_disable_breadcrumbs":"default","ocean_breadcrumbs_color":"","ocean_breadcrumbs_separator_color":"","ocean_breadcrumbs_links_color":"","ocean_breadcrumbs_links_hover_color":"","ocean_display_footer_widgets":"default","ocean_display_footer_bottom":"default","ocean_custom_footer_template":"","footnotes":""},"class_list":["post-10445","page","type-page","status-publish","hentry","entry","owp-thumbs-layout-horizontal","owp-btn-normal","owp-tabs-layout-horizontal","has-no-thumbnails","has-product-nav"],"yoast_head":"<!-- This site is optimized with the Yoast SEO plugin v27.3 - https:\/\/yoast.com\/product\/yoast-seo-wordpress\/ -->\n<title>Trottoirs et bordures de trottoirs - Chemins de R\u00eaves<\/title>\n<meta name=\"robots\" content=\"index, follow, max-snippet:-1, max-image-preview:large, max-video-preview:-1\" \/>\n<link rel=\"canonical\" href=\"https:\/\/www.cheminsdereves.fr\/index.php\/accueil-boutique\/murs-barrieres-et-trottoirs\/trottoirs-et-bordures-de-trottoirs\/\" \/>\n<meta property=\"og:locale\" content=\"fr_FR\" \/>\n<meta property=\"og:type\" content=\"article\" \/>\n<meta property=\"og:title\" content=\"Trottoirs et bordures de trottoirs - Chemins de R\u00eaves\" \/>\n<meta property=\"og:description\" content=\"Quelques articles pour fabriquer et d\u00e9tailler vos sols\" \/>\n<meta property=\"og:url\" content=\"https:\/\/www.cheminsdereves.fr\/index.php\/accueil-boutique\/murs-barrieres-et-trottoirs\/trottoirs-et-bordures-de-trottoirs\/\" \/>\n<meta property=\"og:site_name\" content=\"Chemins de R\u00eaves\" \/>\n<meta property=\"article:modified_time\" content=\"2024-09-15T08:57:12+00:00\" \/>\n<meta name=\"twitter:card\" content=\"summary_large_image\" \/>\n<meta name=\"twitter:label1\" content=\"Dur\u00e9e de lecture estim\u00e9e\" \/>\n\t<meta name=\"twitter:data1\" content=\"2 minutes\" \/>\n<script type=\"application\/ld+json\" class=\"yoast-schema-graph\">{\"@context\":\"https:\\\/\\\/schema.org\",\"@graph\":[{\"@type\":\"WebPage\",\"@id\":\"https:\\\/\\\/www.cheminsdereves.fr\\\/index.php\\\/accueil-boutique\\\/murs-barrieres-et-trottoirs\\\/trottoirs-et-bordures-de-trottoirs\\\/\",\"url\":\"https:\\\/\\\/www.cheminsdereves.fr\\\/index.php\\\/accueil-boutique\\\/murs-barrieres-et-trottoirs\\\/trottoirs-et-bordures-de-trottoirs\\\/\",\"name\":\"Trottoirs et bordures de trottoirs - Chemins de R\u00eaves\",\"isPartOf\":{\"@id\":\"https:\\\/\\\/www.cheminsdereves.fr\\\/#website\"},\"datePublished\":\"2024-07-27T09:14:03+00:00\",\"dateModified\":\"2024-09-15T08:57:12+00:00\",\"breadcrumb\":{\"@id\":\"https:\\\/\\\/www.cheminsdereves.fr\\\/index.php\\\/accueil-boutique\\\/murs-barrieres-et-trottoirs\\\/trottoirs-et-bordures-de-trottoirs\\\/#breadcrumb\"},\"inLanguage\":\"fr-FR\",\"potentialAction\":[{\"@type\":\"ReadAction\",\"target\":[\"https:\\\/\\\/www.cheminsdereves.fr\\\/index.php\\\/accueil-boutique\\\/murs-barrieres-et-trottoirs\\\/trottoirs-et-bordures-de-trottoirs\\\/\"]}]},{\"@type\":\"BreadcrumbList\",\"@id\":\"https:\\\/\\\/www.cheminsdereves.fr\\\/index.php\\\/accueil-boutique\\\/murs-barrieres-et-trottoirs\\\/trottoirs-et-bordures-de-trottoirs\\\/#breadcrumb\",\"itemListElement\":[{\"@type\":\"ListItem\",\"position\":1,\"name\":\"Accueil\",\"item\":\"https:\\\/\\\/www.cheminsdereves.fr\\\/\"},{\"@type\":\"ListItem\",\"position\":2,\"name\":\"Accueil Boutique\",\"item\":\"https:\\\/\\\/www.cheminsdereves.fr\\\/index.php\\\/accueil-boutique\\\/\"},{\"@type\":\"ListItem\",\"position\":3,\"name\":\"Murs, barri\u00e8res et trottoirs\",\"item\":\"https:\\\/\\\/www.cheminsdereves.fr\\\/index.php\\\/accueil-boutique\\\/murs-barrieres-et-trottoirs\\\/\"},{\"@type\":\"ListItem\",\"position\":4,\"name\":\"Trottoirs et bordures de trottoirs\"}]},{\"@type\":\"WebSite\",\"@id\":\"https:\\\/\\\/www.cheminsdereves.fr\\\/#website\",\"url\":\"https:\\\/\\\/www.cheminsdereves.fr\\\/\",\"name\":\"Chemins de R\u00eaves\",\"description\":\"Un site consacr\u00e9 au mod\u00e9lisme ferroviaire\",\"publisher\":{\"@id\":\"https:\\\/\\\/www.cheminsdereves.fr\\\/#organization\"},\"potentialAction\":[{\"@type\":\"SearchAction\",\"target\":{\"@type\":\"EntryPoint\",\"urlTemplate\":\"https:\\\/\\\/www.cheminsdereves.fr\\\/?s={search_term_string}\"},\"query-input\":{\"@type\":\"PropertyValueSpecification\",\"valueRequired\":true,\"valueName\":\"search_term_string\"}}],\"inLanguage\":\"fr-FR\"},{\"@type\":\"Organization\",\"@id\":\"https:\\\/\\\/www.cheminsdereves.fr\\\/#organization\",\"name\":\"Chemins de R\u00eaves\",\"url\":\"https:\\\/\\\/www.cheminsdereves.fr\\\/\",\"logo\":{\"@type\":\"ImageObject\",\"inLanguage\":\"fr-FR\",\"@id\":\"https:\\\/\\\/www.cheminsdereves.fr\\\/#\\\/schema\\\/logo\\\/image\\\/\",\"url\":\"https:\\\/\\\/www.cheminsdereves.fr\\\/wp-content\\\/uploads\\\/2023\\\/05\\\/LogoBandeau.png\",\"contentUrl\":\"https:\\\/\\\/www.cheminsdereves.fr\\\/wp-content\\\/uploads\\\/2023\\\/05\\\/LogoBandeau.png\",\"width\":4871,\"height\":1000,\"caption\":\"Chemins de R\u00eaves\"},\"image\":{\"@id\":\"https:\\\/\\\/www.cheminsdereves.fr\\\/#\\\/schema\\\/logo\\\/image\\\/\"}}]}<\/script>\n<!-- \/ Yoast SEO plugin. -->","yoast_head_json":{"title":"Trottoirs et bordures de trottoirs - Chemins de R\u00eaves","robots":{"index":"index","follow":"follow","max-snippet":"max-snippet:-1","max-image-preview":"max-image-preview:large","max-video-preview":"max-video-preview:-1"},"canonical":"https:\/\/www.cheminsdereves.fr\/index.php\/accueil-boutique\/murs-barrieres-et-trottoirs\/trottoirs-et-bordures-de-trottoirs\/","og_locale":"fr_FR","og_type":"article","og_title":"Trottoirs et bordures de trottoirs - Chemins de R\u00eaves","og_description":"Quelques articles pour fabriquer et d\u00e9tailler vos sols","og_url":"https:\/\/www.cheminsdereves.fr\/index.php\/accueil-boutique\/murs-barrieres-et-trottoirs\/trottoirs-et-bordures-de-trottoirs\/","og_site_name":"Chemins de R\u00eaves","article_modified_time":"2024-09-15T08:57:12+00:00","twitter_card":"summary_large_image","twitter_misc":{"Dur\u00e9e de lecture estim\u00e9e":"2 minutes"},"schema":{"@context":"https:\/\/schema.org","@graph":[{"@type":"WebPage","@id":"https:\/\/www.cheminsdereves.fr\/index.php\/accueil-boutique\/murs-barrieres-et-trottoirs\/trottoirs-et-bordures-de-trottoirs\/","url":"https:\/\/www.cheminsdereves.fr\/index.php\/accueil-boutique\/murs-barrieres-et-trottoirs\/trottoirs-et-bordures-de-trottoirs\/","name":"Trottoirs et bordures de trottoirs - Chemins de R\u00eaves","isPartOf":{"@id":"https:\/\/www.cheminsdereves.fr\/#website"},"datePublished":"2024-07-27T09:14:03+00:00","dateModified":"2024-09-15T08:57:12+00:00","breadcrumb":{"@id":"https:\/\/www.cheminsdereves.fr\/index.php\/accueil-boutique\/murs-barrieres-et-trottoirs\/trottoirs-et-bordures-de-trottoirs\/#breadcrumb"},"inLanguage":"fr-FR","potentialAction":[{"@type":"ReadAction","target":["https:\/\/www.cheminsdereves.fr\/index.php\/accueil-boutique\/murs-barrieres-et-trottoirs\/trottoirs-et-bordures-de-trottoirs\/"]}]},{"@type":"BreadcrumbList","@id":"https:\/\/www.cheminsdereves.fr\/index.php\/accueil-boutique\/murs-barrieres-et-trottoirs\/trottoirs-et-bordures-de-trottoirs\/#breadcrumb","itemListElement":[{"@type":"ListItem","position":1,"name":"Accueil","item":"https:\/\/www.cheminsdereves.fr\/"},{"@type":"ListItem","position":2,"name":"Accueil Boutique","item":"https:\/\/www.cheminsdereves.fr\/index.php\/accueil-boutique\/"},{"@type":"ListItem","position":3,"name":"Murs, barri\u00e8res et trottoirs","item":"https:\/\/www.cheminsdereves.fr\/index.php\/accueil-boutique\/murs-barrieres-et-trottoirs\/"},{"@type":"ListItem","position":4,"name":"Trottoirs et bordures de trottoirs"}]},{"@type":"WebSite","@id":"https:\/\/www.cheminsdereves.fr\/#website","url":"https:\/\/www.cheminsdereves.fr\/","name":"Chemins de R\u00eaves","description":"Un site consacr\u00e9 au mod\u00e9lisme ferroviaire","publisher":{"@id":"https:\/\/www.cheminsdereves.fr\/#organization"},"potentialAction":[{"@type":"SearchAction","target":{"@type":"EntryPoint","urlTemplate":"https:\/\/www.cheminsdereves.fr\/?s={search_term_string}"},"query-input":{"@type":"PropertyValueSpecification","valueRequired":true,"valueName":"search_term_string"}}],"inLanguage":"fr-FR"},{"@type":"Organization","@id":"https:\/\/www.cheminsdereves.fr\/#organization","name":"Chemins de R\u00eaves","url":"https:\/\/www.cheminsdereves.fr\/","logo":{"@type":"ImageObject","inLanguage":"fr-FR","@id":"https:\/\/www.cheminsdereves.fr\/#\/schema\/logo\/image\/","url":"https:\/\/www.cheminsdereves.fr\/wp-content\/uploads\/2023\/05\/LogoBandeau.png","contentUrl":"https:\/\/www.cheminsdereves.fr\/wp-content\/uploads\/2023\/05\/LogoBandeau.png","width":4871,"height":1000,"caption":"Chemins de R\u00eaves"},"image":{"@id":"https:\/\/www.cheminsdereves.fr\/#\/schema\/logo\/image\/"}}]}},"_links":{"self":[{"href":"https:\/\/www.cheminsdereves.fr\/index.php\/wp-json\/wp\/v2\/pages\/10445","targetHints":{"allow":["GET"]}}],"collection":[{"href":"https:\/\/www.cheminsdereves.fr\/index.php\/wp-json\/wp\/v2\/pages"}],"about":[{"href":"https:\/\/www.cheminsdereves.fr\/index.php\/wp-json\/wp\/v2\/types\/page"}],"author":[{"embeddable":true,"href":"https:\/\/www.cheminsdereves.fr\/index.php\/wp-json\/wp\/v2\/users\/2"}],"replies":[{"embeddable":true,"href":"https:\/\/www.cheminsdereves.fr\/index.php\/wp-json\/wp\/v2\/comments?post=10445"}],"version-history":[{"count":10,"href":"https:\/\/www.cheminsdereves.fr\/index.php\/wp-json\/wp\/v2\/pages\/10445\/revisions"}],"predecessor-version":[{"id":12083,"href":"https:\/\/www.cheminsdereves.fr\/index.php\/wp-json\/wp\/v2\/pages\/10445\/revisions\/12083"}],"up":[{"embeddable":true,"href":"https:\/\/www.cheminsdereves.fr\/index.php\/wp-json\/wp\/v2\/pages\/10360"}],"wp:attachment":[{"href":"https:\/\/www.cheminsdereves.fr\/index.php\/wp-json\/wp\/v2\/media?parent=10445"}],"curies":[{"name":"wp","href":"https:\/\/api.w.org\/{rel}","templated":true}]}}