{"id":17811,"date":"2025-09-20T10:59:10","date_gmt":"2025-09-20T08:59:10","guid":{"rendered":"https:\/\/www.cheminsdereves.fr\/?post_type=product&#038;p=17811"},"modified":"2026-04-11T05:46:21","modified_gmt":"2026-04-11T03:46:21","slug":"garage-art-deco-profils-arrondis","status":"publish","type":"product","link":"https:\/\/www.cheminsdereves.fr\/index.php\/produit\/garage-art-deco-profils-arrondis\/","title":{"rendered":"Garage Art D\u00e9co (Profils arrondis)"},"content":{"rendered":"<p>Ce garage de notre collection \u00ab\u00a0Art D\u00e9co\u00a0\u00bb est un repr\u00e9sentant des nombreux et magnifiques garages qui ont \u00e9t\u00e9 construits entre les deux guerres mondiales. En effet, la p\u00e9riode de forte croissance de l&rsquo;industrie et du commerce automobiles a correspondu \u00e0 la p\u00e9riode architecturale Art D\u00e9co. De nombreux investisseurs ont ainsi sollicit\u00e9 des architectes pour construire des concessions et garages automobiles dignes de ce nom et propices \u00e0 attirer des clients de plus en plus nombreux. Il trouvera toute sa place dans un environnement urbain ou p\u00e9ri urbain, mais aussi rural. Notre mod\u00e8le est inspir\u00e9 d&rsquo;un garage r\u00e9el situ\u00e9 \u00e0 Trun dans l&rsquo;Orne (cf. photo dans la galerie). Mais on trouve de tels garages un peu partout en France, certains d&rsquo;ailleurs reconvertis en surfaces commerciales ou autres.<\/p>\n<p>Nous fabriquons ce mod\u00e8le \u00e0 la fois dans sa version profonde (94 mm) et sa version demi-relief (45 mm). La version profonde comporte en plus des ouvertures sur les fa\u00e7ades lat\u00e9rales, un lanterneau en toiture et un plancher interm\u00e9diaire.<\/p>\n<p>Le set comprend :<\/p>\n<ul>\n<li>des planches de carton bois de 2.2 mm &#8211; pour les murs\u00a0 et les principaux \u00e9l\u00e9ments de structure &#8211; qui assure une parfaite rigidit\u00e9,<\/li>\n<li>une planche de carton bois de 1,5 mm principalement pour r\u00e9aliser les supports de toiture,<\/li>\n<li>une planche pr\u00e9 d\u00e9coup\u00e9e en papier Canson de couleur pour r\u00e9aliser les huisseries et baies m\u00e9talliques,<\/li>\n<li>Une autre planche de papier Canson de couleur pour r\u00e9aliser les tuiles,<\/li>\n<li>Une feuille de plastique fin transparent pour r\u00e9aliser les vitrages.<\/li>\n<\/ul>\n<p>Vous pouvez consulter au pr\u00e9alable <a href=\"https:\/\/www.cheminsdereves.fr\/index.php\/la-mise-en-oeuvre-des-garages-art-deco\/\"><strong>la notice de montage<\/strong><\/a> pour mieux d\u00e9couvrir cet immeuble. La couleur ivoire du kit est tr\u00e8s r\u00e9aliste et il peut \u00eatre mis en \u0153uvre tel quel. Si vous envisagez de peindre votre kit, vous pouvez aussi consulter <a href=\"https:\/\/www.cheminsdereves.fr\/index.php\/support\/la-peinture-et-la-patine-des-immeubles-en-carton-bois\/\"><strong>le guide pour la d\u00e9coration et la patine<\/strong><\/a> de ces immeubles en carton bois.<\/p>\n<p>Produit cr\u00e9\u00e9, d\u00e9velopp\u00e9, industrialis\u00e9 et produit en France<\/p>\n<p>&nbsp;<\/p>\n","protected":false},"excerpt":{"rendered":"<p>Ce garage de notre collection \u00ab\u00a0Art D\u00e9co\u00a0\u00bb est un repr\u00e9sentant des nombreux et magnifiques garages qui ont \u00e9t\u00e9 construits entre les deux guerres mondiales. En effet, la p\u00e9riode de forte croissance de l&rsquo;industrie et du commerce automobiles a correspondu \u00e0 la p\u00e9riode architecturale Art D\u00e9co. De nombreux investisseurs ont ainsi sollicit\u00e9 des architectes pour construire [&hellip;]<\/p>\n","protected":false},"featured_media":17871,"comment_status":"open","ping_status":"closed","template":"","meta":{"ocean_post_layout":"","ocean_both_sidebars_style":"","ocean_both_sidebars_content_width":0,"ocean_both_sidebars_sidebars_width":0,"ocean_sidebar":"0","ocean_second_sidebar":"0","ocean_disable_margins":"enable","ocean_add_body_class":"","ocean_shortcode_before_top_bar":"","ocean_shortcode_after_top_bar":"","ocean_shortcode_before_header":"","ocean_shortcode_after_header":"","ocean_has_shortcode":"","ocean_shortcode_after_title":"","ocean_shortcode_before_footer_widgets":"","ocean_shortcode_after_footer_widgets":"","ocean_shortcode_before_footer_bottom":"","ocean_shortcode_after_footer_bottom":"","ocean_display_top_bar":"default","ocean_display_header":"default","ocean_header_style":"","ocean_center_header_left_menu":"0","ocean_custom_header_template":"0","ocean_custom_logo":0,"ocean_custom_retina_logo":0,"ocean_custom_logo_max_width":0,"ocean_custom_logo_tablet_max_width":0,"ocean_custom_logo_mobile_max_width":0,"ocean_custom_logo_max_height":0,"ocean_custom_logo_tablet_max_height":0,"ocean_custom_logo_mobile_max_height":0,"ocean_header_custom_menu":"0","ocean_menu_typo_font_family":"0","ocean_menu_typo_font_subset":"","ocean_menu_typo_font_size":0,"ocean_menu_typo_font_size_tablet":0,"ocean_menu_typo_font_size_mobile":0,"ocean_menu_typo_font_size_unit":"px","ocean_menu_typo_font_weight":"","ocean_menu_typo_font_weight_tablet":"","ocean_menu_typo_font_weight_mobile":"","ocean_menu_typo_transform":"","ocean_menu_typo_transform_tablet":"","ocean_menu_typo_transform_mobile":"","ocean_menu_typo_line_height":0,"ocean_menu_typo_line_height_tablet":0,"ocean_menu_typo_line_height_mobile":0,"ocean_menu_typo_line_height_unit":"","ocean_menu_typo_spacing":0,"ocean_menu_typo_spacing_tablet":0,"ocean_menu_typo_spacing_mobile":0,"ocean_menu_typo_spacing_unit":"","ocean_menu_link_color":"","ocean_menu_link_color_hover":"","ocean_menu_link_color_active":"","ocean_menu_link_background":"","ocean_menu_link_hover_background":"","ocean_menu_link_active_background":"","ocean_menu_social_links_bg":"","ocean_menu_social_hover_links_bg":"","ocean_menu_social_links_color":"","ocean_menu_social_hover_links_color":"","ocean_disable_title":"default","ocean_disable_heading":"default","ocean_post_title":"","ocean_post_subheading":"","ocean_post_title_style":"","ocean_post_title_background_color":"","ocean_post_title_background":0,"ocean_post_title_bg_image_position":"","ocean_post_title_bg_image_attachment":"","ocean_post_title_bg_image_repeat":"","ocean_post_title_bg_image_size":"","ocean_post_title_height":0,"ocean_post_title_bg_overlay":0.5,"ocean_post_title_bg_overlay_color":"","ocean_disable_breadcrumbs":"default","ocean_breadcrumbs_color":"","ocean_breadcrumbs_separator_color":"","ocean_breadcrumbs_links_color":"","ocean_breadcrumbs_links_hover_color":"","ocean_display_footer_widgets":"default","ocean_display_footer_bottom":"default","ocean_custom_footer_template":"0"},"product_brand":[],"product_cat":[85,77,51],"product_tag":[55,54,56,53],"class_list":{"0":"post-17811","1":"product","2":"type-product","3":"status-publish","4":"has-post-thumbnail","6":"product_cat-art-deco","7":"product_cat-fabrique-en-france","8":"product_cat-immeubles-et-batiments","9":"product_tag-environnement-ferroviaire-ou-industriel","10":"product_tag-environnement-rural","11":"product_tag-environnement-urbain","12":"product_tag-tout-type-denvironnement","14":"entry","15":"has-media","17":"first","18":"instock","19":"taxable","20":"shipping-taxable","21":"purchasable","22":"product-type-variable","23":"has-product-nav","24":"col","25":"span_1_of_4","26":"owp-content-center","27":"owp-thumbs-layout-horizontal","28":"owp-btn-normal","29":"owp-tabs-layout-horizontal"},"yoast_head":"<!-- This site is optimized with the Yoast SEO plugin v27.3 - https:\/\/yoast.com\/product\/yoast-seo-wordpress\/ -->\n<title>Garage Art D\u00e9co (Profils arrondis) - Chemins de R\u00eaves<\/title>\n<meta name=\"description\" content=\"Un kit permettant de construire un garage automobile de style Art D\u00e9co \u00e0 l&#039;\u00e9chelle HO. Des versions compl\u00e8tes ou demi-relief sont disponibles\" \/>\n<meta name=\"robots\" content=\"index, follow, max-snippet:-1, max-image-preview:large, max-video-preview:-1\" \/>\n<link rel=\"canonical\" href=\"https:\/\/www.cheminsdereves.fr\/index.php\/produit\/garage-art-deco-profils-arrondis\/\" \/>\n<meta property=\"og:locale\" content=\"fr_FR\" \/>\n<meta property=\"og:type\" content=\"article\" \/>\n<meta property=\"og:title\" content=\"Garage Art D\u00e9co (Profils arrondis) - Chemins de R\u00eaves\" \/>\n<meta property=\"og:description\" content=\"Un kit permettant de construire un garage automobile de style Art D\u00e9co \u00e0 l&#039;\u00e9chelle HO. Des versions compl\u00e8tes ou demi-relief sont disponibles\" \/>\n<meta property=\"og:url\" content=\"https:\/\/www.cheminsdereves.fr\/index.php\/produit\/garage-art-deco-profils-arrondis\/\" \/>\n<meta property=\"og:site_name\" content=\"Chemins de R\u00eaves\" \/>\n<meta property=\"article:modified_time\" content=\"2026-04-11T03:46:21+00:00\" \/>\n<meta property=\"og:image\" content=\"https:\/\/www.cheminsdereves.fr\/wp-content\/uploads\/2025\/09\/Garage-art-deco-3.jpg\" \/>\n\t<meta property=\"og:image:width\" content=\"320\" \/>\n\t<meta property=\"og:image:height\" content=\"240\" \/>\n\t<meta property=\"og:image:type\" content=\"image\/jpeg\" \/>\n<meta name=\"twitter:card\" content=\"summary_large_image\" \/>\n<meta name=\"twitter:label1\" content=\"Dur\u00e9e de lecture estim\u00e9e\" \/>\n\t<meta name=\"twitter:data1\" content=\"2 minutes\" \/>\n<script type=\"application\/ld+json\" class=\"yoast-schema-graph\">{\"@context\":\"https:\\\/\\\/schema.org\",\"@graph\":[{\"@type\":\"WebPage\",\"@id\":\"https:\\\/\\\/www.cheminsdereves.fr\\\/index.php\\\/produit\\\/garage-art-deco-profils-arrondis\\\/\",\"url\":\"https:\\\/\\\/www.cheminsdereves.fr\\\/index.php\\\/produit\\\/garage-art-deco-profils-arrondis\\\/\",\"name\":\"Garage Art D\u00e9co (Profils arrondis) - Chemins de R\u00eaves\",\"isPartOf\":{\"@id\":\"https:\\\/\\\/www.cheminsdereves.fr\\\/#website\"},\"primaryImageOfPage\":{\"@id\":\"https:\\\/\\\/www.cheminsdereves.fr\\\/index.php\\\/produit\\\/garage-art-deco-profils-arrondis\\\/#primaryimage\"},\"image\":{\"@id\":\"https:\\\/\\\/www.cheminsdereves.fr\\\/index.php\\\/produit\\\/garage-art-deco-profils-arrondis\\\/#primaryimage\"},\"thumbnailUrl\":\"https:\\\/\\\/www.cheminsdereves.fr\\\/wp-content\\\/uploads\\\/2025\\\/09\\\/Garage-art-deco-3.jpg\",\"datePublished\":\"2025-09-20T08:59:10+00:00\",\"dateModified\":\"2026-04-11T03:46:21+00:00\",\"description\":\"Un kit permettant de construire un garage automobile de style Art D\u00e9co \u00e0 l'\u00e9chelle HO. Des versions compl\u00e8tes ou demi-relief sont disponibles\",\"breadcrumb\":{\"@id\":\"https:\\\/\\\/www.cheminsdereves.fr\\\/index.php\\\/produit\\\/garage-art-deco-profils-arrondis\\\/#breadcrumb\"},\"inLanguage\":\"fr-FR\",\"potentialAction\":[{\"@type\":\"ReadAction\",\"target\":[\"https:\\\/\\\/www.cheminsdereves.fr\\\/index.php\\\/produit\\\/garage-art-deco-profils-arrondis\\\/\"]}]},{\"@type\":\"ImageObject\",\"inLanguage\":\"fr-FR\",\"@id\":\"https:\\\/\\\/www.cheminsdereves.fr\\\/index.php\\\/produit\\\/garage-art-deco-profils-arrondis\\\/#primaryimage\",\"url\":\"https:\\\/\\\/www.cheminsdereves.fr\\\/wp-content\\\/uploads\\\/2025\\\/09\\\/Garage-art-deco-3.jpg\",\"contentUrl\":\"https:\\\/\\\/www.cheminsdereves.fr\\\/wp-content\\\/uploads\\\/2025\\\/09\\\/Garage-art-deco-3.jpg\",\"width\":320,\"height\":240},{\"@type\":\"BreadcrumbList\",\"@id\":\"https:\\\/\\\/www.cheminsdereves.fr\\\/index.php\\\/produit\\\/garage-art-deco-profils-arrondis\\\/#breadcrumb\",\"itemListElement\":[{\"@type\":\"ListItem\",\"position\":1,\"name\":\"Accueil\",\"item\":\"https:\\\/\\\/www.cheminsdereves.fr\\\/\"},{\"@type\":\"ListItem\",\"position\":2,\"name\":\"Boutique\",\"item\":\"https:\\\/\\\/www.cheminsdereves.fr\\\/index.php\\\/boutique-articles-modelisme-ferroviaire\\\/\"},{\"@type\":\"ListItem\",\"position\":3,\"name\":\"Garage Art D\u00e9co (Profils arrondis)\"}]},{\"@type\":\"WebSite\",\"@id\":\"https:\\\/\\\/www.cheminsdereves.fr\\\/#website\",\"url\":\"https:\\\/\\\/www.cheminsdereves.fr\\\/\",\"name\":\"Chemins de R\u00eaves\",\"description\":\"Un site consacr\u00e9 au mod\u00e9lisme ferroviaire\",\"publisher\":{\"@id\":\"https:\\\/\\\/www.cheminsdereves.fr\\\/#organization\"},\"potentialAction\":[{\"@type\":\"SearchAction\",\"target\":{\"@type\":\"EntryPoint\",\"urlTemplate\":\"https:\\\/\\\/www.cheminsdereves.fr\\\/?s={search_term_string}\"},\"query-input\":{\"@type\":\"PropertyValueSpecification\",\"valueRequired\":true,\"valueName\":\"search_term_string\"}}],\"inLanguage\":\"fr-FR\"},{\"@type\":\"Organization\",\"@id\":\"https:\\\/\\\/www.cheminsdereves.fr\\\/#organization\",\"name\":\"Chemins de R\u00eaves\",\"url\":\"https:\\\/\\\/www.cheminsdereves.fr\\\/\",\"logo\":{\"@type\":\"ImageObject\",\"inLanguage\":\"fr-FR\",\"@id\":\"https:\\\/\\\/www.cheminsdereves.fr\\\/#\\\/schema\\\/logo\\\/image\\\/\",\"url\":\"https:\\\/\\\/www.cheminsdereves.fr\\\/wp-content\\\/uploads\\\/2023\\\/05\\\/LogoBandeau.png\",\"contentUrl\":\"https:\\\/\\\/www.cheminsdereves.fr\\\/wp-content\\\/uploads\\\/2023\\\/05\\\/LogoBandeau.png\",\"width\":4871,\"height\":1000,\"caption\":\"Chemins de R\u00eaves\"},\"image\":{\"@id\":\"https:\\\/\\\/www.cheminsdereves.fr\\\/#\\\/schema\\\/logo\\\/image\\\/\"}}]}<\/script>\n<!-- \/ Yoast SEO plugin. -->","yoast_head_json":{"title":"Garage Art D\u00e9co (Profils arrondis) - Chemins de R\u00eaves","description":"Un kit permettant de construire un garage automobile de style Art D\u00e9co \u00e0 l'\u00e9chelle HO. Des versions compl\u00e8tes ou demi-relief sont disponibles","robots":{"index":"index","follow":"follow","max-snippet":"max-snippet:-1","max-image-preview":"max-image-preview:large","max-video-preview":"max-video-preview:-1"},"canonical":"https:\/\/www.cheminsdereves.fr\/index.php\/produit\/garage-art-deco-profils-arrondis\/","og_locale":"fr_FR","og_type":"article","og_title":"Garage Art D\u00e9co (Profils arrondis) - Chemins de R\u00eaves","og_description":"Un kit permettant de construire un garage automobile de style Art D\u00e9co \u00e0 l'\u00e9chelle HO. Des versions compl\u00e8tes ou demi-relief sont disponibles","og_url":"https:\/\/www.cheminsdereves.fr\/index.php\/produit\/garage-art-deco-profils-arrondis\/","og_site_name":"Chemins de R\u00eaves","article_modified_time":"2026-04-11T03:46:21+00:00","og_image":[{"width":320,"height":240,"url":"https:\/\/www.cheminsdereves.fr\/wp-content\/uploads\/2025\/09\/Garage-art-deco-3.jpg","type":"image\/jpeg"}],"twitter_card":"summary_large_image","twitter_misc":{"Dur\u00e9e de lecture estim\u00e9e":"2 minutes"},"schema":{"@context":"https:\/\/schema.org","@graph":[{"@type":"WebPage","@id":"https:\/\/www.cheminsdereves.fr\/index.php\/produit\/garage-art-deco-profils-arrondis\/","url":"https:\/\/www.cheminsdereves.fr\/index.php\/produit\/garage-art-deco-profils-arrondis\/","name":"Garage Art D\u00e9co (Profils arrondis) - Chemins de R\u00eaves","isPartOf":{"@id":"https:\/\/www.cheminsdereves.fr\/#website"},"primaryImageOfPage":{"@id":"https:\/\/www.cheminsdereves.fr\/index.php\/produit\/garage-art-deco-profils-arrondis\/#primaryimage"},"image":{"@id":"https:\/\/www.cheminsdereves.fr\/index.php\/produit\/garage-art-deco-profils-arrondis\/#primaryimage"},"thumbnailUrl":"https:\/\/www.cheminsdereves.fr\/wp-content\/uploads\/2025\/09\/Garage-art-deco-3.jpg","datePublished":"2025-09-20T08:59:10+00:00","dateModified":"2026-04-11T03:46:21+00:00","description":"Un kit permettant de construire un garage automobile de style Art D\u00e9co \u00e0 l'\u00e9chelle HO. Des versions compl\u00e8tes ou demi-relief sont disponibles","breadcrumb":{"@id":"https:\/\/www.cheminsdereves.fr\/index.php\/produit\/garage-art-deco-profils-arrondis\/#breadcrumb"},"inLanguage":"fr-FR","potentialAction":[{"@type":"ReadAction","target":["https:\/\/www.cheminsdereves.fr\/index.php\/produit\/garage-art-deco-profils-arrondis\/"]}]},{"@type":"ImageObject","inLanguage":"fr-FR","@id":"https:\/\/www.cheminsdereves.fr\/index.php\/produit\/garage-art-deco-profils-arrondis\/#primaryimage","url":"https:\/\/www.cheminsdereves.fr\/wp-content\/uploads\/2025\/09\/Garage-art-deco-3.jpg","contentUrl":"https:\/\/www.cheminsdereves.fr\/wp-content\/uploads\/2025\/09\/Garage-art-deco-3.jpg","width":320,"height":240},{"@type":"BreadcrumbList","@id":"https:\/\/www.cheminsdereves.fr\/index.php\/produit\/garage-art-deco-profils-arrondis\/#breadcrumb","itemListElement":[{"@type":"ListItem","position":1,"name":"Accueil","item":"https:\/\/www.cheminsdereves.fr\/"},{"@type":"ListItem","position":2,"name":"Boutique","item":"https:\/\/www.cheminsdereves.fr\/index.php\/boutique-articles-modelisme-ferroviaire\/"},{"@type":"ListItem","position":3,"name":"Garage Art D\u00e9co (Profils arrondis)"}]},{"@type":"WebSite","@id":"https:\/\/www.cheminsdereves.fr\/#website","url":"https:\/\/www.cheminsdereves.fr\/","name":"Chemins de R\u00eaves","description":"Un site consacr\u00e9 au mod\u00e9lisme ferroviaire","publisher":{"@id":"https:\/\/www.cheminsdereves.fr\/#organization"},"potentialAction":[{"@type":"SearchAction","target":{"@type":"EntryPoint","urlTemplate":"https:\/\/www.cheminsdereves.fr\/?s={search_term_string}"},"query-input":{"@type":"PropertyValueSpecification","valueRequired":true,"valueName":"search_term_string"}}],"inLanguage":"fr-FR"},{"@type":"Organization","@id":"https:\/\/www.cheminsdereves.fr\/#organization","name":"Chemins de R\u00eaves","url":"https:\/\/www.cheminsdereves.fr\/","logo":{"@type":"ImageObject","inLanguage":"fr-FR","@id":"https:\/\/www.cheminsdereves.fr\/#\/schema\/logo\/image\/","url":"https:\/\/www.cheminsdereves.fr\/wp-content\/uploads\/2023\/05\/LogoBandeau.png","contentUrl":"https:\/\/www.cheminsdereves.fr\/wp-content\/uploads\/2023\/05\/LogoBandeau.png","width":4871,"height":1000,"caption":"Chemins de R\u00eaves"},"image":{"@id":"https:\/\/www.cheminsdereves.fr\/#\/schema\/logo\/image\/"}}]}},"_links":{"self":[{"href":"https:\/\/www.cheminsdereves.fr\/index.php\/wp-json\/wp\/v2\/product\/17811","targetHints":{"allow":["GET"]}}],"collection":[{"href":"https:\/\/www.cheminsdereves.fr\/index.php\/wp-json\/wp\/v2\/product"}],"about":[{"href":"https:\/\/www.cheminsdereves.fr\/index.php\/wp-json\/wp\/v2\/types\/product"}],"replies":[{"embeddable":true,"href":"https:\/\/www.cheminsdereves.fr\/index.php\/wp-json\/wp\/v2\/comments?post=17811"}],"wp:featuredmedia":[{"embeddable":true,"href":"https:\/\/www.cheminsdereves.fr\/index.php\/wp-json\/wp\/v2\/media\/17871"}],"wp:attachment":[{"href":"https:\/\/www.cheminsdereves.fr\/index.php\/wp-json\/wp\/v2\/media?parent=17811"}],"wp:term":[{"taxonomy":"product_brand","embeddable":true,"href":"https:\/\/www.cheminsdereves.fr\/index.php\/wp-json\/wp\/v2\/product_brand?post=17811"},{"taxonomy":"product_cat","embeddable":true,"href":"https:\/\/www.cheminsdereves.fr\/index.php\/wp-json\/wp\/v2\/product_cat?post=17811"},{"taxonomy":"product_tag","embeddable":true,"href":"https:\/\/www.cheminsdereves.fr\/index.php\/wp-json\/wp\/v2\/product_tag?post=17811"}],"curies":[{"name":"wp","href":"https:\/\/api.w.org\/{rel}","templated":true}]}}