{"id":17897,"date":"2025-09-30T10:44:50","date_gmt":"2025-09-30T08:44:50","guid":{"rendered":"https:\/\/www.cheminsdereves.fr\/?post_type=product&#038;p=17897"},"modified":"2026-03-18T19:03:51","modified_gmt":"2026-03-18T18:03:51","slug":"petit-atelier-annees-50-60","status":"publish","type":"product","link":"https:\/\/www.cheminsdereves.fr\/index.php\/produit\/petit-atelier-annees-50-60\/","title":{"rendered":"Petit atelier ann\u00e9es 50-60"},"content":{"rendered":"<p>Ce petit immeuble de notre collection \u00ab\u00a030 glorieuses\u00a0\u00bb est un repr\u00e9sentant d&rsquo;immeubles construits par milliers durant les trois d\u00e9cennies d&rsquo;apr\u00e8s guerre (cf. photo de l&rsquo;immeuble r\u00e9el dont nous nous sommes inspir\u00e9s dans la galerie de photos). Il trouvera toute sa place dans un environnement urbain ou p\u00e9ri urbain, industriel ou le long d&rsquo;une voie ferr\u00e9e. Comme tous nos immeubles et beaucoup de nos autres produits, il est fabriqu\u00e9 avec du carton bois produit en Suisse.<\/p>\n<p>Il s&rsquo;agit d&rsquo;un immeuble en demi relief \u00e0 installer plut\u00f4t en fond de d\u00e9cor, m\u00e9thode qui s&rsquo;est impos\u00e9e pour r\u00e9aliser des modules par exemple. Sa profondeur est de 45.2 mm (au sol). Il comporte un petit atelier au rez-de-chauss\u00e9e pouvant \u00eatre am\u00e9nag\u00e9 \u00e0 votre guise.<\/p>\n<p>Le set comprend :<\/p>\n<ul>\n<li>des planches de carton bois de 2.2 mm &#8211; pour les murs\u00a0 et les principaux \u00e9l\u00e9ments de structure &#8211; qui assure une parfaite rigidit\u00e9,<\/li>\n<li>une planche de carton bois de 1,5 mm principalement pour r\u00e9aliser les supports de toiture,<\/li>\n<li>une planche pr\u00e9 d\u00e9coup\u00e9e en papier Canson de couleur* pour r\u00e9aliser les persiennes, \u00e0 utiliser \u00e0 votre guise pour varier le rythme de vos huisseries et l&rsquo;habillage du petit atelier.<\/li>\n<li>Une autre planche de papier Canson de couleur pour r\u00e9aliser les tuiles,<\/li>\n<li>une planche pr\u00e9 d\u00e9coup\u00e9e en papier Canson Ivoire pour r\u00e9aliser les huisseries,<\/li>\n<li>Une feuille de plastique fin transparent pour r\u00e9aliser les vitrages,<\/li>\n<li>Deux pi\u00e8ces en m\u00e9tal issues de la gravure chimique pour repr\u00e9senter les rambardes de fen\u00eatres.<\/li>\n<\/ul>\n<p>(* La couleur sur les photos n&rsquo;est pas contractuelle. Nous fournissons ce set en changeant r\u00e9guli\u00e8rement les couleurs des persiennes pour \u00e9viter que nos clients ne se retrouvent avec le m\u00eame set. Il s&rsquo;agit bien entendu de couleurs r\u00e9alistes (gris, vert, bleu).)<\/p>\n<p>Vous pouvez consulter au pr\u00e9alable<a href=\"https:\/\/www.cheminsdereves.fr\/index.php\/la-mise-en-oeuvre-du-petit-batiment-avec-passage-et-de-latelier\/\"> <strong>la notice de montage<\/strong><\/a> pour mieux d\u00e9couvrir cet immeuble. Les photos illustrent un immeuble avec une finition cr\u00e9pie couleur grise. La couleur ivoire du kit est tr\u00e8s r\u00e9aliste et il peut \u00eatre mis en \u0153uvre tel quel. Si vous envisagez de peindre votre kit, vous pouvez aussi consulter <a href=\"https:\/\/www.cheminsdereves.fr\/index.php\/support\/la-peinture-et-la-patine-des-immeubles-en-carton-bois\/\"><strong>le guide pour la d\u00e9coration et la patine<\/strong><\/a> de ces immeubles en carton bois. Certaines des photos pr\u00e9sentent un mod\u00e8le peint, patin\u00e9 et d\u00e9taill\u00e9 (les descentes d&rsquo;eau et les sorties de chemin\u00e9es ne sont pas fournies dans le kit).<\/p>\n<p>Produit cr\u00e9\u00e9, d\u00e9velopp\u00e9, industrialis\u00e9 et produit en France (\u00e0 l&rsquo;exception des pi\u00e8ces issues de la gravure chimique produite en Roumanie)<\/p>\n<p>&nbsp;<\/p>\n","protected":false},"excerpt":{"rendered":"<p>Ce petit immeuble de notre collection \u00ab\u00a030 glorieuses\u00a0\u00bb est un repr\u00e9sentant d&rsquo;immeubles construits par milliers durant les trois d\u00e9cennies d&rsquo;apr\u00e8s guerre (cf. photo de l&rsquo;immeuble r\u00e9el dont nous nous sommes inspir\u00e9s dans la galerie de photos). Il trouvera toute sa place dans un environnement urbain ou p\u00e9ri urbain, industriel ou le long d&rsquo;une voie ferr\u00e9e. [&hellip;]<\/p>\n","protected":false},"featured_media":17898,"comment_status":"open","ping_status":"closed","template":"","meta":{"ocean_post_layout":"","ocean_both_sidebars_style":"","ocean_both_sidebars_content_width":0,"ocean_both_sidebars_sidebars_width":0,"ocean_sidebar":"0","ocean_second_sidebar":"0","ocean_disable_margins":"enable","ocean_add_body_class":"","ocean_shortcode_before_top_bar":"","ocean_shortcode_after_top_bar":"","ocean_shortcode_before_header":"","ocean_shortcode_after_header":"","ocean_has_shortcode":"","ocean_shortcode_after_title":"","ocean_shortcode_before_footer_widgets":"","ocean_shortcode_after_footer_widgets":"","ocean_shortcode_before_footer_bottom":"","ocean_shortcode_after_footer_bottom":"","ocean_display_top_bar":"default","ocean_display_header":"default","ocean_header_style":"","ocean_center_header_left_menu":"0","ocean_custom_header_template":"0","ocean_custom_logo":0,"ocean_custom_retina_logo":0,"ocean_custom_logo_max_width":0,"ocean_custom_logo_tablet_max_width":0,"ocean_custom_logo_mobile_max_width":0,"ocean_custom_logo_max_height":0,"ocean_custom_logo_tablet_max_height":0,"ocean_custom_logo_mobile_max_height":0,"ocean_header_custom_menu":"0","ocean_menu_typo_font_family":"0","ocean_menu_typo_font_subset":"","ocean_menu_typo_font_size":0,"ocean_menu_typo_font_size_tablet":0,"ocean_menu_typo_font_size_mobile":0,"ocean_menu_typo_font_size_unit":"px","ocean_menu_typo_font_weight":"","ocean_menu_typo_font_weight_tablet":"","ocean_menu_typo_font_weight_mobile":"","ocean_menu_typo_transform":"","ocean_menu_typo_transform_tablet":"","ocean_menu_typo_transform_mobile":"","ocean_menu_typo_line_height":0,"ocean_menu_typo_line_height_tablet":0,"ocean_menu_typo_line_height_mobile":0,"ocean_menu_typo_line_height_unit":"","ocean_menu_typo_spacing":0,"ocean_menu_typo_spacing_tablet":0,"ocean_menu_typo_spacing_mobile":0,"ocean_menu_typo_spacing_unit":"","ocean_menu_link_color":"","ocean_menu_link_color_hover":"","ocean_menu_link_color_active":"","ocean_menu_link_background":"","ocean_menu_link_hover_background":"","ocean_menu_link_active_background":"","ocean_menu_social_links_bg":"","ocean_menu_social_hover_links_bg":"","ocean_menu_social_links_color":"","ocean_menu_social_hover_links_color":"","ocean_disable_title":"default","ocean_disable_heading":"default","ocean_post_title":"","ocean_post_subheading":"","ocean_post_title_style":"","ocean_post_title_background_color":"","ocean_post_title_background":0,"ocean_post_title_bg_image_position":"","ocean_post_title_bg_image_attachment":"","ocean_post_title_bg_image_repeat":"","ocean_post_title_bg_image_size":"","ocean_post_title_height":0,"ocean_post_title_bg_overlay":0.5,"ocean_post_title_bg_overlay_color":"","ocean_disable_breadcrumbs":"default","ocean_breadcrumbs_color":"","ocean_breadcrumbs_separator_color":"","ocean_breadcrumbs_links_color":"","ocean_breadcrumbs_links_hover_color":"","ocean_display_footer_widgets":"default","ocean_display_footer_bottom":"default","ocean_custom_footer_template":"0"},"product_brand":[],"product_cat":[77,51,86],"product_tag":[55,56],"class_list":{"0":"post-17897","1":"product","2":"type-product","3":"status-publish","4":"has-post-thumbnail","6":"product_cat-fabrique-en-france","7":"product_cat-immeubles-et-batiments","8":"product_cat-trente-glorieuses","9":"product_tag-environnement-ferroviaire-ou-industriel","10":"product_tag-environnement-urbain","12":"entry","13":"has-media","15":"first","16":"instock","17":"taxable","18":"shipping-taxable","19":"purchasable","20":"product-type-simple","21":"has-product-nav","22":"col","23":"span_1_of_4","24":"owp-content-center","25":"owp-thumbs-layout-horizontal","26":"owp-btn-normal","27":"owp-tabs-layout-horizontal"},"yoast_head":"<!-- This site is optimized with the Yoast SEO plugin v27.3 - https:\/\/yoast.com\/product\/yoast-seo-wordpress\/ -->\n<title>Petit atelier ann\u00e9es 50-60 - Chemins de R\u00eaves<\/title>\n<meta name=\"description\" content=\"Un kit permettant de construire un petit immeuble des ann\u00e9es 50 \u00e0 60 avec un petit atelier au rez-de-chauss\u00e9e \u00e0 l&#039;\u00e9chelle HO 1\/87\" \/>\n<meta name=\"robots\" content=\"index, follow, max-snippet:-1, max-image-preview:large, max-video-preview:-1\" \/>\n<link rel=\"canonical\" href=\"https:\/\/www.cheminsdereves.fr\/index.php\/produit\/petit-atelier-annees-50-60\/\" \/>\n<meta property=\"og:locale\" content=\"fr_FR\" \/>\n<meta property=\"og:type\" content=\"article\" \/>\n<meta property=\"og:title\" content=\"Petit atelier ann\u00e9es 50-60 - Chemins de R\u00eaves\" \/>\n<meta property=\"og:description\" content=\"Un kit permettant de construire un petit immeuble des ann\u00e9es 50 \u00e0 60 avec un petit atelier au rez-de-chauss\u00e9e \u00e0 l&#039;\u00e9chelle HO 1\/87\" \/>\n<meta property=\"og:url\" content=\"https:\/\/www.cheminsdereves.fr\/index.php\/produit\/petit-atelier-annees-50-60\/\" \/>\n<meta property=\"og:site_name\" content=\"Chemins de R\u00eaves\" \/>\n<meta property=\"article:modified_time\" content=\"2026-03-18T18:03:51+00:00\" \/>\n<meta property=\"og:image\" content=\"https:\/\/www.cheminsdereves.fr\/wp-content\/uploads\/2025\/09\/Petit-atelier-1-rotated.jpg\" \/>\n\t<meta property=\"og:image:width\" content=\"320\" \/>\n\t<meta property=\"og:image:height\" content=\"320\" \/>\n\t<meta property=\"og:image:type\" content=\"image\/jpeg\" \/>\n<meta name=\"twitter:card\" content=\"summary_large_image\" \/>\n<meta name=\"twitter:label1\" content=\"Dur\u00e9e de lecture estim\u00e9e\" \/>\n\t<meta name=\"twitter:data1\" content=\"3 minutes\" \/>\n<script type=\"application\/ld+json\" class=\"yoast-schema-graph\">{\"@context\":\"https:\\\/\\\/schema.org\",\"@graph\":[{\"@type\":\"WebPage\",\"@id\":\"https:\\\/\\\/www.cheminsdereves.fr\\\/index.php\\\/produit\\\/petit-atelier-annees-50-60\\\/\",\"url\":\"https:\\\/\\\/www.cheminsdereves.fr\\\/index.php\\\/produit\\\/petit-atelier-annees-50-60\\\/\",\"name\":\"Petit atelier ann\u00e9es 50-60 - Chemins de R\u00eaves\",\"isPartOf\":{\"@id\":\"https:\\\/\\\/www.cheminsdereves.fr\\\/#website\"},\"primaryImageOfPage\":{\"@id\":\"https:\\\/\\\/www.cheminsdereves.fr\\\/index.php\\\/produit\\\/petit-atelier-annees-50-60\\\/#primaryimage\"},\"image\":{\"@id\":\"https:\\\/\\\/www.cheminsdereves.fr\\\/index.php\\\/produit\\\/petit-atelier-annees-50-60\\\/#primaryimage\"},\"thumbnailUrl\":\"https:\\\/\\\/www.cheminsdereves.fr\\\/wp-content\\\/uploads\\\/2025\\\/09\\\/Petit-atelier-1-rotated.jpg\",\"datePublished\":\"2025-09-30T08:44:50+00:00\",\"dateModified\":\"2026-03-18T18:03:51+00:00\",\"description\":\"Un kit permettant de construire un petit immeuble des ann\u00e9es 50 \u00e0 60 avec un petit atelier au rez-de-chauss\u00e9e \u00e0 l'\u00e9chelle HO 1\\\/87\",\"breadcrumb\":{\"@id\":\"https:\\\/\\\/www.cheminsdereves.fr\\\/index.php\\\/produit\\\/petit-atelier-annees-50-60\\\/#breadcrumb\"},\"inLanguage\":\"fr-FR\",\"potentialAction\":[{\"@type\":\"ReadAction\",\"target\":[\"https:\\\/\\\/www.cheminsdereves.fr\\\/index.php\\\/produit\\\/petit-atelier-annees-50-60\\\/\"]}]},{\"@type\":\"ImageObject\",\"inLanguage\":\"fr-FR\",\"@id\":\"https:\\\/\\\/www.cheminsdereves.fr\\\/index.php\\\/produit\\\/petit-atelier-annees-50-60\\\/#primaryimage\",\"url\":\"https:\\\/\\\/www.cheminsdereves.fr\\\/wp-content\\\/uploads\\\/2025\\\/09\\\/Petit-atelier-1-rotated.jpg\",\"contentUrl\":\"https:\\\/\\\/www.cheminsdereves.fr\\\/wp-content\\\/uploads\\\/2025\\\/09\\\/Petit-atelier-1-rotated.jpg\",\"width\":320,\"height\":320},{\"@type\":\"BreadcrumbList\",\"@id\":\"https:\\\/\\\/www.cheminsdereves.fr\\\/index.php\\\/produit\\\/petit-atelier-annees-50-60\\\/#breadcrumb\",\"itemListElement\":[{\"@type\":\"ListItem\",\"position\":1,\"name\":\"Accueil\",\"item\":\"https:\\\/\\\/www.cheminsdereves.fr\\\/\"},{\"@type\":\"ListItem\",\"position\":2,\"name\":\"Boutique\",\"item\":\"https:\\\/\\\/www.cheminsdereves.fr\\\/index.php\\\/boutique-articles-modelisme-ferroviaire\\\/\"},{\"@type\":\"ListItem\",\"position\":3,\"name\":\"Petit atelier ann\u00e9es 50-60\"}]},{\"@type\":\"WebSite\",\"@id\":\"https:\\\/\\\/www.cheminsdereves.fr\\\/#website\",\"url\":\"https:\\\/\\\/www.cheminsdereves.fr\\\/\",\"name\":\"Chemins de R\u00eaves\",\"description\":\"Un site consacr\u00e9 au mod\u00e9lisme ferroviaire\",\"publisher\":{\"@id\":\"https:\\\/\\\/www.cheminsdereves.fr\\\/#organization\"},\"potentialAction\":[{\"@type\":\"SearchAction\",\"target\":{\"@type\":\"EntryPoint\",\"urlTemplate\":\"https:\\\/\\\/www.cheminsdereves.fr\\\/?s={search_term_string}\"},\"query-input\":{\"@type\":\"PropertyValueSpecification\",\"valueRequired\":true,\"valueName\":\"search_term_string\"}}],\"inLanguage\":\"fr-FR\"},{\"@type\":\"Organization\",\"@id\":\"https:\\\/\\\/www.cheminsdereves.fr\\\/#organization\",\"name\":\"Chemins de R\u00eaves\",\"url\":\"https:\\\/\\\/www.cheminsdereves.fr\\\/\",\"logo\":{\"@type\":\"ImageObject\",\"inLanguage\":\"fr-FR\",\"@id\":\"https:\\\/\\\/www.cheminsdereves.fr\\\/#\\\/schema\\\/logo\\\/image\\\/\",\"url\":\"https:\\\/\\\/www.cheminsdereves.fr\\\/wp-content\\\/uploads\\\/2023\\\/05\\\/LogoBandeau.png\",\"contentUrl\":\"https:\\\/\\\/www.cheminsdereves.fr\\\/wp-content\\\/uploads\\\/2023\\\/05\\\/LogoBandeau.png\",\"width\":4871,\"height\":1000,\"caption\":\"Chemins de R\u00eaves\"},\"image\":{\"@id\":\"https:\\\/\\\/www.cheminsdereves.fr\\\/#\\\/schema\\\/logo\\\/image\\\/\"}}]}<\/script>\n<!-- \/ Yoast SEO plugin. -->","yoast_head_json":{"title":"Petit atelier ann\u00e9es 50-60 - Chemins de R\u00eaves","description":"Un kit permettant de construire un petit immeuble des ann\u00e9es 50 \u00e0 60 avec un petit atelier au rez-de-chauss\u00e9e \u00e0 l'\u00e9chelle HO 1\/87","robots":{"index":"index","follow":"follow","max-snippet":"max-snippet:-1","max-image-preview":"max-image-preview:large","max-video-preview":"max-video-preview:-1"},"canonical":"https:\/\/www.cheminsdereves.fr\/index.php\/produit\/petit-atelier-annees-50-60\/","og_locale":"fr_FR","og_type":"article","og_title":"Petit atelier ann\u00e9es 50-60 - Chemins de R\u00eaves","og_description":"Un kit permettant de construire un petit immeuble des ann\u00e9es 50 \u00e0 60 avec un petit atelier au rez-de-chauss\u00e9e \u00e0 l'\u00e9chelle HO 1\/87","og_url":"https:\/\/www.cheminsdereves.fr\/index.php\/produit\/petit-atelier-annees-50-60\/","og_site_name":"Chemins de R\u00eaves","article_modified_time":"2026-03-18T18:03:51+00:00","og_image":[{"width":320,"height":320,"url":"https:\/\/www.cheminsdereves.fr\/wp-content\/uploads\/2025\/09\/Petit-atelier-1-rotated.jpg","type":"image\/jpeg"}],"twitter_card":"summary_large_image","twitter_misc":{"Dur\u00e9e de lecture estim\u00e9e":"3 minutes"},"schema":{"@context":"https:\/\/schema.org","@graph":[{"@type":"WebPage","@id":"https:\/\/www.cheminsdereves.fr\/index.php\/produit\/petit-atelier-annees-50-60\/","url":"https:\/\/www.cheminsdereves.fr\/index.php\/produit\/petit-atelier-annees-50-60\/","name":"Petit atelier ann\u00e9es 50-60 - Chemins de R\u00eaves","isPartOf":{"@id":"https:\/\/www.cheminsdereves.fr\/#website"},"primaryImageOfPage":{"@id":"https:\/\/www.cheminsdereves.fr\/index.php\/produit\/petit-atelier-annees-50-60\/#primaryimage"},"image":{"@id":"https:\/\/www.cheminsdereves.fr\/index.php\/produit\/petit-atelier-annees-50-60\/#primaryimage"},"thumbnailUrl":"https:\/\/www.cheminsdereves.fr\/wp-content\/uploads\/2025\/09\/Petit-atelier-1-rotated.jpg","datePublished":"2025-09-30T08:44:50+00:00","dateModified":"2026-03-18T18:03:51+00:00","description":"Un kit permettant de construire un petit immeuble des ann\u00e9es 50 \u00e0 60 avec un petit atelier au rez-de-chauss\u00e9e \u00e0 l'\u00e9chelle HO 1\/87","breadcrumb":{"@id":"https:\/\/www.cheminsdereves.fr\/index.php\/produit\/petit-atelier-annees-50-60\/#breadcrumb"},"inLanguage":"fr-FR","potentialAction":[{"@type":"ReadAction","target":["https:\/\/www.cheminsdereves.fr\/index.php\/produit\/petit-atelier-annees-50-60\/"]}]},{"@type":"ImageObject","inLanguage":"fr-FR","@id":"https:\/\/www.cheminsdereves.fr\/index.php\/produit\/petit-atelier-annees-50-60\/#primaryimage","url":"https:\/\/www.cheminsdereves.fr\/wp-content\/uploads\/2025\/09\/Petit-atelier-1-rotated.jpg","contentUrl":"https:\/\/www.cheminsdereves.fr\/wp-content\/uploads\/2025\/09\/Petit-atelier-1-rotated.jpg","width":320,"height":320},{"@type":"BreadcrumbList","@id":"https:\/\/www.cheminsdereves.fr\/index.php\/produit\/petit-atelier-annees-50-60\/#breadcrumb","itemListElement":[{"@type":"ListItem","position":1,"name":"Accueil","item":"https:\/\/www.cheminsdereves.fr\/"},{"@type":"ListItem","position":2,"name":"Boutique","item":"https:\/\/www.cheminsdereves.fr\/index.php\/boutique-articles-modelisme-ferroviaire\/"},{"@type":"ListItem","position":3,"name":"Petit atelier ann\u00e9es 50-60"}]},{"@type":"WebSite","@id":"https:\/\/www.cheminsdereves.fr\/#website","url":"https:\/\/www.cheminsdereves.fr\/","name":"Chemins de R\u00eaves","description":"Un site consacr\u00e9 au mod\u00e9lisme ferroviaire","publisher":{"@id":"https:\/\/www.cheminsdereves.fr\/#organization"},"potentialAction":[{"@type":"SearchAction","target":{"@type":"EntryPoint","urlTemplate":"https:\/\/www.cheminsdereves.fr\/?s={search_term_string}"},"query-input":{"@type":"PropertyValueSpecification","valueRequired":true,"valueName":"search_term_string"}}],"inLanguage":"fr-FR"},{"@type":"Organization","@id":"https:\/\/www.cheminsdereves.fr\/#organization","name":"Chemins de R\u00eaves","url":"https:\/\/www.cheminsdereves.fr\/","logo":{"@type":"ImageObject","inLanguage":"fr-FR","@id":"https:\/\/www.cheminsdereves.fr\/#\/schema\/logo\/image\/","url":"https:\/\/www.cheminsdereves.fr\/wp-content\/uploads\/2023\/05\/LogoBandeau.png","contentUrl":"https:\/\/www.cheminsdereves.fr\/wp-content\/uploads\/2023\/05\/LogoBandeau.png","width":4871,"height":1000,"caption":"Chemins de R\u00eaves"},"image":{"@id":"https:\/\/www.cheminsdereves.fr\/#\/schema\/logo\/image\/"}}]}},"_links":{"self":[{"href":"https:\/\/www.cheminsdereves.fr\/index.php\/wp-json\/wp\/v2\/product\/17897","targetHints":{"allow":["GET"]}}],"collection":[{"href":"https:\/\/www.cheminsdereves.fr\/index.php\/wp-json\/wp\/v2\/product"}],"about":[{"href":"https:\/\/www.cheminsdereves.fr\/index.php\/wp-json\/wp\/v2\/types\/product"}],"replies":[{"embeddable":true,"href":"https:\/\/www.cheminsdereves.fr\/index.php\/wp-json\/wp\/v2\/comments?post=17897"}],"wp:featuredmedia":[{"embeddable":true,"href":"https:\/\/www.cheminsdereves.fr\/index.php\/wp-json\/wp\/v2\/media\/17898"}],"wp:attachment":[{"href":"https:\/\/www.cheminsdereves.fr\/index.php\/wp-json\/wp\/v2\/media?parent=17897"}],"wp:term":[{"taxonomy":"product_brand","embeddable":true,"href":"https:\/\/www.cheminsdereves.fr\/index.php\/wp-json\/wp\/v2\/product_brand?post=17897"},{"taxonomy":"product_cat","embeddable":true,"href":"https:\/\/www.cheminsdereves.fr\/index.php\/wp-json\/wp\/v2\/product_cat?post=17897"},{"taxonomy":"product_tag","embeddable":true,"href":"https:\/\/www.cheminsdereves.fr\/index.php\/wp-json\/wp\/v2\/product_tag?post=17897"}],"curies":[{"name":"wp","href":"https:\/\/api.w.org\/{rel}","templated":true}]}}