{"id":17916,"date":"2025-09-30T16:50:23","date_gmt":"2025-09-30T14:50:23","guid":{"rendered":"https:\/\/www.cheminsdereves.fr\/?post_type=product&#038;p=17916"},"modified":"2025-10-01T09:10:13","modified_gmt":"2025-10-01T07:10:13","slug":"barrieres-beton-modele-3-avec-murets","status":"publish","type":"product","link":"https:\/\/www.cheminsdereves.fr\/index.php\/produit\/barrieres-beton-modele-3-avec-murets\/","title":{"rendered":"Barri\u00e8res b\u00e9ton Mod\u00e8le 3 avec murets"},"content":{"rendered":"<p>Les barri\u00e8res b\u00e9ton se retrouvent non seulement aux alentours des enceintes ferroviaires mais bien au del\u00e0 : zones industrielles ou pavillonnaires, parcs et jardins, etc.<\/p>\n<p>Nous vous proposons plusieurs types de barri\u00e8res con\u00e7ues \u00e0 partir de mod\u00e8les r\u00e9els et finement d\u00e9coup\u00e9es au laser. Les mod\u00e8les sont standardis\u00e9s, livr\u00e9s avec un socle et peuvent \u00eatre ainsi m\u00e9lang\u00e9s.<\/p>\n<p>Ce set comprend 3 longueurs de barri\u00e8res de 18 cms chacune : 1 haute et 2 moyennes, ces deux derni\u00e8res \u00e0 installer sur un petit muret qui est fourni dans le kit. Cela permet d\u2019offrir de la vari\u00e9t\u00e9 aux d\u00e9cors tout en gardant la coh\u00e9rence d\u2019un design identique. Pour le montage, la d\u00e9coration et la mise en \u0153uvre de ces barri\u00e8res, nous vous invitons \u00e0 consulter <a href=\"https:\/\/www.cheminsdereves.fr\/index.php\/la-mise-en-oeuvre-des-barrieres-modulaires\/\"><strong>cette page<\/strong><\/a>. Il est possible d&rsquo;adapter la hauteur des murets en les recoupant.<\/p>\n<p>Vous pouvez ainsi r\u00e9aliser 56 cms de barri\u00e8res avec un set. La galerie de photos pr\u00e9sente des exemples de mise en \u0153uvre avec quelques mod\u00e8les de barri\u00e8res.<\/p>\n<p><strong>Produit con\u00e7u, prototyp\u00e9, industrialis\u00e9 et fabriqu\u00e9 en France\u00a0<\/strong><\/p>\n","protected":false},"excerpt":{"rendered":"<p>Les barri\u00e8res b\u00e9ton se retrouvent non seulement aux alentours des enceintes ferroviaires mais bien au del\u00e0 : zones industrielles ou pavillonnaires, parcs et jardins, etc. Nous vous proposons plusieurs types de barri\u00e8res con\u00e7ues \u00e0 partir de mod\u00e8les r\u00e9els et finement d\u00e9coup\u00e9es au laser. Les mod\u00e8les sont standardis\u00e9s, livr\u00e9s avec un socle et peuvent \u00eatre ainsi [&hellip;]<\/p>\n","protected":false},"featured_media":17927,"comment_status":"open","ping_status":"closed","template":"","meta":{"ocean_post_layout":"","ocean_both_sidebars_style":"","ocean_both_sidebars_content_width":0,"ocean_both_sidebars_sidebars_width":0,"ocean_sidebar":"0","ocean_second_sidebar":"0","ocean_disable_margins":"enable","ocean_add_body_class":"","ocean_shortcode_before_top_bar":"","ocean_shortcode_after_top_bar":"","ocean_shortcode_before_header":"","ocean_shortcode_after_header":"","ocean_has_shortcode":"","ocean_shortcode_after_title":"","ocean_shortcode_before_footer_widgets":"","ocean_shortcode_after_footer_widgets":"","ocean_shortcode_before_footer_bottom":"","ocean_shortcode_after_footer_bottom":"","ocean_display_top_bar":"default","ocean_display_header":"default","ocean_header_style":"","ocean_center_header_left_menu":"0","ocean_custom_header_template":"0","ocean_custom_logo":0,"ocean_custom_retina_logo":0,"ocean_custom_logo_max_width":0,"ocean_custom_logo_tablet_max_width":0,"ocean_custom_logo_mobile_max_width":0,"ocean_custom_logo_max_height":0,"ocean_custom_logo_tablet_max_height":0,"ocean_custom_logo_mobile_max_height":0,"ocean_header_custom_menu":"0","ocean_menu_typo_font_family":"0","ocean_menu_typo_font_subset":"","ocean_menu_typo_font_size":0,"ocean_menu_typo_font_size_tablet":0,"ocean_menu_typo_font_size_mobile":0,"ocean_menu_typo_font_size_unit":"px","ocean_menu_typo_font_weight":"","ocean_menu_typo_font_weight_tablet":"","ocean_menu_typo_font_weight_mobile":"","ocean_menu_typo_transform":"","ocean_menu_typo_transform_tablet":"","ocean_menu_typo_transform_mobile":"","ocean_menu_typo_line_height":0,"ocean_menu_typo_line_height_tablet":0,"ocean_menu_typo_line_height_mobile":0,"ocean_menu_typo_line_height_unit":"","ocean_menu_typo_spacing":0,"ocean_menu_typo_spacing_tablet":0,"ocean_menu_typo_spacing_mobile":0,"ocean_menu_typo_spacing_unit":"","ocean_menu_link_color":"","ocean_menu_link_color_hover":"","ocean_menu_link_color_active":"","ocean_menu_link_background":"","ocean_menu_link_hover_background":"","ocean_menu_link_active_background":"","ocean_menu_social_links_bg":"","ocean_menu_social_hover_links_bg":"","ocean_menu_social_links_color":"","ocean_menu_social_hover_links_color":"","ocean_disable_title":"default","ocean_disable_heading":"default","ocean_post_title":"","ocean_post_subheading":"","ocean_post_title_style":"","ocean_post_title_background_color":"","ocean_post_title_background":0,"ocean_post_title_bg_image_position":"","ocean_post_title_bg_image_attachment":"","ocean_post_title_bg_image_repeat":"","ocean_post_title_bg_image_size":"","ocean_post_title_height":0,"ocean_post_title_bg_overlay":0.5,"ocean_post_title_bg_overlay_color":"","ocean_disable_breadcrumbs":"default","ocean_breadcrumbs_color":"","ocean_breadcrumbs_separator_color":"","ocean_breadcrumbs_links_color":"","ocean_breadcrumbs_links_hover_color":"","ocean_display_footer_widgets":"default","ocean_display_footer_bottom":"default","ocean_custom_footer_template":"0"},"product_brand":[],"product_cat":[64,77,63],"product_tag":[55,54,56,53],"class_list":{"0":"post-17916","1":"product","2":"type-product","3":"status-publish","4":"has-post-thumbnail","6":"product_cat-barrieres-beton","7":"product_cat-fabrique-en-france","8":"product_cat-murs-barrieres-et-clotures","9":"product_tag-environnement-ferroviaire-ou-industriel","10":"product_tag-environnement-rural","11":"product_tag-environnement-urbain","12":"product_tag-tout-type-denvironnement","14":"entry","15":"has-media","17":"first","18":"instock","19":"taxable","20":"shipping-taxable","21":"purchasable","22":"product-type-simple","23":"has-product-nav","24":"col","25":"span_1_of_4","26":"owp-content-center","27":"owp-thumbs-layout-horizontal","28":"owp-btn-normal","29":"owp-tabs-layout-horizontal"},"yoast_head":"<!-- This site is optimized with the Yoast SEO plugin v27.3 - https:\/\/yoast.com\/product\/yoast-seo-wordpress\/ -->\n<title>Barri\u00e8res b\u00e9ton Mod\u00e8le 3 avec murets - Chemins de R\u00eaves<\/title>\n<meta name=\"description\" content=\"Un set de 56 cms de barri\u00e8res b\u00e9ton pour vos modules et r\u00e9seaux de trains miniatures et vos d\u00e9cors de mod\u00e9lisme ferroviaire\" \/>\n<meta name=\"robots\" content=\"index, follow, max-snippet:-1, max-image-preview:large, max-video-preview:-1\" \/>\n<link rel=\"canonical\" href=\"https:\/\/www.cheminsdereves.fr\/index.php\/produit\/barrieres-beton-modele-3-avec-murets\/\" \/>\n<meta property=\"og:locale\" content=\"fr_FR\" \/>\n<meta property=\"og:type\" content=\"article\" \/>\n<meta property=\"og:title\" content=\"Barri\u00e8res b\u00e9ton Mod\u00e8le 3 avec murets - Chemins de R\u00eaves\" \/>\n<meta property=\"og:description\" content=\"Un set de 56 cms de barri\u00e8res b\u00e9ton pour vos modules et r\u00e9seaux de trains miniatures et vos d\u00e9cors de mod\u00e9lisme ferroviaire\" \/>\n<meta property=\"og:url\" content=\"https:\/\/www.cheminsdereves.fr\/index.php\/produit\/barrieres-beton-modele-3-avec-murets\/\" \/>\n<meta property=\"og:site_name\" content=\"Chemins de R\u00eaves\" \/>\n<meta property=\"article:modified_time\" content=\"2025-10-01T07:10:13+00:00\" \/>\n<meta property=\"og:image\" content=\"https:\/\/www.cheminsdereves.fr\/wp-content\/uploads\/2025\/09\/Mod-3-avec-murs-1.jpg\" \/>\n\t<meta property=\"og:image:width\" content=\"240\" \/>\n\t<meta property=\"og:image:height\" content=\"320\" \/>\n\t<meta property=\"og:image:type\" content=\"image\/jpeg\" \/>\n<meta name=\"twitter:card\" content=\"summary_large_image\" \/>\n<meta name=\"twitter:label1\" content=\"Dur\u00e9e de lecture estim\u00e9e\" \/>\n\t<meta name=\"twitter:data1\" content=\"2 minutes\" \/>\n<script type=\"application\/ld+json\" class=\"yoast-schema-graph\">{\"@context\":\"https:\\\/\\\/schema.org\",\"@graph\":[{\"@type\":\"WebPage\",\"@id\":\"https:\\\/\\\/www.cheminsdereves.fr\\\/index.php\\\/produit\\\/barrieres-beton-modele-3-avec-murets\\\/\",\"url\":\"https:\\\/\\\/www.cheminsdereves.fr\\\/index.php\\\/produit\\\/barrieres-beton-modele-3-avec-murets\\\/\",\"name\":\"Barri\u00e8res b\u00e9ton Mod\u00e8le 3 avec murets - Chemins de R\u00eaves\",\"isPartOf\":{\"@id\":\"https:\\\/\\\/www.cheminsdereves.fr\\\/#website\"},\"primaryImageOfPage\":{\"@id\":\"https:\\\/\\\/www.cheminsdereves.fr\\\/index.php\\\/produit\\\/barrieres-beton-modele-3-avec-murets\\\/#primaryimage\"},\"image\":{\"@id\":\"https:\\\/\\\/www.cheminsdereves.fr\\\/index.php\\\/produit\\\/barrieres-beton-modele-3-avec-murets\\\/#primaryimage\"},\"thumbnailUrl\":\"https:\\\/\\\/www.cheminsdereves.fr\\\/wp-content\\\/uploads\\\/2025\\\/09\\\/Mod-3-avec-murs-1.jpg\",\"datePublished\":\"2025-09-30T14:50:23+00:00\",\"dateModified\":\"2025-10-01T07:10:13+00:00\",\"description\":\"Un set de 56 cms de barri\u00e8res b\u00e9ton pour vos modules et r\u00e9seaux de trains miniatures et vos d\u00e9cors de mod\u00e9lisme ferroviaire\",\"breadcrumb\":{\"@id\":\"https:\\\/\\\/www.cheminsdereves.fr\\\/index.php\\\/produit\\\/barrieres-beton-modele-3-avec-murets\\\/#breadcrumb\"},\"inLanguage\":\"fr-FR\",\"potentialAction\":[{\"@type\":\"ReadAction\",\"target\":[\"https:\\\/\\\/www.cheminsdereves.fr\\\/index.php\\\/produit\\\/barrieres-beton-modele-3-avec-murets\\\/\"]}]},{\"@type\":\"ImageObject\",\"inLanguage\":\"fr-FR\",\"@id\":\"https:\\\/\\\/www.cheminsdereves.fr\\\/index.php\\\/produit\\\/barrieres-beton-modele-3-avec-murets\\\/#primaryimage\",\"url\":\"https:\\\/\\\/www.cheminsdereves.fr\\\/wp-content\\\/uploads\\\/2025\\\/09\\\/Mod-3-avec-murs-1.jpg\",\"contentUrl\":\"https:\\\/\\\/www.cheminsdereves.fr\\\/wp-content\\\/uploads\\\/2025\\\/09\\\/Mod-3-avec-murs-1.jpg\",\"width\":240,\"height\":320},{\"@type\":\"BreadcrumbList\",\"@id\":\"https:\\\/\\\/www.cheminsdereves.fr\\\/index.php\\\/produit\\\/barrieres-beton-modele-3-avec-murets\\\/#breadcrumb\",\"itemListElement\":[{\"@type\":\"ListItem\",\"position\":1,\"name\":\"Accueil\",\"item\":\"https:\\\/\\\/www.cheminsdereves.fr\\\/\"},{\"@type\":\"ListItem\",\"position\":2,\"name\":\"Boutique\",\"item\":\"https:\\\/\\\/www.cheminsdereves.fr\\\/index.php\\\/boutique-articles-modelisme-ferroviaire\\\/\"},{\"@type\":\"ListItem\",\"position\":3,\"name\":\"Barri\u00e8res b\u00e9ton Mod\u00e8le 3 avec murets\"}]},{\"@type\":\"WebSite\",\"@id\":\"https:\\\/\\\/www.cheminsdereves.fr\\\/#website\",\"url\":\"https:\\\/\\\/www.cheminsdereves.fr\\\/\",\"name\":\"Chemins de R\u00eaves\",\"description\":\"Un site consacr\u00e9 au mod\u00e9lisme ferroviaire\",\"publisher\":{\"@id\":\"https:\\\/\\\/www.cheminsdereves.fr\\\/#organization\"},\"potentialAction\":[{\"@type\":\"SearchAction\",\"target\":{\"@type\":\"EntryPoint\",\"urlTemplate\":\"https:\\\/\\\/www.cheminsdereves.fr\\\/?s={search_term_string}\"},\"query-input\":{\"@type\":\"PropertyValueSpecification\",\"valueRequired\":true,\"valueName\":\"search_term_string\"}}],\"inLanguage\":\"fr-FR\"},{\"@type\":\"Organization\",\"@id\":\"https:\\\/\\\/www.cheminsdereves.fr\\\/#organization\",\"name\":\"Chemins de R\u00eaves\",\"url\":\"https:\\\/\\\/www.cheminsdereves.fr\\\/\",\"logo\":{\"@type\":\"ImageObject\",\"inLanguage\":\"fr-FR\",\"@id\":\"https:\\\/\\\/www.cheminsdereves.fr\\\/#\\\/schema\\\/logo\\\/image\\\/\",\"url\":\"https:\\\/\\\/www.cheminsdereves.fr\\\/wp-content\\\/uploads\\\/2023\\\/05\\\/LogoBandeau.png\",\"contentUrl\":\"https:\\\/\\\/www.cheminsdereves.fr\\\/wp-content\\\/uploads\\\/2023\\\/05\\\/LogoBandeau.png\",\"width\":4871,\"height\":1000,\"caption\":\"Chemins de R\u00eaves\"},\"image\":{\"@id\":\"https:\\\/\\\/www.cheminsdereves.fr\\\/#\\\/schema\\\/logo\\\/image\\\/\"}}]}<\/script>\n<!-- \/ Yoast SEO plugin. -->","yoast_head_json":{"title":"Barri\u00e8res b\u00e9ton Mod\u00e8le 3 avec murets - Chemins de R\u00eaves","description":"Un set de 56 cms de barri\u00e8res b\u00e9ton pour vos modules et r\u00e9seaux de trains miniatures et vos d\u00e9cors de mod\u00e9lisme ferroviaire","robots":{"index":"index","follow":"follow","max-snippet":"max-snippet:-1","max-image-preview":"max-image-preview:large","max-video-preview":"max-video-preview:-1"},"canonical":"https:\/\/www.cheminsdereves.fr\/index.php\/produit\/barrieres-beton-modele-3-avec-murets\/","og_locale":"fr_FR","og_type":"article","og_title":"Barri\u00e8res b\u00e9ton Mod\u00e8le 3 avec murets - Chemins de R\u00eaves","og_description":"Un set de 56 cms de barri\u00e8res b\u00e9ton pour vos modules et r\u00e9seaux de trains miniatures et vos d\u00e9cors de mod\u00e9lisme ferroviaire","og_url":"https:\/\/www.cheminsdereves.fr\/index.php\/produit\/barrieres-beton-modele-3-avec-murets\/","og_site_name":"Chemins de R\u00eaves","article_modified_time":"2025-10-01T07:10:13+00:00","og_image":[{"width":240,"height":320,"url":"https:\/\/www.cheminsdereves.fr\/wp-content\/uploads\/2025\/09\/Mod-3-avec-murs-1.jpg","type":"image\/jpeg"}],"twitter_card":"summary_large_image","twitter_misc":{"Dur\u00e9e de lecture estim\u00e9e":"2 minutes"},"schema":{"@context":"https:\/\/schema.org","@graph":[{"@type":"WebPage","@id":"https:\/\/www.cheminsdereves.fr\/index.php\/produit\/barrieres-beton-modele-3-avec-murets\/","url":"https:\/\/www.cheminsdereves.fr\/index.php\/produit\/barrieres-beton-modele-3-avec-murets\/","name":"Barri\u00e8res b\u00e9ton Mod\u00e8le 3 avec murets - Chemins de R\u00eaves","isPartOf":{"@id":"https:\/\/www.cheminsdereves.fr\/#website"},"primaryImageOfPage":{"@id":"https:\/\/www.cheminsdereves.fr\/index.php\/produit\/barrieres-beton-modele-3-avec-murets\/#primaryimage"},"image":{"@id":"https:\/\/www.cheminsdereves.fr\/index.php\/produit\/barrieres-beton-modele-3-avec-murets\/#primaryimage"},"thumbnailUrl":"https:\/\/www.cheminsdereves.fr\/wp-content\/uploads\/2025\/09\/Mod-3-avec-murs-1.jpg","datePublished":"2025-09-30T14:50:23+00:00","dateModified":"2025-10-01T07:10:13+00:00","description":"Un set de 56 cms de barri\u00e8res b\u00e9ton pour vos modules et r\u00e9seaux de trains miniatures et vos d\u00e9cors de mod\u00e9lisme ferroviaire","breadcrumb":{"@id":"https:\/\/www.cheminsdereves.fr\/index.php\/produit\/barrieres-beton-modele-3-avec-murets\/#breadcrumb"},"inLanguage":"fr-FR","potentialAction":[{"@type":"ReadAction","target":["https:\/\/www.cheminsdereves.fr\/index.php\/produit\/barrieres-beton-modele-3-avec-murets\/"]}]},{"@type":"ImageObject","inLanguage":"fr-FR","@id":"https:\/\/www.cheminsdereves.fr\/index.php\/produit\/barrieres-beton-modele-3-avec-murets\/#primaryimage","url":"https:\/\/www.cheminsdereves.fr\/wp-content\/uploads\/2025\/09\/Mod-3-avec-murs-1.jpg","contentUrl":"https:\/\/www.cheminsdereves.fr\/wp-content\/uploads\/2025\/09\/Mod-3-avec-murs-1.jpg","width":240,"height":320},{"@type":"BreadcrumbList","@id":"https:\/\/www.cheminsdereves.fr\/index.php\/produit\/barrieres-beton-modele-3-avec-murets\/#breadcrumb","itemListElement":[{"@type":"ListItem","position":1,"name":"Accueil","item":"https:\/\/www.cheminsdereves.fr\/"},{"@type":"ListItem","position":2,"name":"Boutique","item":"https:\/\/www.cheminsdereves.fr\/index.php\/boutique-articles-modelisme-ferroviaire\/"},{"@type":"ListItem","position":3,"name":"Barri\u00e8res b\u00e9ton Mod\u00e8le 3 avec murets"}]},{"@type":"WebSite","@id":"https:\/\/www.cheminsdereves.fr\/#website","url":"https:\/\/www.cheminsdereves.fr\/","name":"Chemins de R\u00eaves","description":"Un site consacr\u00e9 au mod\u00e9lisme ferroviaire","publisher":{"@id":"https:\/\/www.cheminsdereves.fr\/#organization"},"potentialAction":[{"@type":"SearchAction","target":{"@type":"EntryPoint","urlTemplate":"https:\/\/www.cheminsdereves.fr\/?s={search_term_string}"},"query-input":{"@type":"PropertyValueSpecification","valueRequired":true,"valueName":"search_term_string"}}],"inLanguage":"fr-FR"},{"@type":"Organization","@id":"https:\/\/www.cheminsdereves.fr\/#organization","name":"Chemins de R\u00eaves","url":"https:\/\/www.cheminsdereves.fr\/","logo":{"@type":"ImageObject","inLanguage":"fr-FR","@id":"https:\/\/www.cheminsdereves.fr\/#\/schema\/logo\/image\/","url":"https:\/\/www.cheminsdereves.fr\/wp-content\/uploads\/2023\/05\/LogoBandeau.png","contentUrl":"https:\/\/www.cheminsdereves.fr\/wp-content\/uploads\/2023\/05\/LogoBandeau.png","width":4871,"height":1000,"caption":"Chemins de R\u00eaves"},"image":{"@id":"https:\/\/www.cheminsdereves.fr\/#\/schema\/logo\/image\/"}}]}},"_links":{"self":[{"href":"https:\/\/www.cheminsdereves.fr\/index.php\/wp-json\/wp\/v2\/product\/17916","targetHints":{"allow":["GET"]}}],"collection":[{"href":"https:\/\/www.cheminsdereves.fr\/index.php\/wp-json\/wp\/v2\/product"}],"about":[{"href":"https:\/\/www.cheminsdereves.fr\/index.php\/wp-json\/wp\/v2\/types\/product"}],"replies":[{"embeddable":true,"href":"https:\/\/www.cheminsdereves.fr\/index.php\/wp-json\/wp\/v2\/comments?post=17916"}],"wp:featuredmedia":[{"embeddable":true,"href":"https:\/\/www.cheminsdereves.fr\/index.php\/wp-json\/wp\/v2\/media\/17927"}],"wp:attachment":[{"href":"https:\/\/www.cheminsdereves.fr\/index.php\/wp-json\/wp\/v2\/media?parent=17916"}],"wp:term":[{"taxonomy":"product_brand","embeddable":true,"href":"https:\/\/www.cheminsdereves.fr\/index.php\/wp-json\/wp\/v2\/product_brand?post=17916"},{"taxonomy":"product_cat","embeddable":true,"href":"https:\/\/www.cheminsdereves.fr\/index.php\/wp-json\/wp\/v2\/product_cat?post=17916"},{"taxonomy":"product_tag","embeddable":true,"href":"https:\/\/www.cheminsdereves.fr\/index.php\/wp-json\/wp\/v2\/product_tag?post=17916"}],"curies":[{"name":"wp","href":"https:\/\/api.w.org\/{rel}","templated":true}]}}