{"id":18002,"date":"2025-10-13T10:11:30","date_gmt":"2025-10-13T08:11:30","guid":{"rendered":"https:\/\/www.cheminsdereves.fr\/?post_type=product&#038;p=18002"},"modified":"2026-03-22T21:33:10","modified_gmt":"2026-03-22T20:33:10","slug":"immeuble-4-etages-art-deco-le-darigal-dangle","status":"publish","type":"product","link":"https:\/\/www.cheminsdereves.fr\/index.php\/produit\/immeuble-4-etages-art-deco-le-darigal-dangle\/","title":{"rendered":"Immeuble 4 \u00e9tages Art D\u00e9co \u00ab\u00a0Le DARIGAL\u00a0\u00bb d&rsquo;angle"},"content":{"rendered":"<p>Un immeuble de notre collection \u00ab\u00a0Art D\u00e9co\u00a0\u00bb inspir\u00e9 d&rsquo;un b\u00e2timent r\u00e9el situ\u00e9 \u00e0 Lyon.<\/p>\n<p>Cet immeuble comporte des attributs de l&rsquo;architecture Art D\u00e9co (ann\u00e9es 20). Il trouvera\u00a0 sa place dans un environnement plut\u00f4t urbain mais il peut aussi \u00eatre implant\u00e9 dans un environnement p\u00e9ri urbain ou le long d&rsquo;une voie ferr\u00e9e par exemple. Comme tous nos immeubles et beaucoup de nos autres produits, il est fabriqu\u00e9 avec du carton bois produit en Suisse.<\/p>\n<p>Il s&rsquo;agit d&rsquo;un immeuble en demi relief au toit terrasse* \u00e0 installer plut\u00f4t en fond de d\u00e9cor, m\u00e9thode qui s&rsquo;est impos\u00e9e pour r\u00e9aliser des modules par exemple. La particularit\u00e9 de ce mod\u00e8le est qu\u2019il est dot\u00e9 d\u2019une avanc\u00e9e sur l\u2019une des fa\u00e7ades lat\u00e9rales et donc pr\u00e9vu pour \u00eatre install\u00e9 en angle, pour terminer un alignement d\u2019immeubles ou \u00e0 l\u2019angle de deux rues. Sa profondeur est de 62 mm (au sol).<\/p>\n<p>(* Faites un tour sur Google Earth et vous serez surpris de voir le nombre d&rsquo;immeubles au toit terrasse construits durant cette p\u00e9riode.)<\/p>\n<p>Le set comprend :<\/p>\n<ul>\n<li>des planches de carton bois de 2.2 mm &#8211; pour les murs\u00a0 et les principaux \u00e9l\u00e9ments de structure &#8211; qui assurent une parfaite rigidit\u00e9,<\/li>\n<li>une planche de carton bois de 1 mm principalement pour les balcons et autres \u00e9l\u00e9ments de d\u00e9taillage,<\/li>\n<li>une planche pr\u00e9 d\u00e9coup\u00e9e en papier Canson de couleur* pour r\u00e9aliser les persiennes, \u00e0 utiliser \u00e0 votre guise pour varier le rythme de vos huisseries,<\/li>\n<li>une planche pr\u00e9 d\u00e9coup\u00e9e en papier Canson Ivoire pour r\u00e9aliser les huisseries,<\/li>\n<li>Une feuille de plastique transparent pour r\u00e9aliser les vitrages.<\/li>\n<\/ul>\n<p>(* La couleur sur les photos n&rsquo;est pas contractuelle. Nous fournissons ce set en changeant r\u00e9guli\u00e8rement les couleurs des persiennes pour \u00e9viter que nos clients ne se retrouvent avec le m\u00eame set. Il s&rsquo;agit bien entendu de couleurs r\u00e9alistes (gris, vert, bleu).)<\/p>\n<p>Vous pouvez consulter au pr\u00e9alable <a href=\"https:\/\/www.cheminsdereves.fr\/index.php\/la-mise-en-oeuvre-des-immeubles-art-deco\/\"><strong>la notice de montage<\/strong><\/a> pour mieux d\u00e9couvrir cet immeuble. Les photos illustrent un kit peint en blanc mais la couleur ivoire du kit est tr\u00e8s r\u00e9aliste et il peut \u00eatre mis en \u0153uvre tel quel. Si vous envisagez de peindre votre kit, vous pouvez consulter <a href=\"https:\/\/www.cheminsdereves.fr\/index.php\/support\/la-peinture-et-la-patine-des-immeubles-en-carton-bois\/\"><strong>le guide pour la d\u00e9coration et la patine<\/strong> <\/a>de ces immeubles en carton bois.<\/p>\n<p>Produit cr\u00e9\u00e9, prototyp\u00e9, industrialis\u00e9 et fabriqu\u00e9 en France<\/p>\n","protected":false},"excerpt":{"rendered":"<p>Un kit au 1\/87 d&rsquo;un immeuble de style art d\u00e9co au toit plat avec deux grand balcons, deux avanc\u00e9es en fa\u00e7ade et un grand balcon et une avanc\u00e9e sur une des fa\u00e7ades lat\u00e9rales<\/p>\n","protected":false},"featured_media":18004,"comment_status":"open","ping_status":"closed","template":"","meta":{"ocean_post_layout":"","ocean_both_sidebars_style":"","ocean_both_sidebars_content_width":0,"ocean_both_sidebars_sidebars_width":0,"ocean_sidebar":"0","ocean_second_sidebar":"0","ocean_disable_margins":"enable","ocean_add_body_class":"","ocean_shortcode_before_top_bar":"","ocean_shortcode_after_top_bar":"","ocean_shortcode_before_header":"","ocean_shortcode_after_header":"","ocean_has_shortcode":"","ocean_shortcode_after_title":"","ocean_shortcode_before_footer_widgets":"","ocean_shortcode_after_footer_widgets":"","ocean_shortcode_before_footer_bottom":"","ocean_shortcode_after_footer_bottom":"","ocean_display_top_bar":"default","ocean_display_header":"default","ocean_header_style":"","ocean_center_header_left_menu":"0","ocean_custom_header_template":"0","ocean_custom_logo":0,"ocean_custom_retina_logo":0,"ocean_custom_logo_max_width":0,"ocean_custom_logo_tablet_max_width":0,"ocean_custom_logo_mobile_max_width":0,"ocean_custom_logo_max_height":0,"ocean_custom_logo_tablet_max_height":0,"ocean_custom_logo_mobile_max_height":0,"ocean_header_custom_menu":"0","ocean_menu_typo_font_family":"0","ocean_menu_typo_font_subset":"","ocean_menu_typo_font_size":0,"ocean_menu_typo_font_size_tablet":0,"ocean_menu_typo_font_size_mobile":0,"ocean_menu_typo_font_size_unit":"px","ocean_menu_typo_font_weight":"","ocean_menu_typo_font_weight_tablet":"","ocean_menu_typo_font_weight_mobile":"","ocean_menu_typo_transform":"","ocean_menu_typo_transform_tablet":"","ocean_menu_typo_transform_mobile":"","ocean_menu_typo_line_height":0,"ocean_menu_typo_line_height_tablet":0,"ocean_menu_typo_line_height_mobile":0,"ocean_menu_typo_line_height_unit":"","ocean_menu_typo_spacing":0,"ocean_menu_typo_spacing_tablet":0,"ocean_menu_typo_spacing_mobile":0,"ocean_menu_typo_spacing_unit":"","ocean_menu_link_color":"","ocean_menu_link_color_hover":"","ocean_menu_link_color_active":"","ocean_menu_link_background":"","ocean_menu_link_hover_background":"","ocean_menu_link_active_background":"","ocean_menu_social_links_bg":"","ocean_menu_social_hover_links_bg":"","ocean_menu_social_links_color":"","ocean_menu_social_hover_links_color":"","ocean_disable_title":"default","ocean_disable_heading":"default","ocean_post_title":"","ocean_post_subheading":"","ocean_post_title_style":"","ocean_post_title_background_color":"","ocean_post_title_background":0,"ocean_post_title_bg_image_position":"","ocean_post_title_bg_image_attachment":"","ocean_post_title_bg_image_repeat":"","ocean_post_title_bg_image_size":"","ocean_post_title_height":0,"ocean_post_title_bg_overlay":0.5,"ocean_post_title_bg_overlay_color":"","ocean_disable_breadcrumbs":"default","ocean_breadcrumbs_color":"","ocean_breadcrumbs_separator_color":"","ocean_breadcrumbs_links_color":"","ocean_breadcrumbs_links_hover_color":"","ocean_display_footer_widgets":"default","ocean_display_footer_bottom":"default","ocean_custom_footer_template":"0"},"product_brand":[],"product_cat":[85,77,51],"product_tag":[55,56],"class_list":{"0":"post-18002","1":"product","2":"type-product","3":"status-publish","4":"has-post-thumbnail","6":"product_cat-art-deco","7":"product_cat-fabrique-en-france","8":"product_cat-immeubles-et-batiments","9":"product_tag-environnement-ferroviaire-ou-industriel","10":"product_tag-environnement-urbain","12":"entry","13":"has-media","15":"first","16":"instock","17":"taxable","18":"shipping-taxable","19":"purchasable","20":"product-type-simple","21":"has-product-nav","22":"col","23":"span_1_of_4","24":"owp-content-center","25":"owp-thumbs-layout-horizontal","26":"owp-btn-normal","27":"owp-tabs-layout-horizontal"},"yoast_head":"<!-- This site is optimized with the Yoast SEO plugin v27.3 - https:\/\/yoast.com\/product\/yoast-seo-wordpress\/ -->\n<title>Immeuble 4 \u00e9tages Art D\u00e9co &quot;Le DARIGAL&quot; d&#039;angle - Chemins de R\u00eaves<\/title>\n<meta name=\"description\" content=\"Un kit au 1\/87 d&#039;un immeuble de style art d\u00e9co au toit terrasse avec balcons, deux avanc\u00e9es en fa\u00e7ade et une avanc\u00e9e sur une des fa\u00e7ades tat\u00e9rales\" \/>\n<meta name=\"robots\" content=\"index, follow, max-snippet:-1, max-image-preview:large, max-video-preview:-1\" \/>\n<link rel=\"canonical\" href=\"https:\/\/www.cheminsdereves.fr\/index.php\/produit\/immeuble-4-etages-art-deco-le-darigal-dangle\/\" \/>\n<meta property=\"og:locale\" content=\"fr_FR\" \/>\n<meta property=\"og:type\" content=\"article\" \/>\n<meta property=\"og:title\" content=\"Immeuble 4 \u00e9tages Art D\u00e9co &quot;Le DARIGAL&quot; d&#039;angle - Chemins de R\u00eaves\" \/>\n<meta property=\"og:description\" content=\"Un kit au 1\/87 d&#039;un immeuble de style art d\u00e9co au toit terrasse avec balcons, deux avanc\u00e9es en fa\u00e7ade et une avanc\u00e9e sur une des fa\u00e7ades tat\u00e9rales\" \/>\n<meta property=\"og:url\" content=\"https:\/\/www.cheminsdereves.fr\/index.php\/produit\/immeuble-4-etages-art-deco-le-darigal-dangle\/\" \/>\n<meta property=\"og:site_name\" content=\"Chemins de R\u00eaves\" \/>\n<meta property=\"article:modified_time\" content=\"2026-03-22T20:33:10+00:00\" \/>\n<meta property=\"og:image\" content=\"https:\/\/www.cheminsdereves.fr\/wp-content\/uploads\/2025\/10\/Le-Darigal-angle-1.jpg\" \/>\n\t<meta property=\"og:image:width\" content=\"231\" \/>\n\t<meta property=\"og:image:height\" content=\"320\" \/>\n\t<meta property=\"og:image:type\" content=\"image\/jpeg\" \/>\n<meta name=\"twitter:card\" content=\"summary_large_image\" \/>\n<meta name=\"twitter:label1\" content=\"Dur\u00e9e de lecture estim\u00e9e\" \/>\n\t<meta name=\"twitter:data1\" content=\"3 minutes\" \/>\n<script type=\"application\/ld+json\" class=\"yoast-schema-graph\">{\"@context\":\"https:\\\/\\\/schema.org\",\"@graph\":[{\"@type\":\"WebPage\",\"@id\":\"https:\\\/\\\/www.cheminsdereves.fr\\\/index.php\\\/produit\\\/immeuble-4-etages-art-deco-le-darigal-dangle\\\/\",\"url\":\"https:\\\/\\\/www.cheminsdereves.fr\\\/index.php\\\/produit\\\/immeuble-4-etages-art-deco-le-darigal-dangle\\\/\",\"name\":\"Immeuble 4 \u00e9tages Art D\u00e9co \\\"Le DARIGAL\\\" d'angle - Chemins de R\u00eaves\",\"isPartOf\":{\"@id\":\"https:\\\/\\\/www.cheminsdereves.fr\\\/#website\"},\"primaryImageOfPage\":{\"@id\":\"https:\\\/\\\/www.cheminsdereves.fr\\\/index.php\\\/produit\\\/immeuble-4-etages-art-deco-le-darigal-dangle\\\/#primaryimage\"},\"image\":{\"@id\":\"https:\\\/\\\/www.cheminsdereves.fr\\\/index.php\\\/produit\\\/immeuble-4-etages-art-deco-le-darigal-dangle\\\/#primaryimage\"},\"thumbnailUrl\":\"https:\\\/\\\/www.cheminsdereves.fr\\\/wp-content\\\/uploads\\\/2025\\\/10\\\/Le-Darigal-angle-1.jpg\",\"datePublished\":\"2025-10-13T08:11:30+00:00\",\"dateModified\":\"2026-03-22T20:33:10+00:00\",\"description\":\"Un kit au 1\\\/87 d'un immeuble de style art d\u00e9co au toit terrasse avec balcons, deux avanc\u00e9es en fa\u00e7ade et une avanc\u00e9e sur une des fa\u00e7ades tat\u00e9rales\",\"breadcrumb\":{\"@id\":\"https:\\\/\\\/www.cheminsdereves.fr\\\/index.php\\\/produit\\\/immeuble-4-etages-art-deco-le-darigal-dangle\\\/#breadcrumb\"},\"inLanguage\":\"fr-FR\",\"potentialAction\":[{\"@type\":\"ReadAction\",\"target\":[\"https:\\\/\\\/www.cheminsdereves.fr\\\/index.php\\\/produit\\\/immeuble-4-etages-art-deco-le-darigal-dangle\\\/\"]}]},{\"@type\":\"ImageObject\",\"inLanguage\":\"fr-FR\",\"@id\":\"https:\\\/\\\/www.cheminsdereves.fr\\\/index.php\\\/produit\\\/immeuble-4-etages-art-deco-le-darigal-dangle\\\/#primaryimage\",\"url\":\"https:\\\/\\\/www.cheminsdereves.fr\\\/wp-content\\\/uploads\\\/2025\\\/10\\\/Le-Darigal-angle-1.jpg\",\"contentUrl\":\"https:\\\/\\\/www.cheminsdereves.fr\\\/wp-content\\\/uploads\\\/2025\\\/10\\\/Le-Darigal-angle-1.jpg\",\"width\":231,\"height\":320},{\"@type\":\"BreadcrumbList\",\"@id\":\"https:\\\/\\\/www.cheminsdereves.fr\\\/index.php\\\/produit\\\/immeuble-4-etages-art-deco-le-darigal-dangle\\\/#breadcrumb\",\"itemListElement\":[{\"@type\":\"ListItem\",\"position\":1,\"name\":\"Accueil\",\"item\":\"https:\\\/\\\/www.cheminsdereves.fr\\\/\"},{\"@type\":\"ListItem\",\"position\":2,\"name\":\"Boutique\",\"item\":\"https:\\\/\\\/www.cheminsdereves.fr\\\/index.php\\\/boutique-articles-modelisme-ferroviaire\\\/\"},{\"@type\":\"ListItem\",\"position\":3,\"name\":\"Immeuble 4 \u00e9tages Art D\u00e9co \u00ab\u00a0Le DARIGAL\u00a0\u00bb d&rsquo;angle\"}]},{\"@type\":\"WebSite\",\"@id\":\"https:\\\/\\\/www.cheminsdereves.fr\\\/#website\",\"url\":\"https:\\\/\\\/www.cheminsdereves.fr\\\/\",\"name\":\"Chemins de R\u00eaves\",\"description\":\"Un site consacr\u00e9 au mod\u00e9lisme ferroviaire\",\"publisher\":{\"@id\":\"https:\\\/\\\/www.cheminsdereves.fr\\\/#organization\"},\"potentialAction\":[{\"@type\":\"SearchAction\",\"target\":{\"@type\":\"EntryPoint\",\"urlTemplate\":\"https:\\\/\\\/www.cheminsdereves.fr\\\/?s={search_term_string}\"},\"query-input\":{\"@type\":\"PropertyValueSpecification\",\"valueRequired\":true,\"valueName\":\"search_term_string\"}}],\"inLanguage\":\"fr-FR\"},{\"@type\":\"Organization\",\"@id\":\"https:\\\/\\\/www.cheminsdereves.fr\\\/#organization\",\"name\":\"Chemins de R\u00eaves\",\"url\":\"https:\\\/\\\/www.cheminsdereves.fr\\\/\",\"logo\":{\"@type\":\"ImageObject\",\"inLanguage\":\"fr-FR\",\"@id\":\"https:\\\/\\\/www.cheminsdereves.fr\\\/#\\\/schema\\\/logo\\\/image\\\/\",\"url\":\"https:\\\/\\\/www.cheminsdereves.fr\\\/wp-content\\\/uploads\\\/2023\\\/05\\\/LogoBandeau.png\",\"contentUrl\":\"https:\\\/\\\/www.cheminsdereves.fr\\\/wp-content\\\/uploads\\\/2023\\\/05\\\/LogoBandeau.png\",\"width\":4871,\"height\":1000,\"caption\":\"Chemins de R\u00eaves\"},\"image\":{\"@id\":\"https:\\\/\\\/www.cheminsdereves.fr\\\/#\\\/schema\\\/logo\\\/image\\\/\"}}]}<\/script>\n<!-- \/ Yoast SEO plugin. -->","yoast_head_json":{"title":"Immeuble 4 \u00e9tages Art D\u00e9co \"Le DARIGAL\" d'angle - Chemins de R\u00eaves","description":"Un kit au 1\/87 d'un immeuble de style art d\u00e9co au toit terrasse avec balcons, deux avanc\u00e9es en fa\u00e7ade et une avanc\u00e9e sur une des fa\u00e7ades tat\u00e9rales","robots":{"index":"index","follow":"follow","max-snippet":"max-snippet:-1","max-image-preview":"max-image-preview:large","max-video-preview":"max-video-preview:-1"},"canonical":"https:\/\/www.cheminsdereves.fr\/index.php\/produit\/immeuble-4-etages-art-deco-le-darigal-dangle\/","og_locale":"fr_FR","og_type":"article","og_title":"Immeuble 4 \u00e9tages Art D\u00e9co \"Le DARIGAL\" d'angle - Chemins de R\u00eaves","og_description":"Un kit au 1\/87 d'un immeuble de style art d\u00e9co au toit terrasse avec balcons, deux avanc\u00e9es en fa\u00e7ade et une avanc\u00e9e sur une des fa\u00e7ades tat\u00e9rales","og_url":"https:\/\/www.cheminsdereves.fr\/index.php\/produit\/immeuble-4-etages-art-deco-le-darigal-dangle\/","og_site_name":"Chemins de R\u00eaves","article_modified_time":"2026-03-22T20:33:10+00:00","og_image":[{"width":231,"height":320,"url":"https:\/\/www.cheminsdereves.fr\/wp-content\/uploads\/2025\/10\/Le-Darigal-angle-1.jpg","type":"image\/jpeg"}],"twitter_card":"summary_large_image","twitter_misc":{"Dur\u00e9e de lecture estim\u00e9e":"3 minutes"},"schema":{"@context":"https:\/\/schema.org","@graph":[{"@type":"WebPage","@id":"https:\/\/www.cheminsdereves.fr\/index.php\/produit\/immeuble-4-etages-art-deco-le-darigal-dangle\/","url":"https:\/\/www.cheminsdereves.fr\/index.php\/produit\/immeuble-4-etages-art-deco-le-darigal-dangle\/","name":"Immeuble 4 \u00e9tages Art D\u00e9co \"Le DARIGAL\" d'angle - Chemins de R\u00eaves","isPartOf":{"@id":"https:\/\/www.cheminsdereves.fr\/#website"},"primaryImageOfPage":{"@id":"https:\/\/www.cheminsdereves.fr\/index.php\/produit\/immeuble-4-etages-art-deco-le-darigal-dangle\/#primaryimage"},"image":{"@id":"https:\/\/www.cheminsdereves.fr\/index.php\/produit\/immeuble-4-etages-art-deco-le-darigal-dangle\/#primaryimage"},"thumbnailUrl":"https:\/\/www.cheminsdereves.fr\/wp-content\/uploads\/2025\/10\/Le-Darigal-angle-1.jpg","datePublished":"2025-10-13T08:11:30+00:00","dateModified":"2026-03-22T20:33:10+00:00","description":"Un kit au 1\/87 d'un immeuble de style art d\u00e9co au toit terrasse avec balcons, deux avanc\u00e9es en fa\u00e7ade et une avanc\u00e9e sur une des fa\u00e7ades tat\u00e9rales","breadcrumb":{"@id":"https:\/\/www.cheminsdereves.fr\/index.php\/produit\/immeuble-4-etages-art-deco-le-darigal-dangle\/#breadcrumb"},"inLanguage":"fr-FR","potentialAction":[{"@type":"ReadAction","target":["https:\/\/www.cheminsdereves.fr\/index.php\/produit\/immeuble-4-etages-art-deco-le-darigal-dangle\/"]}]},{"@type":"ImageObject","inLanguage":"fr-FR","@id":"https:\/\/www.cheminsdereves.fr\/index.php\/produit\/immeuble-4-etages-art-deco-le-darigal-dangle\/#primaryimage","url":"https:\/\/www.cheminsdereves.fr\/wp-content\/uploads\/2025\/10\/Le-Darigal-angle-1.jpg","contentUrl":"https:\/\/www.cheminsdereves.fr\/wp-content\/uploads\/2025\/10\/Le-Darigal-angle-1.jpg","width":231,"height":320},{"@type":"BreadcrumbList","@id":"https:\/\/www.cheminsdereves.fr\/index.php\/produit\/immeuble-4-etages-art-deco-le-darigal-dangle\/#breadcrumb","itemListElement":[{"@type":"ListItem","position":1,"name":"Accueil","item":"https:\/\/www.cheminsdereves.fr\/"},{"@type":"ListItem","position":2,"name":"Boutique","item":"https:\/\/www.cheminsdereves.fr\/index.php\/boutique-articles-modelisme-ferroviaire\/"},{"@type":"ListItem","position":3,"name":"Immeuble 4 \u00e9tages Art D\u00e9co \u00ab\u00a0Le DARIGAL\u00a0\u00bb d&rsquo;angle"}]},{"@type":"WebSite","@id":"https:\/\/www.cheminsdereves.fr\/#website","url":"https:\/\/www.cheminsdereves.fr\/","name":"Chemins de R\u00eaves","description":"Un site consacr\u00e9 au mod\u00e9lisme ferroviaire","publisher":{"@id":"https:\/\/www.cheminsdereves.fr\/#organization"},"potentialAction":[{"@type":"SearchAction","target":{"@type":"EntryPoint","urlTemplate":"https:\/\/www.cheminsdereves.fr\/?s={search_term_string}"},"query-input":{"@type":"PropertyValueSpecification","valueRequired":true,"valueName":"search_term_string"}}],"inLanguage":"fr-FR"},{"@type":"Organization","@id":"https:\/\/www.cheminsdereves.fr\/#organization","name":"Chemins de R\u00eaves","url":"https:\/\/www.cheminsdereves.fr\/","logo":{"@type":"ImageObject","inLanguage":"fr-FR","@id":"https:\/\/www.cheminsdereves.fr\/#\/schema\/logo\/image\/","url":"https:\/\/www.cheminsdereves.fr\/wp-content\/uploads\/2023\/05\/LogoBandeau.png","contentUrl":"https:\/\/www.cheminsdereves.fr\/wp-content\/uploads\/2023\/05\/LogoBandeau.png","width":4871,"height":1000,"caption":"Chemins de R\u00eaves"},"image":{"@id":"https:\/\/www.cheminsdereves.fr\/#\/schema\/logo\/image\/"}}]}},"_links":{"self":[{"href":"https:\/\/www.cheminsdereves.fr\/index.php\/wp-json\/wp\/v2\/product\/18002","targetHints":{"allow":["GET"]}}],"collection":[{"href":"https:\/\/www.cheminsdereves.fr\/index.php\/wp-json\/wp\/v2\/product"}],"about":[{"href":"https:\/\/www.cheminsdereves.fr\/index.php\/wp-json\/wp\/v2\/types\/product"}],"replies":[{"embeddable":true,"href":"https:\/\/www.cheminsdereves.fr\/index.php\/wp-json\/wp\/v2\/comments?post=18002"}],"wp:featuredmedia":[{"embeddable":true,"href":"https:\/\/www.cheminsdereves.fr\/index.php\/wp-json\/wp\/v2\/media\/18004"}],"wp:attachment":[{"href":"https:\/\/www.cheminsdereves.fr\/index.php\/wp-json\/wp\/v2\/media?parent=18002"}],"wp:term":[{"taxonomy":"product_brand","embeddable":true,"href":"https:\/\/www.cheminsdereves.fr\/index.php\/wp-json\/wp\/v2\/product_brand?post=18002"},{"taxonomy":"product_cat","embeddable":true,"href":"https:\/\/www.cheminsdereves.fr\/index.php\/wp-json\/wp\/v2\/product_cat?post=18002"},{"taxonomy":"product_tag","embeddable":true,"href":"https:\/\/www.cheminsdereves.fr\/index.php\/wp-json\/wp\/v2\/product_tag?post=18002"}],"curies":[{"name":"wp","href":"https:\/\/api.w.org\/{rel}","templated":true}]}}