{"id":20418,"date":"2026-01-22T11:13:22","date_gmt":"2026-01-22T10:13:22","guid":{"rendered":"https:\/\/www.cheminsdereves.fr\/?post_type=product&#038;p=20418"},"modified":"2026-04-13T07:43:36","modified_gmt":"2026-04-13T05:43:36","slug":"immeuble-haussmannien-le-ramuree-version-brique","status":"publish","type":"product","link":"https:\/\/www.cheminsdereves.fr\/index.php\/produit\/immeuble-haussmannien-le-ramuree-version-brique\/","title":{"rendered":"Immeuble haussmannien \u00ab\u00a0Le Ramur\u00e9e\u00a0\u00bb"},"content":{"rendered":"<p>Un immeuble de notre collection \u00ab\u00a0Haussmann\u00a0\u00bb aux caract\u00e9ristiques iconoclastes.<\/p>\n<p>Cet immeuble comporte des attributs de la fin de la p\u00e9riode haussmannienne. En effet, les r\u00e8glements d&rsquo;urbanisme relativement rigides qui ont pr\u00e9valu au d\u00e9but de la p\u00e9riode haussmannienne ont \u00e9t\u00e9 peu \u00e0 peu assouplis dans la deuxi\u00e8me partie du 19\u00e8me si\u00e8cle. Ainsi, les combles cintr\u00e9s sont un \u00e9l\u00e9ment architectural apparu \u00e0 la fin du 19\u00e8me si\u00e8cle. Autre \u00e9l\u00e9ment iconoclaste : l&rsquo;\u00e9vocation d&rsquo;huisseries m\u00e9talliques. Deux rues \u00e0 Paris comportent n\u00e9anmoins ce type de b\u00e2timents : la rue R\u00e9aumur et la rue d&rsquo;Uz\u00e8s.<\/p>\n<p>Cet immeuble est disponible en deux versions : avec ou sans habillage de briques sur la fa\u00e7ade.<\/p>\n<p>Un immeuble d&rsquo;inspiration haussmannienne donc mais original !<\/p>\n<p>Il trouvera\u00a0 sa place dans un environnement plut\u00f4t urbain. Il est plut\u00f4t destin\u00e9 \u00e0 \u00e9voquer un immeuble commercial ou un immeuble de bureaux. Comme tous nos immeubles et beaucoup de nos autres produits, il est fabriqu\u00e9 avec du carton bois produit en Suisse. La profondeur de l&rsquo;immeuble est de 62 mm.<\/p>\n<p>&nbsp;<\/p>\n<p>Le set comprend :<\/p>\n<ul>\n<li>des planches de carton bois de 3 mm pour les murs lat\u00e9raux et les supports de toiture,<\/li>\n<li>des planches de carton bois de 2.2 mm &#8211; pour le mur de fa\u00e7ade et les planchers &#8211; qui assurent une parfaite rigidit\u00e9 \u00e0 l&rsquo;immeuble,<\/li>\n<li>des planches de carton bois de 0.75 mm notamment pour fa\u00e7onner la toiture cintr\u00e9e,<\/li>\n<li>une planche pr\u00e9 d\u00e9coup\u00e9e en papier Canson de couleur pour r\u00e9aliser les huisseries m\u00e9talliques (du RDC au 4\u00e8me \u00e9tage),<\/li>\n<li>une planche pr\u00e9 d\u00e9coup\u00e9e en papier Canson Ivoire pour r\u00e9aliser les huisseries du 5\u00e8me \u00e9tage,<\/li>\n<li>une planche pr\u00e9-d\u00e9coup\u00e9e de papier imitant la brique si vous avez choisi cette version,<\/li>\n<li>Une feuille de plastique transparent pour r\u00e9aliser les vitrages.<\/li>\n<li>enfin, des pi\u00e8ces en laiton issues de la gravure chimique permettant d&rsquo;\u00e9voquer des ferronneries et de d\u00e9tailler et d&rsquo;habiller les huisseries m\u00e9talliques.<\/li>\n<\/ul>\n<p>&nbsp;<\/p>\n<p>Vous pouvez consulter au pr\u00e9alable <a href=\"https:\/\/www.cheminsdereves.fr\/index.php\/la-mise-en-oeuvre-de-limmeuble-haussmannien-le-ramuree\/\">la notice de montage<\/a> et <a href=\"https:\/\/www.cheminsdereves.fr\/index.php\/support\/la-peinture-et-la-patine-des-immeubles-en-carton-bois\/\">notre guide pour le d\u00e9coration et la patine des constructions en carton bois<\/a>.<\/p>\n","protected":false},"excerpt":{"rendered":"<p>Un immeuble de notre collection \u00ab\u00a0Haussmann\u00a0\u00bb aux caract\u00e9ristiques iconoclastes. Cet immeuble comporte des attributs de la fin de la p\u00e9riode haussmannienne. En effet, les r\u00e8glements d&rsquo;urbanisme relativement rigides qui ont pr\u00e9valu au d\u00e9but de la p\u00e9riode haussmannienne ont \u00e9t\u00e9 peu \u00e0 peu assouplis dans la deuxi\u00e8me partie du 19\u00e8me si\u00e8cle. Ainsi, les combles cintr\u00e9s sont [&hellip;]<\/p>\n","protected":false},"featured_media":20422,"comment_status":"open","ping_status":"closed","template":"","meta":{"ocean_post_layout":"","ocean_both_sidebars_style":"","ocean_both_sidebars_content_width":0,"ocean_both_sidebars_sidebars_width":0,"ocean_sidebar":"0","ocean_second_sidebar":"0","ocean_disable_margins":"enable","ocean_add_body_class":"","ocean_shortcode_before_top_bar":"","ocean_shortcode_after_top_bar":"","ocean_shortcode_before_header":"","ocean_shortcode_after_header":"","ocean_has_shortcode":"","ocean_shortcode_after_title":"","ocean_shortcode_before_footer_widgets":"","ocean_shortcode_after_footer_widgets":"","ocean_shortcode_before_footer_bottom":"","ocean_shortcode_after_footer_bottom":"","ocean_display_top_bar":"default","ocean_display_header":"default","ocean_header_style":"","ocean_center_header_left_menu":"0","ocean_custom_header_template":"0","ocean_custom_logo":0,"ocean_custom_retina_logo":0,"ocean_custom_logo_max_width":0,"ocean_custom_logo_tablet_max_width":0,"ocean_custom_logo_mobile_max_width":0,"ocean_custom_logo_max_height":0,"ocean_custom_logo_tablet_max_height":0,"ocean_custom_logo_mobile_max_height":0,"ocean_header_custom_menu":"0","ocean_menu_typo_font_family":"0","ocean_menu_typo_font_subset":"","ocean_menu_typo_font_size":0,"ocean_menu_typo_font_size_tablet":0,"ocean_menu_typo_font_size_mobile":0,"ocean_menu_typo_font_size_unit":"px","ocean_menu_typo_font_weight":"","ocean_menu_typo_font_weight_tablet":"","ocean_menu_typo_font_weight_mobile":"","ocean_menu_typo_transform":"","ocean_menu_typo_transform_tablet":"","ocean_menu_typo_transform_mobile":"","ocean_menu_typo_line_height":0,"ocean_menu_typo_line_height_tablet":0,"ocean_menu_typo_line_height_mobile":0,"ocean_menu_typo_line_height_unit":"","ocean_menu_typo_spacing":0,"ocean_menu_typo_spacing_tablet":0,"ocean_menu_typo_spacing_mobile":0,"ocean_menu_typo_spacing_unit":"","ocean_menu_link_color":"","ocean_menu_link_color_hover":"","ocean_menu_link_color_active":"","ocean_menu_link_background":"","ocean_menu_link_hover_background":"","ocean_menu_link_active_background":"","ocean_menu_social_links_bg":"","ocean_menu_social_hover_links_bg":"","ocean_menu_social_links_color":"","ocean_menu_social_hover_links_color":"","ocean_disable_title":"default","ocean_disable_heading":"default","ocean_post_title":"","ocean_post_subheading":"","ocean_post_title_style":"","ocean_post_title_background_color":"","ocean_post_title_background":0,"ocean_post_title_bg_image_position":"","ocean_post_title_bg_image_attachment":"","ocean_post_title_bg_image_repeat":"","ocean_post_title_bg_image_size":"","ocean_post_title_height":0,"ocean_post_title_bg_overlay":0.5,"ocean_post_title_bg_overlay_color":"","ocean_disable_breadcrumbs":"default","ocean_breadcrumbs_color":"","ocean_breadcrumbs_separator_color":"","ocean_breadcrumbs_links_color":"","ocean_breadcrumbs_links_hover_color":"","ocean_display_footer_widgets":"default","ocean_display_footer_bottom":"default","ocean_custom_footer_template":"0"},"product_brand":[],"product_cat":[77,87,51],"product_tag":[55,56,53],"class_list":{"0":"post-20418","1":"product","2":"type-product","3":"status-publish","4":"has-post-thumbnail","6":"product_cat-fabrique-en-france","7":"product_cat-haussmann","8":"product_cat-immeubles-et-batiments","9":"product_tag-environnement-ferroviaire-ou-industriel","10":"product_tag-environnement-urbain","11":"product_tag-tout-type-denvironnement","13":"entry","14":"has-media","16":"first","17":"instock","18":"taxable","19":"shipping-taxable","20":"purchasable","21":"product-type-variable","22":"has-product-nav","23":"col","24":"span_1_of_4","25":"owp-content-center","26":"owp-thumbs-layout-horizontal","27":"owp-btn-normal","28":"owp-tabs-layout-horizontal"},"yoast_head":"<!-- This site is optimized with the Yoast SEO plugin v27.4 - https:\/\/yoast.com\/product\/yoast-seo-wordpress\/ -->\n<title>Immeuble haussmannien &quot;Le Ramur\u00e9e&quot; - Chemins de R\u00eaves<\/title>\n<meta name=\"description\" content=\"Un immeuble de style haussmannien tardif disposant de combles cintr\u00e9s et d&#039;un habillage en briques en kit \u00e0 construire et d\u00e9corer\" \/>\n<meta name=\"robots\" content=\"index, follow, max-snippet:-1, max-image-preview:large, max-video-preview:-1\" \/>\n<link rel=\"canonical\" href=\"https:\/\/www.cheminsdereves.fr\/index.php\/produit\/immeuble-haussmannien-le-ramuree-version-brique\/\" \/>\n<meta property=\"og:locale\" content=\"fr_FR\" \/>\n<meta property=\"og:type\" content=\"article\" \/>\n<meta property=\"og:title\" content=\"Immeuble haussmannien &quot;Le Ramur\u00e9e&quot; - Chemins de R\u00eaves\" \/>\n<meta property=\"og:description\" content=\"Un immeuble de style haussmannien tardif disposant de combles cintr\u00e9s et d&#039;un habillage en briques en kit \u00e0 construire et d\u00e9corer\" \/>\n<meta property=\"og:url\" content=\"https:\/\/www.cheminsdereves.fr\/index.php\/produit\/immeuble-haussmannien-le-ramuree-version-brique\/\" \/>\n<meta property=\"og:site_name\" content=\"Chemins de R\u00eaves\" \/>\n<meta property=\"article:modified_time\" content=\"2026-04-13T05:43:36+00:00\" \/>\n<meta property=\"og:image\" content=\"https:\/\/www.cheminsdereves.fr\/wp-content\/uploads\/2026\/01\/Version-briques-2-rotated.jpg\" \/>\n\t<meta property=\"og:image:width\" content=\"240\" \/>\n\t<meta property=\"og:image:height\" content=\"320\" \/>\n\t<meta property=\"og:image:type\" content=\"image\/jpeg\" \/>\n<meta name=\"twitter:card\" content=\"summary_large_image\" \/>\n<meta name=\"twitter:label1\" content=\"Dur\u00e9e de lecture estim\u00e9e\" \/>\n\t<meta name=\"twitter:data1\" content=\"2 minutes\" \/>\n<script type=\"application\/ld+json\" class=\"yoast-schema-graph\">{\"@context\":\"https:\\\/\\\/schema.org\",\"@graph\":[{\"@type\":\"WebPage\",\"@id\":\"https:\\\/\\\/www.cheminsdereves.fr\\\/index.php\\\/produit\\\/immeuble-haussmannien-le-ramuree-version-brique\\\/\",\"url\":\"https:\\\/\\\/www.cheminsdereves.fr\\\/index.php\\\/produit\\\/immeuble-haussmannien-le-ramuree-version-brique\\\/\",\"name\":\"Immeuble haussmannien \\\"Le Ramur\u00e9e\\\" - Chemins de R\u00eaves\",\"isPartOf\":{\"@id\":\"https:\\\/\\\/www.cheminsdereves.fr\\\/#website\"},\"primaryImageOfPage\":{\"@id\":\"https:\\\/\\\/www.cheminsdereves.fr\\\/index.php\\\/produit\\\/immeuble-haussmannien-le-ramuree-version-brique\\\/#primaryimage\"},\"image\":{\"@id\":\"https:\\\/\\\/www.cheminsdereves.fr\\\/index.php\\\/produit\\\/immeuble-haussmannien-le-ramuree-version-brique\\\/#primaryimage\"},\"thumbnailUrl\":\"https:\\\/\\\/www.cheminsdereves.fr\\\/wp-content\\\/uploads\\\/2026\\\/01\\\/Version-briques-2-rotated.jpg\",\"datePublished\":\"2026-01-22T10:13:22+00:00\",\"dateModified\":\"2026-04-13T05:43:36+00:00\",\"description\":\"Un immeuble de style haussmannien tardif disposant de combles cintr\u00e9s et d'un habillage en briques en kit \u00e0 construire et d\u00e9corer\",\"breadcrumb\":{\"@id\":\"https:\\\/\\\/www.cheminsdereves.fr\\\/index.php\\\/produit\\\/immeuble-haussmannien-le-ramuree-version-brique\\\/#breadcrumb\"},\"inLanguage\":\"fr-FR\",\"potentialAction\":[{\"@type\":\"ReadAction\",\"target\":[\"https:\\\/\\\/www.cheminsdereves.fr\\\/index.php\\\/produit\\\/immeuble-haussmannien-le-ramuree-version-brique\\\/\"]}]},{\"@type\":\"ImageObject\",\"inLanguage\":\"fr-FR\",\"@id\":\"https:\\\/\\\/www.cheminsdereves.fr\\\/index.php\\\/produit\\\/immeuble-haussmannien-le-ramuree-version-brique\\\/#primaryimage\",\"url\":\"https:\\\/\\\/www.cheminsdereves.fr\\\/wp-content\\\/uploads\\\/2026\\\/01\\\/Version-briques-2-rotated.jpg\",\"contentUrl\":\"https:\\\/\\\/www.cheminsdereves.fr\\\/wp-content\\\/uploads\\\/2026\\\/01\\\/Version-briques-2-rotated.jpg\",\"width\":240,\"height\":320},{\"@type\":\"BreadcrumbList\",\"@id\":\"https:\\\/\\\/www.cheminsdereves.fr\\\/index.php\\\/produit\\\/immeuble-haussmannien-le-ramuree-version-brique\\\/#breadcrumb\",\"itemListElement\":[{\"@type\":\"ListItem\",\"position\":1,\"name\":\"Accueil\",\"item\":\"https:\\\/\\\/www.cheminsdereves.fr\\\/\"},{\"@type\":\"ListItem\",\"position\":2,\"name\":\"Boutique\",\"item\":\"https:\\\/\\\/www.cheminsdereves.fr\\\/index.php\\\/boutique-articles-modelisme-ferroviaire\\\/\"},{\"@type\":\"ListItem\",\"position\":3,\"name\":\"Immeuble haussmannien \u00ab\u00a0Le Ramur\u00e9e\u00a0\u00bb\"}]},{\"@type\":\"WebSite\",\"@id\":\"https:\\\/\\\/www.cheminsdereves.fr\\\/#website\",\"url\":\"https:\\\/\\\/www.cheminsdereves.fr\\\/\",\"name\":\"Chemins de R\u00eaves\",\"description\":\"Un site consacr\u00e9 au mod\u00e9lisme ferroviaire\",\"publisher\":{\"@id\":\"https:\\\/\\\/www.cheminsdereves.fr\\\/#organization\"},\"potentialAction\":[{\"@type\":\"SearchAction\",\"target\":{\"@type\":\"EntryPoint\",\"urlTemplate\":\"https:\\\/\\\/www.cheminsdereves.fr\\\/?s={search_term_string}\"},\"query-input\":{\"@type\":\"PropertyValueSpecification\",\"valueRequired\":true,\"valueName\":\"search_term_string\"}}],\"inLanguage\":\"fr-FR\"},{\"@type\":\"Organization\",\"@id\":\"https:\\\/\\\/www.cheminsdereves.fr\\\/#organization\",\"name\":\"Chemins de R\u00eaves\",\"url\":\"https:\\\/\\\/www.cheminsdereves.fr\\\/\",\"logo\":{\"@type\":\"ImageObject\",\"inLanguage\":\"fr-FR\",\"@id\":\"https:\\\/\\\/www.cheminsdereves.fr\\\/#\\\/schema\\\/logo\\\/image\\\/\",\"url\":\"https:\\\/\\\/www.cheminsdereves.fr\\\/wp-content\\\/uploads\\\/2023\\\/05\\\/LogoBandeau.png\",\"contentUrl\":\"https:\\\/\\\/www.cheminsdereves.fr\\\/wp-content\\\/uploads\\\/2023\\\/05\\\/LogoBandeau.png\",\"width\":4871,\"height\":1000,\"caption\":\"Chemins de R\u00eaves\"},\"image\":{\"@id\":\"https:\\\/\\\/www.cheminsdereves.fr\\\/#\\\/schema\\\/logo\\\/image\\\/\"}}]}<\/script>\n<!-- \/ Yoast SEO plugin. -->","yoast_head_json":{"title":"Immeuble haussmannien \"Le Ramur\u00e9e\" - Chemins de R\u00eaves","description":"Un immeuble de style haussmannien tardif disposant de combles cintr\u00e9s et d'un habillage en briques en kit \u00e0 construire et d\u00e9corer","robots":{"index":"index","follow":"follow","max-snippet":"max-snippet:-1","max-image-preview":"max-image-preview:large","max-video-preview":"max-video-preview:-1"},"canonical":"https:\/\/www.cheminsdereves.fr\/index.php\/produit\/immeuble-haussmannien-le-ramuree-version-brique\/","og_locale":"fr_FR","og_type":"article","og_title":"Immeuble haussmannien \"Le Ramur\u00e9e\" - Chemins de R\u00eaves","og_description":"Un immeuble de style haussmannien tardif disposant de combles cintr\u00e9s et d'un habillage en briques en kit \u00e0 construire et d\u00e9corer","og_url":"https:\/\/www.cheminsdereves.fr\/index.php\/produit\/immeuble-haussmannien-le-ramuree-version-brique\/","og_site_name":"Chemins de R\u00eaves","article_modified_time":"2026-04-13T05:43:36+00:00","og_image":[{"width":240,"height":320,"url":"https:\/\/www.cheminsdereves.fr\/wp-content\/uploads\/2026\/01\/Version-briques-2-rotated.jpg","type":"image\/jpeg"}],"twitter_card":"summary_large_image","twitter_misc":{"Dur\u00e9e de lecture estim\u00e9e":"2 minutes"},"schema":{"@context":"https:\/\/schema.org","@graph":[{"@type":"WebPage","@id":"https:\/\/www.cheminsdereves.fr\/index.php\/produit\/immeuble-haussmannien-le-ramuree-version-brique\/","url":"https:\/\/www.cheminsdereves.fr\/index.php\/produit\/immeuble-haussmannien-le-ramuree-version-brique\/","name":"Immeuble haussmannien \"Le Ramur\u00e9e\" - Chemins de R\u00eaves","isPartOf":{"@id":"https:\/\/www.cheminsdereves.fr\/#website"},"primaryImageOfPage":{"@id":"https:\/\/www.cheminsdereves.fr\/index.php\/produit\/immeuble-haussmannien-le-ramuree-version-brique\/#primaryimage"},"image":{"@id":"https:\/\/www.cheminsdereves.fr\/index.php\/produit\/immeuble-haussmannien-le-ramuree-version-brique\/#primaryimage"},"thumbnailUrl":"https:\/\/www.cheminsdereves.fr\/wp-content\/uploads\/2026\/01\/Version-briques-2-rotated.jpg","datePublished":"2026-01-22T10:13:22+00:00","dateModified":"2026-04-13T05:43:36+00:00","description":"Un immeuble de style haussmannien tardif disposant de combles cintr\u00e9s et d'un habillage en briques en kit \u00e0 construire et d\u00e9corer","breadcrumb":{"@id":"https:\/\/www.cheminsdereves.fr\/index.php\/produit\/immeuble-haussmannien-le-ramuree-version-brique\/#breadcrumb"},"inLanguage":"fr-FR","potentialAction":[{"@type":"ReadAction","target":["https:\/\/www.cheminsdereves.fr\/index.php\/produit\/immeuble-haussmannien-le-ramuree-version-brique\/"]}]},{"@type":"ImageObject","inLanguage":"fr-FR","@id":"https:\/\/www.cheminsdereves.fr\/index.php\/produit\/immeuble-haussmannien-le-ramuree-version-brique\/#primaryimage","url":"https:\/\/www.cheminsdereves.fr\/wp-content\/uploads\/2026\/01\/Version-briques-2-rotated.jpg","contentUrl":"https:\/\/www.cheminsdereves.fr\/wp-content\/uploads\/2026\/01\/Version-briques-2-rotated.jpg","width":240,"height":320},{"@type":"BreadcrumbList","@id":"https:\/\/www.cheminsdereves.fr\/index.php\/produit\/immeuble-haussmannien-le-ramuree-version-brique\/#breadcrumb","itemListElement":[{"@type":"ListItem","position":1,"name":"Accueil","item":"https:\/\/www.cheminsdereves.fr\/"},{"@type":"ListItem","position":2,"name":"Boutique","item":"https:\/\/www.cheminsdereves.fr\/index.php\/boutique-articles-modelisme-ferroviaire\/"},{"@type":"ListItem","position":3,"name":"Immeuble haussmannien \u00ab\u00a0Le Ramur\u00e9e\u00a0\u00bb"}]},{"@type":"WebSite","@id":"https:\/\/www.cheminsdereves.fr\/#website","url":"https:\/\/www.cheminsdereves.fr\/","name":"Chemins de R\u00eaves","description":"Un site consacr\u00e9 au mod\u00e9lisme ferroviaire","publisher":{"@id":"https:\/\/www.cheminsdereves.fr\/#organization"},"potentialAction":[{"@type":"SearchAction","target":{"@type":"EntryPoint","urlTemplate":"https:\/\/www.cheminsdereves.fr\/?s={search_term_string}"},"query-input":{"@type":"PropertyValueSpecification","valueRequired":true,"valueName":"search_term_string"}}],"inLanguage":"fr-FR"},{"@type":"Organization","@id":"https:\/\/www.cheminsdereves.fr\/#organization","name":"Chemins de R\u00eaves","url":"https:\/\/www.cheminsdereves.fr\/","logo":{"@type":"ImageObject","inLanguage":"fr-FR","@id":"https:\/\/www.cheminsdereves.fr\/#\/schema\/logo\/image\/","url":"https:\/\/www.cheminsdereves.fr\/wp-content\/uploads\/2023\/05\/LogoBandeau.png","contentUrl":"https:\/\/www.cheminsdereves.fr\/wp-content\/uploads\/2023\/05\/LogoBandeau.png","width":4871,"height":1000,"caption":"Chemins de R\u00eaves"},"image":{"@id":"https:\/\/www.cheminsdereves.fr\/#\/schema\/logo\/image\/"}}]}},"_links":{"self":[{"href":"https:\/\/www.cheminsdereves.fr\/index.php\/wp-json\/wp\/v2\/product\/20418","targetHints":{"allow":["GET"]}}],"collection":[{"href":"https:\/\/www.cheminsdereves.fr\/index.php\/wp-json\/wp\/v2\/product"}],"about":[{"href":"https:\/\/www.cheminsdereves.fr\/index.php\/wp-json\/wp\/v2\/types\/product"}],"replies":[{"embeddable":true,"href":"https:\/\/www.cheminsdereves.fr\/index.php\/wp-json\/wp\/v2\/comments?post=20418"}],"wp:featuredmedia":[{"embeddable":true,"href":"https:\/\/www.cheminsdereves.fr\/index.php\/wp-json\/wp\/v2\/media\/20422"}],"wp:attachment":[{"href":"https:\/\/www.cheminsdereves.fr\/index.php\/wp-json\/wp\/v2\/media?parent=20418"}],"wp:term":[{"taxonomy":"product_brand","embeddable":true,"href":"https:\/\/www.cheminsdereves.fr\/index.php\/wp-json\/wp\/v2\/product_brand?post=20418"},{"taxonomy":"product_cat","embeddable":true,"href":"https:\/\/www.cheminsdereves.fr\/index.php\/wp-json\/wp\/v2\/product_cat?post=20418"},{"taxonomy":"product_tag","embeddable":true,"href":"https:\/\/www.cheminsdereves.fr\/index.php\/wp-json\/wp\/v2\/product_tag?post=20418"}],"curies":[{"name":"wp","href":"https:\/\/api.w.org\/{rel}","templated":true}]}}