{"id":22187,"date":"2026-04-06T10:46:04","date_gmt":"2026-04-06T08:46:04","guid":{"rendered":"https:\/\/www.cheminsdereves.fr\/?post_type=product&#038;p=22187"},"modified":"2026-04-07T09:21:08","modified_gmt":"2026-04-07T07:21:08","slug":"immeuble-haussmannien-le-63bis-boulevard-de-possabolet","status":"publish","type":"product","link":"https:\/\/www.cheminsdereves.fr\/index.php\/produit\/immeuble-haussmannien-le-63bis-boulevard-de-possabolet\/","title":{"rendered":"Immeuble haussmannien &#8211; Le 63bis, boulevard de Possabolet"},"content":{"rendered":"<p>Un bel immeuble haussmannien \u00e0 l&rsquo;allure \u00e9l\u00e9gante caract\u00e9ristique.<\/p>\n<p>Ces immeubles ont \u00e9t\u00e9 construits dans la cadre du projet de r\u00e9novation de Paris durant la 2\u00e8me partie du 19\u00e8me si\u00e8cle mais on trouve des immeubles de style haussmannien dans toutes les grandes villes de France et aussi dans certaines grandes villes \u00e0 l&rsquo;\u00e9tranger (New York, Lausanne, Le Caire, Alger, Chicago, Tunis, etc.).<\/p>\n<p>Cet immeuble est trait\u00e9 en demi relief. Sa hauteur totale est de 258 mm (chemin\u00e9es comprises), la largeur est de 119 mm et sa profondeur est de 62 cm au sol. Ce mod\u00e8le est dot\u00e9 d&rsquo;un comble cintr\u00e9 en toiture et d&rsquo;un entresol. Les combles cintr\u00e9s sont une \u00e9volution des r\u00e8glements d&rsquo;urbanisme, intervenue \u00e0 la fin du 19\u00e8me si\u00e8cle. Enfin, il est fourni en deux versions : avec et sans habillage de briques.<\/p>\n<p>Le set comprend :<\/p>\n<ul>\n<li>des planches de carton bois de 3 mm pour les murs de c\u00f4t\u00e9 qui assurent une parfaite rigidit\u00e9 \u00e0 l&rsquo;ensemble,<\/li>\n<li>des planches de carton bois de 2.2 mm &#8211; pour le mur de fa\u00e7ade et les planchers,<\/li>\n<li>des planches de carton bois de 1.5 mm et 1 mm principalement pour les balcons, mod\u00e9natures et divers \u00e9l\u00e9ments de d\u00e9taillage,<\/li>\n<li>des planches de 0.75 mm pour r\u00e9aliser la toiture du comble cintr\u00e9e et l&rsquo;habillage de la fa\u00e7ade,<\/li>\n<li>des pi\u00e8ces en laiton sp\u00e9cialement dessin\u00e9es et fabriqu\u00e9es pour cette collection d&rsquo;immeubles, issues de la d\u00e9coupe chimique pour r\u00e9aliser les ferronneries (balcons, rambardes de fen\u00eatres),<\/li>\n<li>une planche pr\u00e9 d\u00e9coup\u00e9e en papier Canson de couleur* pour r\u00e9aliser les persiennes, \u00e0 utiliser \u00e0 votre guise pour varier le rythme de vos huisseries,<\/li>\n<li>une planche pr\u00e9 d\u00e9coup\u00e9e en papier Canson Ivoire pour r\u00e9aliser les huisseries,<\/li>\n<li>une planche pr\u00e9-d\u00e9coup\u00e9e de feuilles de briques pour ceux qui auraient choisi cette option,<\/li>\n<li>Une feuille de plastique transparent pour r\u00e9aliser les vitrages,<\/li>\n<li>des colliers de guidage et un profil\u00e9 styr\u00e8ne sont fournis pour r\u00e9aliser la descente d&rsquo;eau.<\/li>\n<\/ul>\n<p>(* La couleur sur les photos n&rsquo;est pas contractuelle. Nous fournissons ce set en changeant r\u00e9guli\u00e8rement les couleurs des persiennes pour \u00e9viter que nos clients ne se retrouvent avec le m\u00eame set. Il s&rsquo;agit bien entendu de couleurs r\u00e9alistes (gris, vert, bleu).)<\/p>\n<p>Vous pouvez consulter au pr\u00e9alable <a href=\"https:\/\/www.cheminsdereves.fr\/index.php\/la-mise-en-oeuvre-de-limmeuble-haussmannien-au-63bis\/\"><strong>la notice de montage<\/strong><\/a> pour mieux d\u00e9couvrir cet immeuble. La couleur naturelle ivoire du carton bois est tr\u00e8s r\u00e9aliste et il peut \u00eatre mis en \u0153uvre tel quel. Si vous envisagez de peindre votre kit, vous pouvez aussi consulter <a href=\"https:\/\/www.cheminsdereves.fr\/index.php\/support\/la-peinture-et-la-patine-des-immeubles-en-carton-bois\/\"><strong>le guide pour la d\u00e9coration et la patine<\/strong><\/a> de ces immeubles en carton bois. Les photos pr\u00e9sentent ainsi un immeuble peint couleur ivoire clair (RAL 1015). Cela vous donne une bonne id\u00e9e du r\u00e9alisme possible avec ce kit. <a href=\"https:\/\/www.cheminsdereves.fr\/index.php\/produit\/immeuble-haussmannien-place-deinemale\/\"><strong>Cet autre immeuble de notre collection<\/strong><\/a> a quant \u00e0 lui \u00e9t\u00e9 d\u00e9cor\u00e9 en blanc. \u00c0 vous de faire votre choix !<\/p>\n<p>Produit cr\u00e9\u00e9, prototyp\u00e9, industrialis\u00e9 et fabriqu\u00e9 en France. Les pi\u00e8ces en gravure chimique ont \u00e9t\u00e9 dessin\u00e9es par nos soins et sont fabriqu\u00e9es en Roumanie.<\/p>\n","protected":false},"excerpt":{"rendered":"<p>Un bel immeuble haussmannien \u00e0 l&rsquo;allure \u00e9l\u00e9gante caract\u00e9ristique. Ces immeubles ont \u00e9t\u00e9 construits dans la cadre du projet de r\u00e9novation de Paris durant la 2\u00e8me partie du 19\u00e8me si\u00e8cle mais on trouve des immeubles de style haussmannien dans toutes les grandes villes de France et aussi dans certaines grandes villes \u00e0 l&rsquo;\u00e9tranger (New York, Lausanne, [&hellip;]<\/p>\n","protected":false},"featured_media":22154,"comment_status":"open","ping_status":"closed","template":"","meta":{"ocean_post_layout":"","ocean_both_sidebars_style":"","ocean_both_sidebars_content_width":0,"ocean_both_sidebars_sidebars_width":0,"ocean_sidebar":"0","ocean_second_sidebar":"0","ocean_disable_margins":"enable","ocean_add_body_class":"","ocean_shortcode_before_top_bar":"","ocean_shortcode_after_top_bar":"","ocean_shortcode_before_header":"","ocean_shortcode_after_header":"","ocean_has_shortcode":"","ocean_shortcode_after_title":"","ocean_shortcode_before_footer_widgets":"","ocean_shortcode_after_footer_widgets":"","ocean_shortcode_before_footer_bottom":"","ocean_shortcode_after_footer_bottom":"","ocean_display_top_bar":"default","ocean_display_header":"default","ocean_header_style":"","ocean_center_header_left_menu":"0","ocean_custom_header_template":"0","ocean_custom_logo":0,"ocean_custom_retina_logo":0,"ocean_custom_logo_max_width":0,"ocean_custom_logo_tablet_max_width":0,"ocean_custom_logo_mobile_max_width":0,"ocean_custom_logo_max_height":0,"ocean_custom_logo_tablet_max_height":0,"ocean_custom_logo_mobile_max_height":0,"ocean_header_custom_menu":"0","ocean_menu_typo_font_family":"0","ocean_menu_typo_font_subset":"","ocean_menu_typo_font_size":0,"ocean_menu_typo_font_size_tablet":0,"ocean_menu_typo_font_size_mobile":0,"ocean_menu_typo_font_size_unit":"px","ocean_menu_typo_font_weight":"","ocean_menu_typo_font_weight_tablet":"","ocean_menu_typo_font_weight_mobile":"","ocean_menu_typo_transform":"","ocean_menu_typo_transform_tablet":"","ocean_menu_typo_transform_mobile":"","ocean_menu_typo_line_height":0,"ocean_menu_typo_line_height_tablet":0,"ocean_menu_typo_line_height_mobile":0,"ocean_menu_typo_line_height_unit":"","ocean_menu_typo_spacing":0,"ocean_menu_typo_spacing_tablet":0,"ocean_menu_typo_spacing_mobile":0,"ocean_menu_typo_spacing_unit":"","ocean_menu_link_color":"","ocean_menu_link_color_hover":"","ocean_menu_link_color_active":"","ocean_menu_link_background":"","ocean_menu_link_hover_background":"","ocean_menu_link_active_background":"","ocean_menu_social_links_bg":"","ocean_menu_social_hover_links_bg":"","ocean_menu_social_links_color":"","ocean_menu_social_hover_links_color":"","ocean_disable_title":"default","ocean_disable_heading":"default","ocean_post_title":"","ocean_post_subheading":"","ocean_post_title_style":"","ocean_post_title_background_color":"","ocean_post_title_background":0,"ocean_post_title_bg_image_position":"","ocean_post_title_bg_image_attachment":"","ocean_post_title_bg_image_repeat":"","ocean_post_title_bg_image_size":"","ocean_post_title_height":0,"ocean_post_title_bg_overlay":0.5,"ocean_post_title_bg_overlay_color":"","ocean_disable_breadcrumbs":"default","ocean_breadcrumbs_color":"","ocean_breadcrumbs_separator_color":"","ocean_breadcrumbs_links_color":"","ocean_breadcrumbs_links_hover_color":"","ocean_display_footer_widgets":"default","ocean_display_footer_bottom":"default","ocean_custom_footer_template":"0"},"product_brand":[],"product_cat":[77,87,51],"product_tag":[56],"class_list":{"0":"post-22187","1":"product","2":"type-product","3":"status-publish","4":"has-post-thumbnail","6":"product_cat-fabrique-en-france","7":"product_cat-haussmann","8":"product_cat-immeubles-et-batiments","9":"product_tag-environnement-urbain","11":"entry","12":"has-media","14":"first","15":"outofstock","16":"taxable","17":"shipping-taxable","18":"purchasable","19":"product-type-variable","20":"has-product-nav","21":"col","22":"span_1_of_4","23":"owp-content-center","24":"owp-thumbs-layout-horizontal","25":"owp-btn-normal","26":"owp-tabs-layout-horizontal"},"yoast_head":"<!-- This site is optimized with the Yoast SEO plugin v27.3 - https:\/\/yoast.com\/product\/yoast-seo-wordpress\/ -->\n<title>Immeuble haussmannien - Le 63bis, boulevard de Possabolet - Chemins de R\u00eaves<\/title>\n<meta name=\"description\" content=\"Un immeuble haussmannien \u00e0 l&#039;\u00e9chelle HO typique des environnements urbains (et pas seulement parisiens) aux combles cintr\u00e9es\" \/>\n<meta name=\"robots\" content=\"index, follow, max-snippet:-1, max-image-preview:large, max-video-preview:-1\" \/>\n<link rel=\"canonical\" href=\"https:\/\/www.cheminsdereves.fr\/index.php\/produit\/immeuble-haussmannien-le-63bis-boulevard-de-possabolet\/\" \/>\n<meta property=\"og:locale\" content=\"fr_FR\" \/>\n<meta property=\"og:type\" content=\"article\" \/>\n<meta property=\"og:title\" content=\"Immeuble haussmannien - Le 63bis, boulevard de Possabolet - Chemins de R\u00eaves\" \/>\n<meta property=\"og:description\" content=\"Un immeuble haussmannien \u00e0 l&#039;\u00e9chelle HO typique des environnements urbains (et pas seulement parisiens) aux combles cintr\u00e9es\" \/>\n<meta property=\"og:url\" content=\"https:\/\/www.cheminsdereves.fr\/index.php\/produit\/immeuble-haussmannien-le-63bis-boulevard-de-possabolet\/\" \/>\n<meta property=\"og:site_name\" content=\"Chemins de R\u00eaves\" \/>\n<meta property=\"article:modified_time\" content=\"2026-04-07T07:21:08+00:00\" \/>\n<meta property=\"og:image\" content=\"https:\/\/www.cheminsdereves.fr\/wp-content\/uploads\/2026\/04\/Photo-63-bis-SB-CC-3-rotated.jpg\" \/>\n\t<meta property=\"og:image:width\" content=\"240\" \/>\n\t<meta property=\"og:image:height\" content=\"320\" \/>\n\t<meta property=\"og:image:type\" content=\"image\/jpeg\" \/>\n<meta name=\"twitter:card\" content=\"summary_large_image\" \/>\n<meta name=\"twitter:label1\" content=\"Dur\u00e9e de lecture estim\u00e9e\" \/>\n\t<meta name=\"twitter:data1\" content=\"3 minutes\" \/>\n<script type=\"application\/ld+json\" class=\"yoast-schema-graph\">{\"@context\":\"https:\\\/\\\/schema.org\",\"@graph\":[{\"@type\":\"WebPage\",\"@id\":\"https:\\\/\\\/www.cheminsdereves.fr\\\/index.php\\\/produit\\\/immeuble-haussmannien-le-63bis-boulevard-de-possabolet\\\/\",\"url\":\"https:\\\/\\\/www.cheminsdereves.fr\\\/index.php\\\/produit\\\/immeuble-haussmannien-le-63bis-boulevard-de-possabolet\\\/\",\"name\":\"Immeuble haussmannien - Le 63bis, boulevard de Possabolet - Chemins de R\u00eaves\",\"isPartOf\":{\"@id\":\"https:\\\/\\\/www.cheminsdereves.fr\\\/#website\"},\"primaryImageOfPage\":{\"@id\":\"https:\\\/\\\/www.cheminsdereves.fr\\\/index.php\\\/produit\\\/immeuble-haussmannien-le-63bis-boulevard-de-possabolet\\\/#primaryimage\"},\"image\":{\"@id\":\"https:\\\/\\\/www.cheminsdereves.fr\\\/index.php\\\/produit\\\/immeuble-haussmannien-le-63bis-boulevard-de-possabolet\\\/#primaryimage\"},\"thumbnailUrl\":\"https:\\\/\\\/www.cheminsdereves.fr\\\/wp-content\\\/uploads\\\/2026\\\/04\\\/Photo-63-bis-SB-CC-3-rotated.jpg\",\"datePublished\":\"2026-04-06T08:46:04+00:00\",\"dateModified\":\"2026-04-07T07:21:08+00:00\",\"description\":\"Un immeuble haussmannien \u00e0 l'\u00e9chelle HO typique des environnements urbains (et pas seulement parisiens) aux combles cintr\u00e9es\",\"breadcrumb\":{\"@id\":\"https:\\\/\\\/www.cheminsdereves.fr\\\/index.php\\\/produit\\\/immeuble-haussmannien-le-63bis-boulevard-de-possabolet\\\/#breadcrumb\"},\"inLanguage\":\"fr-FR\",\"potentialAction\":[{\"@type\":\"ReadAction\",\"target\":[\"https:\\\/\\\/www.cheminsdereves.fr\\\/index.php\\\/produit\\\/immeuble-haussmannien-le-63bis-boulevard-de-possabolet\\\/\"]}]},{\"@type\":\"ImageObject\",\"inLanguage\":\"fr-FR\",\"@id\":\"https:\\\/\\\/www.cheminsdereves.fr\\\/index.php\\\/produit\\\/immeuble-haussmannien-le-63bis-boulevard-de-possabolet\\\/#primaryimage\",\"url\":\"https:\\\/\\\/www.cheminsdereves.fr\\\/wp-content\\\/uploads\\\/2026\\\/04\\\/Photo-63-bis-SB-CC-3-rotated.jpg\",\"contentUrl\":\"https:\\\/\\\/www.cheminsdereves.fr\\\/wp-content\\\/uploads\\\/2026\\\/04\\\/Photo-63-bis-SB-CC-3-rotated.jpg\",\"width\":240,\"height\":320},{\"@type\":\"BreadcrumbList\",\"@id\":\"https:\\\/\\\/www.cheminsdereves.fr\\\/index.php\\\/produit\\\/immeuble-haussmannien-le-63bis-boulevard-de-possabolet\\\/#breadcrumb\",\"itemListElement\":[{\"@type\":\"ListItem\",\"position\":1,\"name\":\"Accueil\",\"item\":\"https:\\\/\\\/www.cheminsdereves.fr\\\/\"},{\"@type\":\"ListItem\",\"position\":2,\"name\":\"Boutique\",\"item\":\"https:\\\/\\\/www.cheminsdereves.fr\\\/index.php\\\/boutique-articles-modelisme-ferroviaire\\\/\"},{\"@type\":\"ListItem\",\"position\":3,\"name\":\"Immeuble haussmannien &#8211; Le 63bis, boulevard de Possabolet\"}]},{\"@type\":\"WebSite\",\"@id\":\"https:\\\/\\\/www.cheminsdereves.fr\\\/#website\",\"url\":\"https:\\\/\\\/www.cheminsdereves.fr\\\/\",\"name\":\"Chemins de R\u00eaves\",\"description\":\"Un site consacr\u00e9 au mod\u00e9lisme ferroviaire\",\"publisher\":{\"@id\":\"https:\\\/\\\/www.cheminsdereves.fr\\\/#organization\"},\"potentialAction\":[{\"@type\":\"SearchAction\",\"target\":{\"@type\":\"EntryPoint\",\"urlTemplate\":\"https:\\\/\\\/www.cheminsdereves.fr\\\/?s={search_term_string}\"},\"query-input\":{\"@type\":\"PropertyValueSpecification\",\"valueRequired\":true,\"valueName\":\"search_term_string\"}}],\"inLanguage\":\"fr-FR\"},{\"@type\":\"Organization\",\"@id\":\"https:\\\/\\\/www.cheminsdereves.fr\\\/#organization\",\"name\":\"Chemins de R\u00eaves\",\"url\":\"https:\\\/\\\/www.cheminsdereves.fr\\\/\",\"logo\":{\"@type\":\"ImageObject\",\"inLanguage\":\"fr-FR\",\"@id\":\"https:\\\/\\\/www.cheminsdereves.fr\\\/#\\\/schema\\\/logo\\\/image\\\/\",\"url\":\"https:\\\/\\\/www.cheminsdereves.fr\\\/wp-content\\\/uploads\\\/2023\\\/05\\\/LogoBandeau.png\",\"contentUrl\":\"https:\\\/\\\/www.cheminsdereves.fr\\\/wp-content\\\/uploads\\\/2023\\\/05\\\/LogoBandeau.png\",\"width\":4871,\"height\":1000,\"caption\":\"Chemins de R\u00eaves\"},\"image\":{\"@id\":\"https:\\\/\\\/www.cheminsdereves.fr\\\/#\\\/schema\\\/logo\\\/image\\\/\"}}]}<\/script>\n<!-- \/ Yoast SEO plugin. -->","yoast_head_json":{"title":"Immeuble haussmannien - Le 63bis, boulevard de Possabolet - Chemins de R\u00eaves","description":"Un immeuble haussmannien \u00e0 l'\u00e9chelle HO typique des environnements urbains (et pas seulement parisiens) aux combles cintr\u00e9es","robots":{"index":"index","follow":"follow","max-snippet":"max-snippet:-1","max-image-preview":"max-image-preview:large","max-video-preview":"max-video-preview:-1"},"canonical":"https:\/\/www.cheminsdereves.fr\/index.php\/produit\/immeuble-haussmannien-le-63bis-boulevard-de-possabolet\/","og_locale":"fr_FR","og_type":"article","og_title":"Immeuble haussmannien - Le 63bis, boulevard de Possabolet - Chemins de R\u00eaves","og_description":"Un immeuble haussmannien \u00e0 l'\u00e9chelle HO typique des environnements urbains (et pas seulement parisiens) aux combles cintr\u00e9es","og_url":"https:\/\/www.cheminsdereves.fr\/index.php\/produit\/immeuble-haussmannien-le-63bis-boulevard-de-possabolet\/","og_site_name":"Chemins de R\u00eaves","article_modified_time":"2026-04-07T07:21:08+00:00","og_image":[{"width":240,"height":320,"url":"https:\/\/www.cheminsdereves.fr\/wp-content\/uploads\/2026\/04\/Photo-63-bis-SB-CC-3-rotated.jpg","type":"image\/jpeg"}],"twitter_card":"summary_large_image","twitter_misc":{"Dur\u00e9e de lecture estim\u00e9e":"3 minutes"},"schema":{"@context":"https:\/\/schema.org","@graph":[{"@type":"WebPage","@id":"https:\/\/www.cheminsdereves.fr\/index.php\/produit\/immeuble-haussmannien-le-63bis-boulevard-de-possabolet\/","url":"https:\/\/www.cheminsdereves.fr\/index.php\/produit\/immeuble-haussmannien-le-63bis-boulevard-de-possabolet\/","name":"Immeuble haussmannien - Le 63bis, boulevard de Possabolet - Chemins de R\u00eaves","isPartOf":{"@id":"https:\/\/www.cheminsdereves.fr\/#website"},"primaryImageOfPage":{"@id":"https:\/\/www.cheminsdereves.fr\/index.php\/produit\/immeuble-haussmannien-le-63bis-boulevard-de-possabolet\/#primaryimage"},"image":{"@id":"https:\/\/www.cheminsdereves.fr\/index.php\/produit\/immeuble-haussmannien-le-63bis-boulevard-de-possabolet\/#primaryimage"},"thumbnailUrl":"https:\/\/www.cheminsdereves.fr\/wp-content\/uploads\/2026\/04\/Photo-63-bis-SB-CC-3-rotated.jpg","datePublished":"2026-04-06T08:46:04+00:00","dateModified":"2026-04-07T07:21:08+00:00","description":"Un immeuble haussmannien \u00e0 l'\u00e9chelle HO typique des environnements urbains (et pas seulement parisiens) aux combles cintr\u00e9es","breadcrumb":{"@id":"https:\/\/www.cheminsdereves.fr\/index.php\/produit\/immeuble-haussmannien-le-63bis-boulevard-de-possabolet\/#breadcrumb"},"inLanguage":"fr-FR","potentialAction":[{"@type":"ReadAction","target":["https:\/\/www.cheminsdereves.fr\/index.php\/produit\/immeuble-haussmannien-le-63bis-boulevard-de-possabolet\/"]}]},{"@type":"ImageObject","inLanguage":"fr-FR","@id":"https:\/\/www.cheminsdereves.fr\/index.php\/produit\/immeuble-haussmannien-le-63bis-boulevard-de-possabolet\/#primaryimage","url":"https:\/\/www.cheminsdereves.fr\/wp-content\/uploads\/2026\/04\/Photo-63-bis-SB-CC-3-rotated.jpg","contentUrl":"https:\/\/www.cheminsdereves.fr\/wp-content\/uploads\/2026\/04\/Photo-63-bis-SB-CC-3-rotated.jpg","width":240,"height":320},{"@type":"BreadcrumbList","@id":"https:\/\/www.cheminsdereves.fr\/index.php\/produit\/immeuble-haussmannien-le-63bis-boulevard-de-possabolet\/#breadcrumb","itemListElement":[{"@type":"ListItem","position":1,"name":"Accueil","item":"https:\/\/www.cheminsdereves.fr\/"},{"@type":"ListItem","position":2,"name":"Boutique","item":"https:\/\/www.cheminsdereves.fr\/index.php\/boutique-articles-modelisme-ferroviaire\/"},{"@type":"ListItem","position":3,"name":"Immeuble haussmannien &#8211; Le 63bis, boulevard de Possabolet"}]},{"@type":"WebSite","@id":"https:\/\/www.cheminsdereves.fr\/#website","url":"https:\/\/www.cheminsdereves.fr\/","name":"Chemins de R\u00eaves","description":"Un site consacr\u00e9 au mod\u00e9lisme ferroviaire","publisher":{"@id":"https:\/\/www.cheminsdereves.fr\/#organization"},"potentialAction":[{"@type":"SearchAction","target":{"@type":"EntryPoint","urlTemplate":"https:\/\/www.cheminsdereves.fr\/?s={search_term_string}"},"query-input":{"@type":"PropertyValueSpecification","valueRequired":true,"valueName":"search_term_string"}}],"inLanguage":"fr-FR"},{"@type":"Organization","@id":"https:\/\/www.cheminsdereves.fr\/#organization","name":"Chemins de R\u00eaves","url":"https:\/\/www.cheminsdereves.fr\/","logo":{"@type":"ImageObject","inLanguage":"fr-FR","@id":"https:\/\/www.cheminsdereves.fr\/#\/schema\/logo\/image\/","url":"https:\/\/www.cheminsdereves.fr\/wp-content\/uploads\/2023\/05\/LogoBandeau.png","contentUrl":"https:\/\/www.cheminsdereves.fr\/wp-content\/uploads\/2023\/05\/LogoBandeau.png","width":4871,"height":1000,"caption":"Chemins de R\u00eaves"},"image":{"@id":"https:\/\/www.cheminsdereves.fr\/#\/schema\/logo\/image\/"}}]}},"_links":{"self":[{"href":"https:\/\/www.cheminsdereves.fr\/index.php\/wp-json\/wp\/v2\/product\/22187","targetHints":{"allow":["GET"]}}],"collection":[{"href":"https:\/\/www.cheminsdereves.fr\/index.php\/wp-json\/wp\/v2\/product"}],"about":[{"href":"https:\/\/www.cheminsdereves.fr\/index.php\/wp-json\/wp\/v2\/types\/product"}],"replies":[{"embeddable":true,"href":"https:\/\/www.cheminsdereves.fr\/index.php\/wp-json\/wp\/v2\/comments?post=22187"}],"wp:featuredmedia":[{"embeddable":true,"href":"https:\/\/www.cheminsdereves.fr\/index.php\/wp-json\/wp\/v2\/media\/22154"}],"wp:attachment":[{"href":"https:\/\/www.cheminsdereves.fr\/index.php\/wp-json\/wp\/v2\/media?parent=22187"}],"wp:term":[{"taxonomy":"product_brand","embeddable":true,"href":"https:\/\/www.cheminsdereves.fr\/index.php\/wp-json\/wp\/v2\/product_brand?post=22187"},{"taxonomy":"product_cat","embeddable":true,"href":"https:\/\/www.cheminsdereves.fr\/index.php\/wp-json\/wp\/v2\/product_cat?post=22187"},{"taxonomy":"product_tag","embeddable":true,"href":"https:\/\/www.cheminsdereves.fr\/index.php\/wp-json\/wp\/v2\/product_tag?post=22187"}],"curies":[{"name":"wp","href":"https:\/\/api.w.org\/{rel}","templated":true}]}}