{"id":4730,"date":"2024-05-12T10:04:04","date_gmt":"2024-05-12T08:04:04","guid":{"rendered":"https:\/\/www.cheminsdereves.fr\/?post_type=product&#038;p=4730"},"modified":"2024-09-16T09:10:24","modified_gmt":"2024-09-16T07:10:24","slug":"personnages-preiser-ho-14404-26-passagers-assis","status":"publish","type":"product","link":"https:\/\/www.cheminsdereves.fr\/index.php\/produit\/personnages-preiser-ho-14404-26-passagers-assis\/","title":{"rendered":"Personnages Preiser HO 14404 26 passagers assis"},"content":{"rendered":"<p>26 passagers assis avec un chauffeur<\/p>\n<p>Preiser est une r\u00e9f\u00e9rence en mati\u00e8re de reproduction et de d\u00e9coration de figurines. Chemins de R\u00eaves est avant tout un site fait pour les mod\u00e9listes. La peinture de cette boite de figurines est sommaire et il est recommand\u00e9 d&rsquo;y apporter des compl\u00e9ments. Vous pouvez ainsi vous inspirez de <a href=\"https:\/\/www.cheminsdereves.fr\/index.php\/2023\/576\/\">cet <strong>article<\/strong> de blog <\/a>si vous souhaitez modifier, compl\u00e9ter ou d\u00e9tailler ces figurines.<\/p>\n","protected":false},"excerpt":{"rendered":"<p>26 passagers assis avec un chauffeur Preiser est une r\u00e9f\u00e9rence en mati\u00e8re de reproduction et de d\u00e9coration de figurines. Chemins de R\u00eaves est avant tout un site fait pour les mod\u00e9listes. La peinture de cette boite de figurines est sommaire et il est recommand\u00e9 d&rsquo;y apporter des compl\u00e9ments. Vous pouvez ainsi vous inspirez de cet [&hellip;]<\/p>\n","protected":false},"featured_media":9555,"comment_status":"open","ping_status":"closed","template":"","meta":{"ocean_post_layout":"","ocean_both_sidebars_style":"","ocean_both_sidebars_content_width":0,"ocean_both_sidebars_sidebars_width":0,"ocean_sidebar":"0","ocean_second_sidebar":"0","ocean_disable_margins":"enable","ocean_add_body_class":"","ocean_shortcode_before_top_bar":"","ocean_shortcode_after_top_bar":"","ocean_shortcode_before_header":"","ocean_shortcode_after_header":"","ocean_has_shortcode":"","ocean_shortcode_after_title":"","ocean_shortcode_before_footer_widgets":"","ocean_shortcode_after_footer_widgets":"","ocean_shortcode_before_footer_bottom":"","ocean_shortcode_after_footer_bottom":"","ocean_display_top_bar":"default","ocean_display_header":"default","ocean_header_style":"","ocean_center_header_left_menu":"0","ocean_custom_header_template":"0","ocean_custom_logo":0,"ocean_custom_retina_logo":0,"ocean_custom_logo_max_width":0,"ocean_custom_logo_tablet_max_width":0,"ocean_custom_logo_mobile_max_width":0,"ocean_custom_logo_max_height":0,"ocean_custom_logo_tablet_max_height":0,"ocean_custom_logo_mobile_max_height":0,"ocean_header_custom_menu":"0","ocean_menu_typo_font_family":"0","ocean_menu_typo_font_subset":"","ocean_menu_typo_font_size":0,"ocean_menu_typo_font_size_tablet":0,"ocean_menu_typo_font_size_mobile":0,"ocean_menu_typo_font_size_unit":"px","ocean_menu_typo_font_weight":"","ocean_menu_typo_font_weight_tablet":"","ocean_menu_typo_font_weight_mobile":"","ocean_menu_typo_transform":"","ocean_menu_typo_transform_tablet":"","ocean_menu_typo_transform_mobile":"","ocean_menu_typo_line_height":0,"ocean_menu_typo_line_height_tablet":0,"ocean_menu_typo_line_height_mobile":0,"ocean_menu_typo_line_height_unit":"","ocean_menu_typo_spacing":0,"ocean_menu_typo_spacing_tablet":0,"ocean_menu_typo_spacing_mobile":0,"ocean_menu_typo_spacing_unit":"","ocean_menu_link_color":"","ocean_menu_link_color_hover":"","ocean_menu_link_color_active":"","ocean_menu_link_background":"","ocean_menu_link_hover_background":"","ocean_menu_link_active_background":"","ocean_menu_social_links_bg":"","ocean_menu_social_hover_links_bg":"","ocean_menu_social_links_color":"","ocean_menu_social_hover_links_color":"","ocean_disable_title":"default","ocean_disable_heading":"default","ocean_post_title":"","ocean_post_subheading":"","ocean_post_title_style":"","ocean_post_title_background_color":"","ocean_post_title_background":0,"ocean_post_title_bg_image_position":"","ocean_post_title_bg_image_attachment":"","ocean_post_title_bg_image_repeat":"","ocean_post_title_bg_image_size":"","ocean_post_title_height":0,"ocean_post_title_bg_overlay":0.5,"ocean_post_title_bg_overlay_color":"","ocean_disable_breadcrumbs":"default","ocean_breadcrumbs_color":"","ocean_breadcrumbs_separator_color":"","ocean_breadcrumbs_links_color":"","ocean_breadcrumbs_links_hover_color":"","ocean_display_footer_widgets":"default","ocean_display_footer_bottom":"default","ocean_custom_footer_template":"0"},"product_brand":[],"product_cat":[50],"product_tag":[],"class_list":{"0":"post-4730","1":"product","2":"type-product","3":"status-publish","4":"has-post-thumbnail","6":"product_cat-personnages-figurines","8":"entry","9":"has-media","11":"first","12":"instock","13":"sale","14":"taxable","15":"shipping-taxable","16":"purchasable","17":"product-type-simple","18":"has-product-nav","19":"col","20":"span_1_of_4","21":"owp-content-center","22":"owp-thumbs-layout-horizontal","23":"owp-btn-normal","24":"owp-tabs-layout-horizontal"},"yoast_head":"<!-- This site is optimized with the Yoast SEO plugin v27.3 - https:\/\/yoast.com\/product\/yoast-seo-wordpress\/ -->\n<title>Personnages Preiser HO 14404 26 passagers assis - Chemins de R\u00eaves<\/title>\n<meta name=\"description\" content=\"2- figurines assises avec un chauffeur\" \/>\n<meta name=\"robots\" content=\"index, follow, max-snippet:-1, max-image-preview:large, max-video-preview:-1\" \/>\n<link rel=\"canonical\" href=\"https:\/\/www.cheminsdereves.fr\/index.php\/produit\/personnages-preiser-ho-14404-26-passagers-assis\/\" \/>\n<meta property=\"og:locale\" content=\"fr_FR\" \/>\n<meta property=\"og:type\" content=\"article\" \/>\n<meta property=\"og:title\" content=\"Personnages Preiser HO 14404 26 passagers assis - Chemins de R\u00eaves\" \/>\n<meta property=\"og:description\" content=\"2- figurines assises avec un chauffeur\" \/>\n<meta property=\"og:url\" content=\"https:\/\/www.cheminsdereves.fr\/index.php\/produit\/personnages-preiser-ho-14404-26-passagers-assis\/\" \/>\n<meta property=\"og:site_name\" content=\"Chemins de R\u00eaves\" \/>\n<meta property=\"article:modified_time\" content=\"2024-09-16T07:10:24+00:00\" \/>\n<meta property=\"og:image\" content=\"https:\/\/www.cheminsdereves.fr\/wp-content\/uploads\/2024\/06\/Preiser-14404-1-rotated.jpg\" \/>\n\t<meta property=\"og:image:width\" content=\"240\" \/>\n\t<meta property=\"og:image:height\" content=\"320\" \/>\n\t<meta property=\"og:image:type\" content=\"image\/jpeg\" \/>\n<meta name=\"twitter:card\" content=\"summary_large_image\" \/>\n<meta name=\"twitter:label1\" content=\"Dur\u00e9e de lecture estim\u00e9e\" \/>\n\t<meta name=\"twitter:data1\" content=\"1 minute\" \/>\n<script type=\"application\/ld+json\" class=\"yoast-schema-graph\">{\"@context\":\"https:\\\/\\\/schema.org\",\"@graph\":[{\"@type\":\"WebPage\",\"@id\":\"https:\\\/\\\/www.cheminsdereves.fr\\\/index.php\\\/produit\\\/personnages-preiser-ho-14404-26-passagers-assis\\\/\",\"url\":\"https:\\\/\\\/www.cheminsdereves.fr\\\/index.php\\\/produit\\\/personnages-preiser-ho-14404-26-passagers-assis\\\/\",\"name\":\"Personnages Preiser HO 14404 26 passagers assis - Chemins de R\u00eaves\",\"isPartOf\":{\"@id\":\"https:\\\/\\\/www.cheminsdereves.fr\\\/#website\"},\"primaryImageOfPage\":{\"@id\":\"https:\\\/\\\/www.cheminsdereves.fr\\\/index.php\\\/produit\\\/personnages-preiser-ho-14404-26-passagers-assis\\\/#primaryimage\"},\"image\":{\"@id\":\"https:\\\/\\\/www.cheminsdereves.fr\\\/index.php\\\/produit\\\/personnages-preiser-ho-14404-26-passagers-assis\\\/#primaryimage\"},\"thumbnailUrl\":\"https:\\\/\\\/www.cheminsdereves.fr\\\/wp-content\\\/uploads\\\/2024\\\/06\\\/Preiser-14404-1-rotated.jpg\",\"datePublished\":\"2024-05-12T08:04:04+00:00\",\"dateModified\":\"2024-09-16T07:10:24+00:00\",\"description\":\"2- figurines assises avec un chauffeur\",\"breadcrumb\":{\"@id\":\"https:\\\/\\\/www.cheminsdereves.fr\\\/index.php\\\/produit\\\/personnages-preiser-ho-14404-26-passagers-assis\\\/#breadcrumb\"},\"inLanguage\":\"fr-FR\",\"potentialAction\":[{\"@type\":\"ReadAction\",\"target\":[\"https:\\\/\\\/www.cheminsdereves.fr\\\/index.php\\\/produit\\\/personnages-preiser-ho-14404-26-passagers-assis\\\/\"]}]},{\"@type\":\"ImageObject\",\"inLanguage\":\"fr-FR\",\"@id\":\"https:\\\/\\\/www.cheminsdereves.fr\\\/index.php\\\/produit\\\/personnages-preiser-ho-14404-26-passagers-assis\\\/#primaryimage\",\"url\":\"https:\\\/\\\/www.cheminsdereves.fr\\\/wp-content\\\/uploads\\\/2024\\\/06\\\/Preiser-14404-1-rotated.jpg\",\"contentUrl\":\"https:\\\/\\\/www.cheminsdereves.fr\\\/wp-content\\\/uploads\\\/2024\\\/06\\\/Preiser-14404-1-rotated.jpg\",\"width\":240,\"height\":320},{\"@type\":\"BreadcrumbList\",\"@id\":\"https:\\\/\\\/www.cheminsdereves.fr\\\/index.php\\\/produit\\\/personnages-preiser-ho-14404-26-passagers-assis\\\/#breadcrumb\",\"itemListElement\":[{\"@type\":\"ListItem\",\"position\":1,\"name\":\"Accueil\",\"item\":\"https:\\\/\\\/www.cheminsdereves.fr\\\/\"},{\"@type\":\"ListItem\",\"position\":2,\"name\":\"Boutique\",\"item\":\"https:\\\/\\\/www.cheminsdereves.fr\\\/index.php\\\/boutique-articles-modelisme-ferroviaire\\\/\"},{\"@type\":\"ListItem\",\"position\":3,\"name\":\"Personnages Preiser HO 14404 26 passagers assis\"}]},{\"@type\":\"WebSite\",\"@id\":\"https:\\\/\\\/www.cheminsdereves.fr\\\/#website\",\"url\":\"https:\\\/\\\/www.cheminsdereves.fr\\\/\",\"name\":\"Chemins de R\u00eaves\",\"description\":\"Un site consacr\u00e9 au mod\u00e9lisme ferroviaire\",\"publisher\":{\"@id\":\"https:\\\/\\\/www.cheminsdereves.fr\\\/#organization\"},\"potentialAction\":[{\"@type\":\"SearchAction\",\"target\":{\"@type\":\"EntryPoint\",\"urlTemplate\":\"https:\\\/\\\/www.cheminsdereves.fr\\\/?s={search_term_string}\"},\"query-input\":{\"@type\":\"PropertyValueSpecification\",\"valueRequired\":true,\"valueName\":\"search_term_string\"}}],\"inLanguage\":\"fr-FR\"},{\"@type\":\"Organization\",\"@id\":\"https:\\\/\\\/www.cheminsdereves.fr\\\/#organization\",\"name\":\"Chemins de R\u00eaves\",\"url\":\"https:\\\/\\\/www.cheminsdereves.fr\\\/\",\"logo\":{\"@type\":\"ImageObject\",\"inLanguage\":\"fr-FR\",\"@id\":\"https:\\\/\\\/www.cheminsdereves.fr\\\/#\\\/schema\\\/logo\\\/image\\\/\",\"url\":\"https:\\\/\\\/www.cheminsdereves.fr\\\/wp-content\\\/uploads\\\/2023\\\/05\\\/LogoBandeau.png\",\"contentUrl\":\"https:\\\/\\\/www.cheminsdereves.fr\\\/wp-content\\\/uploads\\\/2023\\\/05\\\/LogoBandeau.png\",\"width\":4871,\"height\":1000,\"caption\":\"Chemins de R\u00eaves\"},\"image\":{\"@id\":\"https:\\\/\\\/www.cheminsdereves.fr\\\/#\\\/schema\\\/logo\\\/image\\\/\"}}]}<\/script>\n<!-- \/ Yoast SEO plugin. -->","yoast_head_json":{"title":"Personnages Preiser HO 14404 26 passagers assis - Chemins de R\u00eaves","description":"2- figurines assises avec un chauffeur","robots":{"index":"index","follow":"follow","max-snippet":"max-snippet:-1","max-image-preview":"max-image-preview:large","max-video-preview":"max-video-preview:-1"},"canonical":"https:\/\/www.cheminsdereves.fr\/index.php\/produit\/personnages-preiser-ho-14404-26-passagers-assis\/","og_locale":"fr_FR","og_type":"article","og_title":"Personnages Preiser HO 14404 26 passagers assis - Chemins de R\u00eaves","og_description":"2- figurines assises avec un chauffeur","og_url":"https:\/\/www.cheminsdereves.fr\/index.php\/produit\/personnages-preiser-ho-14404-26-passagers-assis\/","og_site_name":"Chemins de R\u00eaves","article_modified_time":"2024-09-16T07:10:24+00:00","og_image":[{"width":240,"height":320,"url":"https:\/\/www.cheminsdereves.fr\/wp-content\/uploads\/2024\/06\/Preiser-14404-1-rotated.jpg","type":"image\/jpeg"}],"twitter_card":"summary_large_image","twitter_misc":{"Dur\u00e9e de lecture estim\u00e9e":"1 minute"},"schema":{"@context":"https:\/\/schema.org","@graph":[{"@type":"WebPage","@id":"https:\/\/www.cheminsdereves.fr\/index.php\/produit\/personnages-preiser-ho-14404-26-passagers-assis\/","url":"https:\/\/www.cheminsdereves.fr\/index.php\/produit\/personnages-preiser-ho-14404-26-passagers-assis\/","name":"Personnages Preiser HO 14404 26 passagers assis - Chemins de R\u00eaves","isPartOf":{"@id":"https:\/\/www.cheminsdereves.fr\/#website"},"primaryImageOfPage":{"@id":"https:\/\/www.cheminsdereves.fr\/index.php\/produit\/personnages-preiser-ho-14404-26-passagers-assis\/#primaryimage"},"image":{"@id":"https:\/\/www.cheminsdereves.fr\/index.php\/produit\/personnages-preiser-ho-14404-26-passagers-assis\/#primaryimage"},"thumbnailUrl":"https:\/\/www.cheminsdereves.fr\/wp-content\/uploads\/2024\/06\/Preiser-14404-1-rotated.jpg","datePublished":"2024-05-12T08:04:04+00:00","dateModified":"2024-09-16T07:10:24+00:00","description":"2- figurines assises avec un chauffeur","breadcrumb":{"@id":"https:\/\/www.cheminsdereves.fr\/index.php\/produit\/personnages-preiser-ho-14404-26-passagers-assis\/#breadcrumb"},"inLanguage":"fr-FR","potentialAction":[{"@type":"ReadAction","target":["https:\/\/www.cheminsdereves.fr\/index.php\/produit\/personnages-preiser-ho-14404-26-passagers-assis\/"]}]},{"@type":"ImageObject","inLanguage":"fr-FR","@id":"https:\/\/www.cheminsdereves.fr\/index.php\/produit\/personnages-preiser-ho-14404-26-passagers-assis\/#primaryimage","url":"https:\/\/www.cheminsdereves.fr\/wp-content\/uploads\/2024\/06\/Preiser-14404-1-rotated.jpg","contentUrl":"https:\/\/www.cheminsdereves.fr\/wp-content\/uploads\/2024\/06\/Preiser-14404-1-rotated.jpg","width":240,"height":320},{"@type":"BreadcrumbList","@id":"https:\/\/www.cheminsdereves.fr\/index.php\/produit\/personnages-preiser-ho-14404-26-passagers-assis\/#breadcrumb","itemListElement":[{"@type":"ListItem","position":1,"name":"Accueil","item":"https:\/\/www.cheminsdereves.fr\/"},{"@type":"ListItem","position":2,"name":"Boutique","item":"https:\/\/www.cheminsdereves.fr\/index.php\/boutique-articles-modelisme-ferroviaire\/"},{"@type":"ListItem","position":3,"name":"Personnages Preiser HO 14404 26 passagers assis"}]},{"@type":"WebSite","@id":"https:\/\/www.cheminsdereves.fr\/#website","url":"https:\/\/www.cheminsdereves.fr\/","name":"Chemins de R\u00eaves","description":"Un site consacr\u00e9 au mod\u00e9lisme ferroviaire","publisher":{"@id":"https:\/\/www.cheminsdereves.fr\/#organization"},"potentialAction":[{"@type":"SearchAction","target":{"@type":"EntryPoint","urlTemplate":"https:\/\/www.cheminsdereves.fr\/?s={search_term_string}"},"query-input":{"@type":"PropertyValueSpecification","valueRequired":true,"valueName":"search_term_string"}}],"inLanguage":"fr-FR"},{"@type":"Organization","@id":"https:\/\/www.cheminsdereves.fr\/#organization","name":"Chemins de R\u00eaves","url":"https:\/\/www.cheminsdereves.fr\/","logo":{"@type":"ImageObject","inLanguage":"fr-FR","@id":"https:\/\/www.cheminsdereves.fr\/#\/schema\/logo\/image\/","url":"https:\/\/www.cheminsdereves.fr\/wp-content\/uploads\/2023\/05\/LogoBandeau.png","contentUrl":"https:\/\/www.cheminsdereves.fr\/wp-content\/uploads\/2023\/05\/LogoBandeau.png","width":4871,"height":1000,"caption":"Chemins de R\u00eaves"},"image":{"@id":"https:\/\/www.cheminsdereves.fr\/#\/schema\/logo\/image\/"}}]}},"_links":{"self":[{"href":"https:\/\/www.cheminsdereves.fr\/index.php\/wp-json\/wp\/v2\/product\/4730","targetHints":{"allow":["GET"]}}],"collection":[{"href":"https:\/\/www.cheminsdereves.fr\/index.php\/wp-json\/wp\/v2\/product"}],"about":[{"href":"https:\/\/www.cheminsdereves.fr\/index.php\/wp-json\/wp\/v2\/types\/product"}],"replies":[{"embeddable":true,"href":"https:\/\/www.cheminsdereves.fr\/index.php\/wp-json\/wp\/v2\/comments?post=4730"}],"wp:featuredmedia":[{"embeddable":true,"href":"https:\/\/www.cheminsdereves.fr\/index.php\/wp-json\/wp\/v2\/media\/9555"}],"wp:attachment":[{"href":"https:\/\/www.cheminsdereves.fr\/index.php\/wp-json\/wp\/v2\/media?parent=4730"}],"wp:term":[{"taxonomy":"product_brand","embeddable":true,"href":"https:\/\/www.cheminsdereves.fr\/index.php\/wp-json\/wp\/v2\/product_brand?post=4730"},{"taxonomy":"product_cat","embeddable":true,"href":"https:\/\/www.cheminsdereves.fr\/index.php\/wp-json\/wp\/v2\/product_cat?post=4730"},{"taxonomy":"product_tag","embeddable":true,"href":"https:\/\/www.cheminsdereves.fr\/index.php\/wp-json\/wp\/v2\/product_tag?post=4730"}],"curies":[{"name":"wp","href":"https:\/\/api.w.org\/{rel}","templated":true}]}}