{"id":9240,"date":"2024-06-13T16:52:03","date_gmt":"2024-06-13T14:52:03","guid":{"rendered":"https:\/\/www.cheminsdereves.fr\/?post_type=product&#038;p=9240"},"modified":"2024-09-15T09:56:45","modified_gmt":"2024-09-15T07:56:45","slug":"pont-simple-voie-voutes-en-brique","status":"publish","type":"product","link":"https:\/\/www.cheminsdereves.fr\/index.php\/produit\/pont-simple-voie-voutes-en-brique\/","title":{"rendered":"Pont bas simple voie &#8211; Vo\u00fbtes en brique"},"content":{"rendered":"<p>Les ponts sont tr\u00e8s fr\u00e9quents dans\u00a0 notre environnement, au del\u00e0 du contexte ferroviaire. Ils participent \u00e0 donner du volume et de l&rsquo;ampleur \u00e0 nos r\u00e9alisations.<\/p>\n<p>Cet article permet de r\u00e9aliser un pont simple voie ou voie unique. La largeur de la plateforme de circulation est de 72 mm. La largeur totale du pont est de 76 mm. Il pr\u00e9sente l&rsquo;originalit\u00e9 de vo\u00fbtes en briques sous la plateforme de circulation. Trois longueurs sont disponibles : 115 mm (5 vo\u00fbtes inf\u00e9rieures), 135 mm (6 vo\u00fbtes inf\u00e9rieures) et 155 mm (7 vo\u00fbtes inf\u00e9rieures).<\/p>\n<p>Les photos repr\u00e9sentent le mod\u00e8le \u00e0 6 vo\u00fbtes.<\/p>\n<p>Il est principalement r\u00e9alis\u00e9 en carton bois de 1.5 mm dont le maillage imbriqu\u00e9 assure une parfaite r\u00e9sistance. Des encoches et des ergots pr\u00e9d\u00e9coup\u00e9s assurent la facilit\u00e9 de montage et la pr\u00e9cision des ajustements. Le carton imitant les briques sera l\u00e9g\u00e8rement humect\u00e9 avant mise en forme et collage. Un habillage des flancs en carton de 0.75 mm vient masquer les ergots d&rsquo;ajustages. Le montage ne requiert qu&rsquo;un cutter, un r\u00e9glet et de la colle blanche.<\/p>\n<p>Nous vous conseillons de lire <strong>cette page<\/strong> d\u00e9crivant le montage, la d\u00e9coration et la mise en \u0153uvre de ce produit.<\/p>\n<p>Le kit ne contient que les trois sets permettant de construire le pont. Il sera compl\u00e9t\u00e9 avec profit avec des barri\u00e8res m\u00e9talliques (non fournies dans le set) ou \u00e9ventuellement des barri\u00e8res b\u00e9ton (disponibles <strong>ici<\/strong>). Ce pont peut ainsi \u00eatre utilis\u00e9 \u00e0 votre guise pour y installer une plateforme de circulation : une voie ferr\u00e9e, un chemin ou une route.<\/p>\n<p><strong>Produit con\u00e7u, prototyp\u00e9, industrialis\u00e9 et fabriqu\u00e9 en France<\/strong><\/p>\n","protected":false},"excerpt":{"rendered":"<p>Les ponts sont tr\u00e8s fr\u00e9quents dans\u00a0 notre environnement, au del\u00e0 du contexte ferroviaire. Ils participent \u00e0 donner du volume et de l&rsquo;ampleur \u00e0 nos r\u00e9alisations. Cet article permet de r\u00e9aliser un pont simple voie ou voie unique. La largeur de la plateforme de circulation est de 72 mm. La largeur totale du pont est de [&hellip;]<\/p>\n","protected":false},"featured_media":9985,"comment_status":"open","ping_status":"closed","template":"","meta":{"ocean_post_layout":"","ocean_both_sidebars_style":"","ocean_both_sidebars_content_width":0,"ocean_both_sidebars_sidebars_width":0,"ocean_sidebar":"0","ocean_second_sidebar":"0","ocean_disable_margins":"enable","ocean_add_body_class":"","ocean_shortcode_before_top_bar":"","ocean_shortcode_after_top_bar":"","ocean_shortcode_before_header":"","ocean_shortcode_after_header":"","ocean_has_shortcode":"","ocean_shortcode_after_title":"","ocean_shortcode_before_footer_widgets":"","ocean_shortcode_after_footer_widgets":"","ocean_shortcode_before_footer_bottom":"","ocean_shortcode_after_footer_bottom":"","ocean_display_top_bar":"default","ocean_display_header":"default","ocean_header_style":"","ocean_center_header_left_menu":"0","ocean_custom_header_template":"0","ocean_custom_logo":0,"ocean_custom_retina_logo":0,"ocean_custom_logo_max_width":0,"ocean_custom_logo_tablet_max_width":0,"ocean_custom_logo_mobile_max_width":0,"ocean_custom_logo_max_height":0,"ocean_custom_logo_tablet_max_height":0,"ocean_custom_logo_mobile_max_height":0,"ocean_header_custom_menu":"0","ocean_menu_typo_font_family":"0","ocean_menu_typo_font_subset":"","ocean_menu_typo_font_size":0,"ocean_menu_typo_font_size_tablet":0,"ocean_menu_typo_font_size_mobile":0,"ocean_menu_typo_font_size_unit":"px","ocean_menu_typo_font_weight":"","ocean_menu_typo_font_weight_tablet":"","ocean_menu_typo_font_weight_mobile":"","ocean_menu_typo_transform":"","ocean_menu_typo_transform_tablet":"","ocean_menu_typo_transform_mobile":"","ocean_menu_typo_line_height":0,"ocean_menu_typo_line_height_tablet":0,"ocean_menu_typo_line_height_mobile":0,"ocean_menu_typo_line_height_unit":"","ocean_menu_typo_spacing":0,"ocean_menu_typo_spacing_tablet":0,"ocean_menu_typo_spacing_mobile":0,"ocean_menu_typo_spacing_unit":"","ocean_menu_link_color":"","ocean_menu_link_color_hover":"","ocean_menu_link_color_active":"","ocean_menu_link_background":"","ocean_menu_link_hover_background":"","ocean_menu_link_active_background":"","ocean_menu_social_links_bg":"","ocean_menu_social_hover_links_bg":"","ocean_menu_social_links_color":"","ocean_menu_social_hover_links_color":"","ocean_disable_title":"default","ocean_disable_heading":"default","ocean_post_title":"","ocean_post_subheading":"","ocean_post_title_style":"","ocean_post_title_background_color":"","ocean_post_title_background":0,"ocean_post_title_bg_image_position":"","ocean_post_title_bg_image_attachment":"","ocean_post_title_bg_image_repeat":"","ocean_post_title_bg_image_size":"","ocean_post_title_height":0,"ocean_post_title_bg_overlay":0.5,"ocean_post_title_bg_overlay_color":"","ocean_disable_breadcrumbs":"default","ocean_breadcrumbs_color":"","ocean_breadcrumbs_separator_color":"","ocean_breadcrumbs_links_color":"","ocean_breadcrumbs_links_hover_color":"","ocean_display_footer_widgets":"default","ocean_display_footer_bottom":"default","ocean_custom_footer_template":"0"},"product_brand":[],"product_cat":[77,69,71],"product_tag":[55,54,56,53],"class_list":{"0":"post-9240","1":"product","2":"type-product","3":"status-publish","4":"has-post-thumbnail","6":"product_cat-fabrique-en-france","7":"product_cat-ouvrages-dart-et-constructions-diverses","8":"product_cat-ponts","9":"product_tag-environnement-ferroviaire-ou-industriel","10":"product_tag-environnement-rural","11":"product_tag-environnement-urbain","12":"product_tag-tout-type-denvironnement","14":"entry","15":"has-media","17":"first","18":"instock","19":"taxable","20":"shipping-taxable","21":"purchasable","22":"product-type-variable","23":"has-product-nav","24":"col","25":"span_1_of_4","26":"owp-content-center","27":"owp-thumbs-layout-horizontal","28":"owp-btn-normal","29":"owp-tabs-layout-horizontal"},"yoast_head":"<!-- This site is optimized with the Yoast SEO plugin v27.3 - https:\/\/yoast.com\/product\/yoast-seo-wordpress\/ -->\n<title>Pont bas simple voie - Vo\u00fbtes en brique - Chemins de R\u00eaves<\/title>\n<meta name=\"description\" content=\"Un kit permettant de construire un pont qui pourra accueillir une plateforme de circulation : voie ferroviaire, route ou chemin.\" \/>\n<meta name=\"robots\" content=\"index, follow, max-snippet:-1, max-image-preview:large, max-video-preview:-1\" \/>\n<link rel=\"canonical\" href=\"https:\/\/www.cheminsdereves.fr\/index.php\/produit\/pont-simple-voie-voutes-en-brique\/\" \/>\n<meta property=\"og:locale\" content=\"fr_FR\" \/>\n<meta property=\"og:type\" content=\"article\" \/>\n<meta property=\"og:title\" content=\"Pont bas simple voie - Vo\u00fbtes en brique - Chemins de R\u00eaves\" \/>\n<meta property=\"og:description\" content=\"Un kit permettant de construire un pont qui pourra accueillir une plateforme de circulation : voie ferroviaire, route ou chemin.\" \/>\n<meta property=\"og:url\" content=\"https:\/\/www.cheminsdereves.fr\/index.php\/produit\/pont-simple-voie-voutes-en-brique\/\" \/>\n<meta property=\"og:site_name\" content=\"Chemins de R\u00eaves\" \/>\n<meta property=\"article:modified_time\" content=\"2024-09-15T07:56:45+00:00\" \/>\n<meta property=\"og:image\" content=\"https:\/\/www.cheminsdereves.fr\/wp-content\/uploads\/2024\/06\/Photo-complete-pour-pont-bas-6-voutes.jpg\" \/>\n\t<meta property=\"og:image:width\" content=\"240\" \/>\n\t<meta property=\"og:image:height\" content=\"320\" \/>\n\t<meta property=\"og:image:type\" content=\"image\/jpeg\" \/>\n<meta name=\"twitter:card\" content=\"summary_large_image\" \/>\n<meta name=\"twitter:label1\" content=\"Dur\u00e9e de lecture estim\u00e9e\" \/>\n\t<meta name=\"twitter:data1\" content=\"2 minutes\" \/>\n<script type=\"application\/ld+json\" class=\"yoast-schema-graph\">{\"@context\":\"https:\\\/\\\/schema.org\",\"@graph\":[{\"@type\":\"WebPage\",\"@id\":\"https:\\\/\\\/www.cheminsdereves.fr\\\/index.php\\\/produit\\\/pont-simple-voie-voutes-en-brique\\\/\",\"url\":\"https:\\\/\\\/www.cheminsdereves.fr\\\/index.php\\\/produit\\\/pont-simple-voie-voutes-en-brique\\\/\",\"name\":\"Pont bas simple voie - Vo\u00fbtes en brique - Chemins de R\u00eaves\",\"isPartOf\":{\"@id\":\"https:\\\/\\\/www.cheminsdereves.fr\\\/#website\"},\"primaryImageOfPage\":{\"@id\":\"https:\\\/\\\/www.cheminsdereves.fr\\\/index.php\\\/produit\\\/pont-simple-voie-voutes-en-brique\\\/#primaryimage\"},\"image\":{\"@id\":\"https:\\\/\\\/www.cheminsdereves.fr\\\/index.php\\\/produit\\\/pont-simple-voie-voutes-en-brique\\\/#primaryimage\"},\"thumbnailUrl\":\"https:\\\/\\\/www.cheminsdereves.fr\\\/wp-content\\\/uploads\\\/2024\\\/06\\\/Photo-complete-pour-pont-bas-6-voutes.jpg\",\"datePublished\":\"2024-06-13T14:52:03+00:00\",\"dateModified\":\"2024-09-15T07:56:45+00:00\",\"description\":\"Un kit permettant de construire un pont qui pourra accueillir une plateforme de circulation : voie ferroviaire, route ou chemin.\",\"breadcrumb\":{\"@id\":\"https:\\\/\\\/www.cheminsdereves.fr\\\/index.php\\\/produit\\\/pont-simple-voie-voutes-en-brique\\\/#breadcrumb\"},\"inLanguage\":\"fr-FR\",\"potentialAction\":[{\"@type\":\"ReadAction\",\"target\":[\"https:\\\/\\\/www.cheminsdereves.fr\\\/index.php\\\/produit\\\/pont-simple-voie-voutes-en-brique\\\/\"]}]},{\"@type\":\"ImageObject\",\"inLanguage\":\"fr-FR\",\"@id\":\"https:\\\/\\\/www.cheminsdereves.fr\\\/index.php\\\/produit\\\/pont-simple-voie-voutes-en-brique\\\/#primaryimage\",\"url\":\"https:\\\/\\\/www.cheminsdereves.fr\\\/wp-content\\\/uploads\\\/2024\\\/06\\\/Photo-complete-pour-pont-bas-6-voutes.jpg\",\"contentUrl\":\"https:\\\/\\\/www.cheminsdereves.fr\\\/wp-content\\\/uploads\\\/2024\\\/06\\\/Photo-complete-pour-pont-bas-6-voutes.jpg\",\"width\":240,\"height\":320},{\"@type\":\"BreadcrumbList\",\"@id\":\"https:\\\/\\\/www.cheminsdereves.fr\\\/index.php\\\/produit\\\/pont-simple-voie-voutes-en-brique\\\/#breadcrumb\",\"itemListElement\":[{\"@type\":\"ListItem\",\"position\":1,\"name\":\"Accueil\",\"item\":\"https:\\\/\\\/www.cheminsdereves.fr\\\/\"},{\"@type\":\"ListItem\",\"position\":2,\"name\":\"Boutique\",\"item\":\"https:\\\/\\\/www.cheminsdereves.fr\\\/index.php\\\/boutique-articles-modelisme-ferroviaire\\\/\"},{\"@type\":\"ListItem\",\"position\":3,\"name\":\"Pont bas simple voie &#8211; Vo\u00fbtes en brique\"}]},{\"@type\":\"WebSite\",\"@id\":\"https:\\\/\\\/www.cheminsdereves.fr\\\/#website\",\"url\":\"https:\\\/\\\/www.cheminsdereves.fr\\\/\",\"name\":\"Chemins de R\u00eaves\",\"description\":\"Un site consacr\u00e9 au mod\u00e9lisme ferroviaire\",\"publisher\":{\"@id\":\"https:\\\/\\\/www.cheminsdereves.fr\\\/#organization\"},\"potentialAction\":[{\"@type\":\"SearchAction\",\"target\":{\"@type\":\"EntryPoint\",\"urlTemplate\":\"https:\\\/\\\/www.cheminsdereves.fr\\\/?s={search_term_string}\"},\"query-input\":{\"@type\":\"PropertyValueSpecification\",\"valueRequired\":true,\"valueName\":\"search_term_string\"}}],\"inLanguage\":\"fr-FR\"},{\"@type\":\"Organization\",\"@id\":\"https:\\\/\\\/www.cheminsdereves.fr\\\/#organization\",\"name\":\"Chemins de R\u00eaves\",\"url\":\"https:\\\/\\\/www.cheminsdereves.fr\\\/\",\"logo\":{\"@type\":\"ImageObject\",\"inLanguage\":\"fr-FR\",\"@id\":\"https:\\\/\\\/www.cheminsdereves.fr\\\/#\\\/schema\\\/logo\\\/image\\\/\",\"url\":\"https:\\\/\\\/www.cheminsdereves.fr\\\/wp-content\\\/uploads\\\/2023\\\/05\\\/LogoBandeau.png\",\"contentUrl\":\"https:\\\/\\\/www.cheminsdereves.fr\\\/wp-content\\\/uploads\\\/2023\\\/05\\\/LogoBandeau.png\",\"width\":4871,\"height\":1000,\"caption\":\"Chemins de R\u00eaves\"},\"image\":{\"@id\":\"https:\\\/\\\/www.cheminsdereves.fr\\\/#\\\/schema\\\/logo\\\/image\\\/\"}}]}<\/script>\n<!-- \/ Yoast SEO plugin. -->","yoast_head_json":{"title":"Pont bas simple voie - Vo\u00fbtes en brique - Chemins de R\u00eaves","description":"Un kit permettant de construire un pont qui pourra accueillir une plateforme de circulation : voie ferroviaire, route ou chemin.","robots":{"index":"index","follow":"follow","max-snippet":"max-snippet:-1","max-image-preview":"max-image-preview:large","max-video-preview":"max-video-preview:-1"},"canonical":"https:\/\/www.cheminsdereves.fr\/index.php\/produit\/pont-simple-voie-voutes-en-brique\/","og_locale":"fr_FR","og_type":"article","og_title":"Pont bas simple voie - Vo\u00fbtes en brique - Chemins de R\u00eaves","og_description":"Un kit permettant de construire un pont qui pourra accueillir une plateforme de circulation : voie ferroviaire, route ou chemin.","og_url":"https:\/\/www.cheminsdereves.fr\/index.php\/produit\/pont-simple-voie-voutes-en-brique\/","og_site_name":"Chemins de R\u00eaves","article_modified_time":"2024-09-15T07:56:45+00:00","og_image":[{"width":240,"height":320,"url":"https:\/\/www.cheminsdereves.fr\/wp-content\/uploads\/2024\/06\/Photo-complete-pour-pont-bas-6-voutes.jpg","type":"image\/jpeg"}],"twitter_card":"summary_large_image","twitter_misc":{"Dur\u00e9e de lecture estim\u00e9e":"2 minutes"},"schema":{"@context":"https:\/\/schema.org","@graph":[{"@type":"WebPage","@id":"https:\/\/www.cheminsdereves.fr\/index.php\/produit\/pont-simple-voie-voutes-en-brique\/","url":"https:\/\/www.cheminsdereves.fr\/index.php\/produit\/pont-simple-voie-voutes-en-brique\/","name":"Pont bas simple voie - Vo\u00fbtes en brique - Chemins de R\u00eaves","isPartOf":{"@id":"https:\/\/www.cheminsdereves.fr\/#website"},"primaryImageOfPage":{"@id":"https:\/\/www.cheminsdereves.fr\/index.php\/produit\/pont-simple-voie-voutes-en-brique\/#primaryimage"},"image":{"@id":"https:\/\/www.cheminsdereves.fr\/index.php\/produit\/pont-simple-voie-voutes-en-brique\/#primaryimage"},"thumbnailUrl":"https:\/\/www.cheminsdereves.fr\/wp-content\/uploads\/2024\/06\/Photo-complete-pour-pont-bas-6-voutes.jpg","datePublished":"2024-06-13T14:52:03+00:00","dateModified":"2024-09-15T07:56:45+00:00","description":"Un kit permettant de construire un pont qui pourra accueillir une plateforme de circulation : voie ferroviaire, route ou chemin.","breadcrumb":{"@id":"https:\/\/www.cheminsdereves.fr\/index.php\/produit\/pont-simple-voie-voutes-en-brique\/#breadcrumb"},"inLanguage":"fr-FR","potentialAction":[{"@type":"ReadAction","target":["https:\/\/www.cheminsdereves.fr\/index.php\/produit\/pont-simple-voie-voutes-en-brique\/"]}]},{"@type":"ImageObject","inLanguage":"fr-FR","@id":"https:\/\/www.cheminsdereves.fr\/index.php\/produit\/pont-simple-voie-voutes-en-brique\/#primaryimage","url":"https:\/\/www.cheminsdereves.fr\/wp-content\/uploads\/2024\/06\/Photo-complete-pour-pont-bas-6-voutes.jpg","contentUrl":"https:\/\/www.cheminsdereves.fr\/wp-content\/uploads\/2024\/06\/Photo-complete-pour-pont-bas-6-voutes.jpg","width":240,"height":320},{"@type":"BreadcrumbList","@id":"https:\/\/www.cheminsdereves.fr\/index.php\/produit\/pont-simple-voie-voutes-en-brique\/#breadcrumb","itemListElement":[{"@type":"ListItem","position":1,"name":"Accueil","item":"https:\/\/www.cheminsdereves.fr\/"},{"@type":"ListItem","position":2,"name":"Boutique","item":"https:\/\/www.cheminsdereves.fr\/index.php\/boutique-articles-modelisme-ferroviaire\/"},{"@type":"ListItem","position":3,"name":"Pont bas simple voie &#8211; Vo\u00fbtes en brique"}]},{"@type":"WebSite","@id":"https:\/\/www.cheminsdereves.fr\/#website","url":"https:\/\/www.cheminsdereves.fr\/","name":"Chemins de R\u00eaves","description":"Un site consacr\u00e9 au mod\u00e9lisme ferroviaire","publisher":{"@id":"https:\/\/www.cheminsdereves.fr\/#organization"},"potentialAction":[{"@type":"SearchAction","target":{"@type":"EntryPoint","urlTemplate":"https:\/\/www.cheminsdereves.fr\/?s={search_term_string}"},"query-input":{"@type":"PropertyValueSpecification","valueRequired":true,"valueName":"search_term_string"}}],"inLanguage":"fr-FR"},{"@type":"Organization","@id":"https:\/\/www.cheminsdereves.fr\/#organization","name":"Chemins de R\u00eaves","url":"https:\/\/www.cheminsdereves.fr\/","logo":{"@type":"ImageObject","inLanguage":"fr-FR","@id":"https:\/\/www.cheminsdereves.fr\/#\/schema\/logo\/image\/","url":"https:\/\/www.cheminsdereves.fr\/wp-content\/uploads\/2023\/05\/LogoBandeau.png","contentUrl":"https:\/\/www.cheminsdereves.fr\/wp-content\/uploads\/2023\/05\/LogoBandeau.png","width":4871,"height":1000,"caption":"Chemins de R\u00eaves"},"image":{"@id":"https:\/\/www.cheminsdereves.fr\/#\/schema\/logo\/image\/"}}]}},"_links":{"self":[{"href":"https:\/\/www.cheminsdereves.fr\/index.php\/wp-json\/wp\/v2\/product\/9240","targetHints":{"allow":["GET"]}}],"collection":[{"href":"https:\/\/www.cheminsdereves.fr\/index.php\/wp-json\/wp\/v2\/product"}],"about":[{"href":"https:\/\/www.cheminsdereves.fr\/index.php\/wp-json\/wp\/v2\/types\/product"}],"replies":[{"embeddable":true,"href":"https:\/\/www.cheminsdereves.fr\/index.php\/wp-json\/wp\/v2\/comments?post=9240"}],"wp:featuredmedia":[{"embeddable":true,"href":"https:\/\/www.cheminsdereves.fr\/index.php\/wp-json\/wp\/v2\/media\/9985"}],"wp:attachment":[{"href":"https:\/\/www.cheminsdereves.fr\/index.php\/wp-json\/wp\/v2\/media?parent=9240"}],"wp:term":[{"taxonomy":"product_brand","embeddable":true,"href":"https:\/\/www.cheminsdereves.fr\/index.php\/wp-json\/wp\/v2\/product_brand?post=9240"},{"taxonomy":"product_cat","embeddable":true,"href":"https:\/\/www.cheminsdereves.fr\/index.php\/wp-json\/wp\/v2\/product_cat?post=9240"},{"taxonomy":"product_tag","embeddable":true,"href":"https:\/\/www.cheminsdereves.fr\/index.php\/wp-json\/wp\/v2\/product_tag?post=9240"}],"curies":[{"name":"wp","href":"https:\/\/api.w.org\/{rel}","templated":true}]}}