{"id":9262,"date":"2024-05-22T16:20:57","date_gmt":"2024-05-22T14:20:57","guid":{"rendered":"https:\/\/www.cheminsdereves.fr\/?post_type=product&#038;p=9262"},"modified":"2024-09-16T09:13:57","modified_gmt":"2024-09-16T07:13:57","slug":"deux-culees-de-pont-simple-en-moellons","status":"publish","type":"product","link":"https:\/\/www.cheminsdereves.fr\/index.php\/produit\/deux-culees-de-pont-simple-en-moellons\/","title":{"rendered":"Deux cul\u00e9es de pont simple voie en moellons"},"content":{"rendered":"<p>Cet article permet de fabriquer deux cul\u00e9es de pont \u00e0 une voie et contient deux planches de carton de 0.75 mm pour les moellons et deux planches de 1 mm pour les pierres de parement (un seul set est en photo). Les diff\u00e9rents \u00e9l\u00e9ments sont pr\u00e9d\u00e9coup\u00e9s et permettent un ajustement sans retouche.<\/p>\n<p>Les \u00e9l\u00e9ments sont pr\u00e9vus pour \u00eatre coll\u00e9s sur du carton de 3 mm (carton non fourni).<\/p>\n<p>Ces cul\u00e9es s&rsquo;adaptent parfaitement \u00e0 <strong>nos diff\u00e9rents types de ponts<\/strong>.<\/p>\n<p>Pour le montage, la d\u00e9coration et la mise en \u0153uvre de cet article, vous pouvez consulter <strong>cette page<\/strong>.<\/p>\n<p>La largeur totale de la cul\u00e9e est de 87 mm. La largeur de la plateforme de circulation est de 76.5 mm.<\/p>\n<p>La profondeur est de 43 mm.<\/p>\n<p>La hauteur totale est de 106 mm. La plateforme de circulation se situe \u00e0 91.5 mm de la base. Bien entendu, la hauteur de ces cul\u00e9es peut \u00eatre adapt\u00e9e par d\u00e9coupe.<\/p>\n<p><strong>Produit con\u00e7u, prototyp\u00e9, industrialis\u00e9 et produit en France<\/strong><\/p>\n<p>&nbsp;<\/p>\n","protected":false},"excerpt":{"rendered":"<p>Cet article permet de fabriquer deux cul\u00e9es de pont \u00e0 une voie et contient deux planches de carton de 0.75 mm pour les moellons et deux planches de 1 mm pour les pierres de parement (un seul set est en photo). Les diff\u00e9rents \u00e9l\u00e9ments sont pr\u00e9d\u00e9coup\u00e9s et permettent un ajustement sans retouche. Les \u00e9l\u00e9ments sont [&hellip;]<\/p>\n","protected":false},"featured_media":10733,"comment_status":"open","ping_status":"closed","template":"","meta":{"ocean_post_layout":"","ocean_both_sidebars_style":"","ocean_both_sidebars_content_width":0,"ocean_both_sidebars_sidebars_width":0,"ocean_sidebar":"0","ocean_second_sidebar":"0","ocean_disable_margins":"enable","ocean_add_body_class":"","ocean_shortcode_before_top_bar":"","ocean_shortcode_after_top_bar":"","ocean_shortcode_before_header":"","ocean_shortcode_after_header":"","ocean_has_shortcode":"","ocean_shortcode_after_title":"","ocean_shortcode_before_footer_widgets":"","ocean_shortcode_after_footer_widgets":"","ocean_shortcode_before_footer_bottom":"","ocean_shortcode_after_footer_bottom":"","ocean_display_top_bar":"default","ocean_display_header":"default","ocean_header_style":"","ocean_center_header_left_menu":"0","ocean_custom_header_template":"0","ocean_custom_logo":0,"ocean_custom_retina_logo":0,"ocean_custom_logo_max_width":0,"ocean_custom_logo_tablet_max_width":0,"ocean_custom_logo_mobile_max_width":0,"ocean_custom_logo_max_height":0,"ocean_custom_logo_tablet_max_height":0,"ocean_custom_logo_mobile_max_height":0,"ocean_header_custom_menu":"0","ocean_menu_typo_font_family":"0","ocean_menu_typo_font_subset":"","ocean_menu_typo_font_size":0,"ocean_menu_typo_font_size_tablet":0,"ocean_menu_typo_font_size_mobile":0,"ocean_menu_typo_font_size_unit":"px","ocean_menu_typo_font_weight":"","ocean_menu_typo_font_weight_tablet":"","ocean_menu_typo_font_weight_mobile":"","ocean_menu_typo_transform":"","ocean_menu_typo_transform_tablet":"","ocean_menu_typo_transform_mobile":"","ocean_menu_typo_line_height":0,"ocean_menu_typo_line_height_tablet":0,"ocean_menu_typo_line_height_mobile":0,"ocean_menu_typo_line_height_unit":"","ocean_menu_typo_spacing":0,"ocean_menu_typo_spacing_tablet":0,"ocean_menu_typo_spacing_mobile":0,"ocean_menu_typo_spacing_unit":"","ocean_menu_link_color":"","ocean_menu_link_color_hover":"","ocean_menu_link_color_active":"","ocean_menu_link_background":"","ocean_menu_link_hover_background":"","ocean_menu_link_active_background":"","ocean_menu_social_links_bg":"","ocean_menu_social_hover_links_bg":"","ocean_menu_social_links_color":"","ocean_menu_social_hover_links_color":"","ocean_disable_title":"default","ocean_disable_heading":"default","ocean_post_title":"","ocean_post_subheading":"","ocean_post_title_style":"","ocean_post_title_background_color":"","ocean_post_title_background":0,"ocean_post_title_bg_image_position":"","ocean_post_title_bg_image_attachment":"","ocean_post_title_bg_image_repeat":"","ocean_post_title_bg_image_size":"","ocean_post_title_height":0,"ocean_post_title_bg_overlay":0.5,"ocean_post_title_bg_overlay_color":"","ocean_disable_breadcrumbs":"default","ocean_breadcrumbs_color":"","ocean_breadcrumbs_separator_color":"","ocean_breadcrumbs_links_color":"","ocean_breadcrumbs_links_hover_color":"","ocean_display_footer_widgets":"default","ocean_display_footer_bottom":"default","ocean_custom_footer_template":"0"},"product_brand":[],"product_cat":[70,77,69],"product_tag":[55,54,56,53],"class_list":{"0":"post-9262","1":"product","2":"type-product","3":"status-publish","4":"has-post-thumbnail","6":"product_cat-culees-de-ponts","7":"product_cat-fabrique-en-france","8":"product_cat-ouvrages-dart-et-constructions-diverses","9":"product_tag-environnement-ferroviaire-ou-industriel","10":"product_tag-environnement-rural","11":"product_tag-environnement-urbain","12":"product_tag-tout-type-denvironnement","14":"entry","15":"has-media","17":"first","18":"instock","19":"sale","20":"taxable","21":"shipping-taxable","22":"purchasable","23":"product-type-simple","24":"has-product-nav","25":"col","26":"span_1_of_4","27":"owp-content-center","28":"owp-thumbs-layout-horizontal","29":"owp-btn-normal","30":"owp-tabs-layout-horizontal"},"yoast_head":"<!-- This site is optimized with the Yoast SEO plugin v27.3 - https:\/\/yoast.com\/product\/yoast-seo-wordpress\/ -->\n<title>Deux cul\u00e9es de pont simple voie en moellons - Chemins de R\u00eaves<\/title>\n<meta name=\"description\" content=\"Deux cul\u00e9es de pont en carton finement grav\u00e9 et d\u00e9coup\u00e9 au laser pour vos projets de mod\u00e9lisme ferroviaire ou autres\" \/>\n<meta name=\"robots\" content=\"index, follow, max-snippet:-1, max-image-preview:large, max-video-preview:-1\" \/>\n<link rel=\"canonical\" href=\"https:\/\/www.cheminsdereves.fr\/index.php\/produit\/deux-culees-de-pont-simple-en-moellons\/\" \/>\n<meta property=\"og:locale\" content=\"fr_FR\" \/>\n<meta property=\"og:type\" content=\"article\" \/>\n<meta property=\"og:title\" content=\"Deux cul\u00e9es de pont simple voie en moellons - Chemins de R\u00eaves\" \/>\n<meta property=\"og:description\" content=\"Deux cul\u00e9es de pont en carton finement grav\u00e9 et d\u00e9coup\u00e9 au laser pour vos projets de mod\u00e9lisme ferroviaire ou autres\" \/>\n<meta property=\"og:url\" content=\"https:\/\/www.cheminsdereves.fr\/index.php\/produit\/deux-culees-de-pont-simple-en-moellons\/\" \/>\n<meta property=\"og:site_name\" content=\"Chemins de R\u00eaves\" \/>\n<meta property=\"article:modified_time\" content=\"2024-09-16T07:13:57+00:00\" \/>\n<meta property=\"og:image\" content=\"https:\/\/www.cheminsdereves.fr\/wp-content\/uploads\/2024\/06\/culee-simple-moellons.jpg\" \/>\n\t<meta property=\"og:image:width\" content=\"320\" \/>\n\t<meta property=\"og:image:height\" content=\"240\" \/>\n\t<meta property=\"og:image:type\" content=\"image\/jpeg\" \/>\n<meta name=\"twitter:card\" content=\"summary_large_image\" \/>\n<meta name=\"twitter:label1\" content=\"Dur\u00e9e de lecture estim\u00e9e\" \/>\n\t<meta name=\"twitter:data1\" content=\"2 minutes\" \/>\n<script type=\"application\/ld+json\" class=\"yoast-schema-graph\">{\"@context\":\"https:\\\/\\\/schema.org\",\"@graph\":[{\"@type\":\"WebPage\",\"@id\":\"https:\\\/\\\/www.cheminsdereves.fr\\\/index.php\\\/produit\\\/deux-culees-de-pont-simple-en-moellons\\\/\",\"url\":\"https:\\\/\\\/www.cheminsdereves.fr\\\/index.php\\\/produit\\\/deux-culees-de-pont-simple-en-moellons\\\/\",\"name\":\"Deux cul\u00e9es de pont simple voie en moellons - Chemins de R\u00eaves\",\"isPartOf\":{\"@id\":\"https:\\\/\\\/www.cheminsdereves.fr\\\/#website\"},\"primaryImageOfPage\":{\"@id\":\"https:\\\/\\\/www.cheminsdereves.fr\\\/index.php\\\/produit\\\/deux-culees-de-pont-simple-en-moellons\\\/#primaryimage\"},\"image\":{\"@id\":\"https:\\\/\\\/www.cheminsdereves.fr\\\/index.php\\\/produit\\\/deux-culees-de-pont-simple-en-moellons\\\/#primaryimage\"},\"thumbnailUrl\":\"https:\\\/\\\/www.cheminsdereves.fr\\\/wp-content\\\/uploads\\\/2024\\\/06\\\/culee-simple-moellons.jpg\",\"datePublished\":\"2024-05-22T14:20:57+00:00\",\"dateModified\":\"2024-09-16T07:13:57+00:00\",\"description\":\"Deux cul\u00e9es de pont en carton finement grav\u00e9 et d\u00e9coup\u00e9 au laser pour vos projets de mod\u00e9lisme ferroviaire ou autres\",\"breadcrumb\":{\"@id\":\"https:\\\/\\\/www.cheminsdereves.fr\\\/index.php\\\/produit\\\/deux-culees-de-pont-simple-en-moellons\\\/#breadcrumb\"},\"inLanguage\":\"fr-FR\",\"potentialAction\":[{\"@type\":\"ReadAction\",\"target\":[\"https:\\\/\\\/www.cheminsdereves.fr\\\/index.php\\\/produit\\\/deux-culees-de-pont-simple-en-moellons\\\/\"]}]},{\"@type\":\"ImageObject\",\"inLanguage\":\"fr-FR\",\"@id\":\"https:\\\/\\\/www.cheminsdereves.fr\\\/index.php\\\/produit\\\/deux-culees-de-pont-simple-en-moellons\\\/#primaryimage\",\"url\":\"https:\\\/\\\/www.cheminsdereves.fr\\\/wp-content\\\/uploads\\\/2024\\\/06\\\/culee-simple-moellons.jpg\",\"contentUrl\":\"https:\\\/\\\/www.cheminsdereves.fr\\\/wp-content\\\/uploads\\\/2024\\\/06\\\/culee-simple-moellons.jpg\",\"width\":320,\"height\":240},{\"@type\":\"BreadcrumbList\",\"@id\":\"https:\\\/\\\/www.cheminsdereves.fr\\\/index.php\\\/produit\\\/deux-culees-de-pont-simple-en-moellons\\\/#breadcrumb\",\"itemListElement\":[{\"@type\":\"ListItem\",\"position\":1,\"name\":\"Accueil\",\"item\":\"https:\\\/\\\/www.cheminsdereves.fr\\\/\"},{\"@type\":\"ListItem\",\"position\":2,\"name\":\"Boutique\",\"item\":\"https:\\\/\\\/www.cheminsdereves.fr\\\/index.php\\\/boutique-articles-modelisme-ferroviaire\\\/\"},{\"@type\":\"ListItem\",\"position\":3,\"name\":\"Deux cul\u00e9es de pont simple voie en moellons\"}]},{\"@type\":\"WebSite\",\"@id\":\"https:\\\/\\\/www.cheminsdereves.fr\\\/#website\",\"url\":\"https:\\\/\\\/www.cheminsdereves.fr\\\/\",\"name\":\"Chemins de R\u00eaves\",\"description\":\"Un site consacr\u00e9 au mod\u00e9lisme ferroviaire\",\"publisher\":{\"@id\":\"https:\\\/\\\/www.cheminsdereves.fr\\\/#organization\"},\"potentialAction\":[{\"@type\":\"SearchAction\",\"target\":{\"@type\":\"EntryPoint\",\"urlTemplate\":\"https:\\\/\\\/www.cheminsdereves.fr\\\/?s={search_term_string}\"},\"query-input\":{\"@type\":\"PropertyValueSpecification\",\"valueRequired\":true,\"valueName\":\"search_term_string\"}}],\"inLanguage\":\"fr-FR\"},{\"@type\":\"Organization\",\"@id\":\"https:\\\/\\\/www.cheminsdereves.fr\\\/#organization\",\"name\":\"Chemins de R\u00eaves\",\"url\":\"https:\\\/\\\/www.cheminsdereves.fr\\\/\",\"logo\":{\"@type\":\"ImageObject\",\"inLanguage\":\"fr-FR\",\"@id\":\"https:\\\/\\\/www.cheminsdereves.fr\\\/#\\\/schema\\\/logo\\\/image\\\/\",\"url\":\"https:\\\/\\\/www.cheminsdereves.fr\\\/wp-content\\\/uploads\\\/2023\\\/05\\\/LogoBandeau.png\",\"contentUrl\":\"https:\\\/\\\/www.cheminsdereves.fr\\\/wp-content\\\/uploads\\\/2023\\\/05\\\/LogoBandeau.png\",\"width\":4871,\"height\":1000,\"caption\":\"Chemins de R\u00eaves\"},\"image\":{\"@id\":\"https:\\\/\\\/www.cheminsdereves.fr\\\/#\\\/schema\\\/logo\\\/image\\\/\"}}]}<\/script>\n<!-- \/ Yoast SEO plugin. -->","yoast_head_json":{"title":"Deux cul\u00e9es de pont simple voie en moellons - Chemins de R\u00eaves","description":"Deux cul\u00e9es de pont en carton finement grav\u00e9 et d\u00e9coup\u00e9 au laser pour vos projets de mod\u00e9lisme ferroviaire ou autres","robots":{"index":"index","follow":"follow","max-snippet":"max-snippet:-1","max-image-preview":"max-image-preview:large","max-video-preview":"max-video-preview:-1"},"canonical":"https:\/\/www.cheminsdereves.fr\/index.php\/produit\/deux-culees-de-pont-simple-en-moellons\/","og_locale":"fr_FR","og_type":"article","og_title":"Deux cul\u00e9es de pont simple voie en moellons - Chemins de R\u00eaves","og_description":"Deux cul\u00e9es de pont en carton finement grav\u00e9 et d\u00e9coup\u00e9 au laser pour vos projets de mod\u00e9lisme ferroviaire ou autres","og_url":"https:\/\/www.cheminsdereves.fr\/index.php\/produit\/deux-culees-de-pont-simple-en-moellons\/","og_site_name":"Chemins de R\u00eaves","article_modified_time":"2024-09-16T07:13:57+00:00","og_image":[{"width":320,"height":240,"url":"https:\/\/www.cheminsdereves.fr\/wp-content\/uploads\/2024\/06\/culee-simple-moellons.jpg","type":"image\/jpeg"}],"twitter_card":"summary_large_image","twitter_misc":{"Dur\u00e9e de lecture estim\u00e9e":"2 minutes"},"schema":{"@context":"https:\/\/schema.org","@graph":[{"@type":"WebPage","@id":"https:\/\/www.cheminsdereves.fr\/index.php\/produit\/deux-culees-de-pont-simple-en-moellons\/","url":"https:\/\/www.cheminsdereves.fr\/index.php\/produit\/deux-culees-de-pont-simple-en-moellons\/","name":"Deux cul\u00e9es de pont simple voie en moellons - Chemins de R\u00eaves","isPartOf":{"@id":"https:\/\/www.cheminsdereves.fr\/#website"},"primaryImageOfPage":{"@id":"https:\/\/www.cheminsdereves.fr\/index.php\/produit\/deux-culees-de-pont-simple-en-moellons\/#primaryimage"},"image":{"@id":"https:\/\/www.cheminsdereves.fr\/index.php\/produit\/deux-culees-de-pont-simple-en-moellons\/#primaryimage"},"thumbnailUrl":"https:\/\/www.cheminsdereves.fr\/wp-content\/uploads\/2024\/06\/culee-simple-moellons.jpg","datePublished":"2024-05-22T14:20:57+00:00","dateModified":"2024-09-16T07:13:57+00:00","description":"Deux cul\u00e9es de pont en carton finement grav\u00e9 et d\u00e9coup\u00e9 au laser pour vos projets de mod\u00e9lisme ferroviaire ou autres","breadcrumb":{"@id":"https:\/\/www.cheminsdereves.fr\/index.php\/produit\/deux-culees-de-pont-simple-en-moellons\/#breadcrumb"},"inLanguage":"fr-FR","potentialAction":[{"@type":"ReadAction","target":["https:\/\/www.cheminsdereves.fr\/index.php\/produit\/deux-culees-de-pont-simple-en-moellons\/"]}]},{"@type":"ImageObject","inLanguage":"fr-FR","@id":"https:\/\/www.cheminsdereves.fr\/index.php\/produit\/deux-culees-de-pont-simple-en-moellons\/#primaryimage","url":"https:\/\/www.cheminsdereves.fr\/wp-content\/uploads\/2024\/06\/culee-simple-moellons.jpg","contentUrl":"https:\/\/www.cheminsdereves.fr\/wp-content\/uploads\/2024\/06\/culee-simple-moellons.jpg","width":320,"height":240},{"@type":"BreadcrumbList","@id":"https:\/\/www.cheminsdereves.fr\/index.php\/produit\/deux-culees-de-pont-simple-en-moellons\/#breadcrumb","itemListElement":[{"@type":"ListItem","position":1,"name":"Accueil","item":"https:\/\/www.cheminsdereves.fr\/"},{"@type":"ListItem","position":2,"name":"Boutique","item":"https:\/\/www.cheminsdereves.fr\/index.php\/boutique-articles-modelisme-ferroviaire\/"},{"@type":"ListItem","position":3,"name":"Deux cul\u00e9es de pont simple voie en moellons"}]},{"@type":"WebSite","@id":"https:\/\/www.cheminsdereves.fr\/#website","url":"https:\/\/www.cheminsdereves.fr\/","name":"Chemins de R\u00eaves","description":"Un site consacr\u00e9 au mod\u00e9lisme ferroviaire","publisher":{"@id":"https:\/\/www.cheminsdereves.fr\/#organization"},"potentialAction":[{"@type":"SearchAction","target":{"@type":"EntryPoint","urlTemplate":"https:\/\/www.cheminsdereves.fr\/?s={search_term_string}"},"query-input":{"@type":"PropertyValueSpecification","valueRequired":true,"valueName":"search_term_string"}}],"inLanguage":"fr-FR"},{"@type":"Organization","@id":"https:\/\/www.cheminsdereves.fr\/#organization","name":"Chemins de R\u00eaves","url":"https:\/\/www.cheminsdereves.fr\/","logo":{"@type":"ImageObject","inLanguage":"fr-FR","@id":"https:\/\/www.cheminsdereves.fr\/#\/schema\/logo\/image\/","url":"https:\/\/www.cheminsdereves.fr\/wp-content\/uploads\/2023\/05\/LogoBandeau.png","contentUrl":"https:\/\/www.cheminsdereves.fr\/wp-content\/uploads\/2023\/05\/LogoBandeau.png","width":4871,"height":1000,"caption":"Chemins de R\u00eaves"},"image":{"@id":"https:\/\/www.cheminsdereves.fr\/#\/schema\/logo\/image\/"}}]}},"_links":{"self":[{"href":"https:\/\/www.cheminsdereves.fr\/index.php\/wp-json\/wp\/v2\/product\/9262","targetHints":{"allow":["GET"]}}],"collection":[{"href":"https:\/\/www.cheminsdereves.fr\/index.php\/wp-json\/wp\/v2\/product"}],"about":[{"href":"https:\/\/www.cheminsdereves.fr\/index.php\/wp-json\/wp\/v2\/types\/product"}],"replies":[{"embeddable":true,"href":"https:\/\/www.cheminsdereves.fr\/index.php\/wp-json\/wp\/v2\/comments?post=9262"}],"wp:featuredmedia":[{"embeddable":true,"href":"https:\/\/www.cheminsdereves.fr\/index.php\/wp-json\/wp\/v2\/media\/10733"}],"wp:attachment":[{"href":"https:\/\/www.cheminsdereves.fr\/index.php\/wp-json\/wp\/v2\/media?parent=9262"}],"wp:term":[{"taxonomy":"product_brand","embeddable":true,"href":"https:\/\/www.cheminsdereves.fr\/index.php\/wp-json\/wp\/v2\/product_brand?post=9262"},{"taxonomy":"product_cat","embeddable":true,"href":"https:\/\/www.cheminsdereves.fr\/index.php\/wp-json\/wp\/v2\/product_cat?post=9262"},{"taxonomy":"product_tag","embeddable":true,"href":"https:\/\/www.cheminsdereves.fr\/index.php\/wp-json\/wp\/v2\/product_tag?post=9262"}],"curies":[{"name":"wp","href":"https:\/\/api.w.org\/{rel}","templated":true}]}}